{"id":252935,"date":"2023-02-28T18:12:35","date_gmt":"2023-02-28T16:12:35","guid":{"rendered":"https:\/\/vitaproduct.com\/instrukcije-za-kanalice\/"},"modified":"2025-04-29T15:46:44","modified_gmt":"2025-04-29T13:46:44","slug":"instrukcije-za-kanalice","status":"publish","type":"page","link":"https:\/\/vitaproduct.com\/hr\/instrukcije-za-kanalice\/","title":{"rendered":"Upute za kanalice"},"content":{"rendered":"<p>[et_pb_section fb_built=&#8221;1&#8243; _builder_version=&#8221;4.20.0&#8243; _module_preset=&#8221;default&#8221; custom_margin=&#8221;||0px||false|false&#8221; custom_padding=&#8221;10px||0px||false|false&#8221; locked=&#8221;off&#8221; collapsed=&#8221;off&#8221; global_colors_info=&#8221;{}&#8221;][et_pb_row _builder_version=&#8221;4.19.4&#8243; _module_preset=&#8221;default&#8221; locked=&#8221;off&#8221; global_colors_info=&#8221;{}&#8221;][et_pb_column type=&#8221;4_4&#8243; _builder_version=&#8221;4.19.4&#8243; _module_preset=&#8221;default&#8221; global_colors_info=&#8221;{}&#8221;][et_pb_text _builder_version=&#8221;4.20.0&#8243; _module_preset=&#8221;default&#8221; text_text_color=&#8221;#00569c&#8221; header_font=&#8221;|700||on|||||&#8221; header_text_color=&#8221;#00569c&#8221; header_font_size=&#8221;63px&#8221; header_line_height=&#8221;73px&#8221; text_orientation=&#8221;center&#8221; header_font_size_tablet=&#8221;60px&#8221; header_font_size_phone=&#8221;30px&#8221; header_font_size_last_edited=&#8221;on|phone&#8221; header_line_height_tablet=&#8221;70px&#8221; header_line_height_phone=&#8221;40px&#8221; header_line_height_last_edited=&#8221;on|tablet&#8221; locked=&#8221;off&#8221; global_colors_info=&#8221;{}&#8221;]<\/p>\n<h1>UPUTE za kanalice<\/h1>\n<p>[\/et_pb_text][\/et_pb_column][\/et_pb_row][\/et_pb_section][et_pb_section fb_built=&#8221;1&#8243; _builder_version=&#8221;4.20.2&#8243; _module_preset=&#8221;default&#8221; custom_margin=&#8221;0px||0px||false|false&#8221; custom_padding=&#8221;0px||0px||false|false&#8221; border_color_bottom=&#8221;RGBA(255,255,255,0)&#8221; global_colors_info=&#8221;{}&#8221;][et_pb_row use_custom_gutter=&#8221;on&#8221; gutter_width=&#8221;2&#8243; _builder_version=&#8221;4.20.2&#8243; _module_preset=&#8221;default&#8221; custom_margin=&#8221;0px||0px||false|false&#8221; custom_padding=&#8221;0px||0px||false|false&#8221; global_colors_info=&#8221;{}&#8221;][et_pb_column type=&#8221;4_4&#8243; _builder_version=&#8221;4.20.0&#8243; _module_preset=&#8221;default&#8221; global_colors_info=&#8221;{}&#8221;][et_pb_text content_tablet=&#8221;<\/p>\n<h2>Postavljanje blokova<\/h2>\n<p>Ovaj video obja\u0161njava pravilnu ugradnju na\u0161ih blokova od drvenih vlakana vezanih cementom. Za detaljnije informacije pogledajte priru\u010dnik za instalaciju.<\/p>\n<p>&#8221; content_phone=&#8221;<\/p>\n<h2>Postavljanje blokova<\/h2>\n<p>Ovaj video obja\u0161njava pravilnu ugradnju na\u0161ih blokova od drvenih vlakana vezanih cementom. Za detaljnije informacije pogledajte priru\u010dnik za instalaciju.<\/p>\n<p>&#8221; content_last_edited=&#8221;on|desktop&#8221; _builder_version=&#8221;4.20.2&#8243; _module_preset=&#8221;default&#8221; text_font=&#8221;|300|||||||&#8221; header_line_height=&#8221;1.5em&#8221; header_2_font=&#8221;|||on|||||&#8221; header_2_text_color=&#8221;#00569c&#8221; header_2_font_size=&#8221;20px&#8221; header_2_line_height=&#8221;1.5em&#8221; custom_margin_tablet=&#8221;0px||||false|false&#8221; custom_margin_phone=&#8221;0px||||false|false&#8221; custom_margin_last_edited=&#8221;on|phone&#8221; locked=&#8221;off&#8221; global_colors_info=&#8221;{}&#8221;]<\/p>\n<p data-start=\"35\" data-end=\"370\" class=\"\">Kako napraviti kanale u ISOTEX\u00ae zidovima? Prvo nacrtajte referentne oznake na zidu (nacrtajte linije). <strong>Ru\u010dnim strojem napravite kanale dubine 4-5 cm. Pravilnim pode\u0161avanjem \u0161irine i dubine <\/strong>dobit \u0107ete brze i precizne kanale u zidu. Na brz i jednostavan na\u010din shvatit \u0107ete kako napraviti kanale u ISOTEX\u00ae zidovima.<\/p>\n<p data-start=\"372\" data-end=\"496\" class=\"\">\n<p>[\/et_pb_text][\/et_pb_column][\/et_pb_row][\/et_pb_section][et_pb_section fb_built=&#8221;1&#8243; _builder_version=&#8221;4.20.0&#8243; _module_preset=&#8221;default&#8221; custom_margin=&#8221;20px||||false|false&#8221; custom_margin_tablet=&#8221;0px||0px||false|false&#8221; custom_margin_phone=&#8221;0px||0px||false|false&#8221; custom_margin_last_edited=&#8221;on|phone&#8221; custom_padding=&#8221;0px||||false|false&#8221; border_width_bottom=&#8221;1px&#8221; border_color_bottom=&#8221;#d3d2d3&#8243; global_colors_info=&#8221;{}&#8221;][et_pb_row column_structure=&#8221;1_2,1_2&#8243; use_custom_gutter=&#8221;on&#8221; gutter_width=&#8221;2&#8243; _builder_version=&#8221;4.20.0&#8243; _module_preset=&#8221;default&#8221; custom_css_main_element=&#8221;||&#8221; locked=&#8221;off&#8221; global_colors_info=&#8221;{}&#8221;][et_pb_column type=&#8221;1_2&#8243; _builder_version=&#8221;4.20.0&#8243; _module_preset=&#8221;default&#8221; custom_css_main_element=&#8221;width: 39%!important;&#8221; global_colors_info=&#8221;{}&#8221; custom_css_main_element_last_edited=&#8221;on|phone&#8221; custom_css_main_element_tablet=&#8221;width: 100%!important;&#8221; custom_css_main_element_phone=&#8221;width: 100%!important;&#8221;][et_pb_image src=&#8221;https:\/\/vitaproduct.com\/wp-content\/uploads\/2023\/03\/instrukcije-za-kanalice-slika-1.jpg&#8221; alt=&#8221;Instrukcije za kanalice&#8221; title_text=&#8221;Instrukcije za kanalice&#8221; show_in_lightbox=&#8221;on&#8221; _builder_version=&#8221;4.20.2&#8243; _module_preset=&#8221;default&#8221; custom_padding=&#8221;||||true|true&#8221; custom_padding_tablet=&#8221;10px|10px|10px|10px|true|true&#8221; custom_padding_phone=&#8221;7px|7px|7px|7px|true|true&#8221; custom_padding_last_edited=&#8221;off|desktop&#8221; animation_style=&#8221;slide&#8221; animation_direction=&#8221;left&#8221; animation_intensity_slide=&#8221;10%&#8221; border_width_all=&#8221;1px&#8221; border_color_all=&#8221;#d3d2d3&#8243; global_colors_info=&#8221;{}&#8221;][\/et_pb_image][\/et_pb_column][et_pb_column type=&#8221;1_2&#8243; _builder_version=&#8221;4.20.0&#8243; _module_preset=&#8221;default&#8221; custom_css_main_element=&#8221;width: 58%!important;&#8221; global_colors_info=&#8221;{}&#8221; custom_css_main_element_last_edited=&#8221;on|tablet&#8221; custom_css_main_element_tablet=&#8221;width: 58%!important;&#8221; custom_css_main_element_phone=&#8221;width: 58%!important;&#8221;][et_pb_code _builder_version=&#8221;4.20.2&#8243; _module_preset=&#8221;default&#8221; animation_style=&#8221;slide&#8221; animation_direction=&#8221;right&#8221; animation_intensity_slide=&#8221;10%&#8221; link_option_url=&#8221;https:\/\/www.youtube.com\/watch?v=udRn7nicRYk&#8221; link_option_url_new_window=&#8221;on&#8221; global_colors_info=&#8221;{}&#8221;]<picture><source srcset=\"https:\/\/vitaproduct.com\/wp-content\/uploads\/2023\/03\/instrukcije-za-kanalice-youtube.webp\" type=\"image\/webp\"><source srcset=\"https:\/\/vitaproduct.com\/wp-content\/uploads\/2023\/03\/instrukcije-za-kanalice-youtube.jpg\" type=\"image\/jpeg\"><img decoding=\"async\" src=\"https:\/\/vitaproduct.com\/wp-content\/uploads\/2023\/03\/instrukcije-za-kanalice-youtube.jpg\" alt=\"Instrukcije za kanalice - Youtube\" title=\"Instrukcije za kanalice - Youtube\" loading=\"lazy\" width=\"1071\" height=\"602\"><\/picture>[\/et_pb_code][\/et_pb_column][\/et_pb_row][\/et_pb_section][et_pb_section fb_built=&#8221;1&#8243; _builder_version=&#8221;4.20.0&#8243; _module_preset=&#8221;default&#8221; custom_margin=&#8221;15px||||false|false&#8221; custom_padding=&#8221;15px||||false|false&#8221; border_width_bottom=&#8221;1px&#8221; border_color_bottom=&#8221;#d3d2d3&#8243; locked=&#8221;off&#8221; collapsed=&#8221;on&#8221; global_colors_info=&#8221;{}&#8221;][et_pb_row use_custom_gutter=&#8221;on&#8221; gutter_width=&#8221;2&#8243; _builder_version=&#8221;4.20.0&#8243; _module_preset=&#8221;default&#8221; custom_margin=&#8221;||||false|false&#8221; custom_padding=&#8221;0px|0px|20px|0px|false|false&#8221; global_colors_info=&#8221;{}&#8221;][et_pb_column type=&#8221;4_4&#8243; _builder_version=&#8221;4.19.4&#8243; _module_preset=&#8221;default&#8221; global_colors_info=&#8221;{}&#8221;][et_pb_text _builder_version=&#8221;4.20.0&#8243; _module_preset=&#8221;default&#8221; text_text_color=&#8221;#00569c&#8221; header_font=&#8221;|700|||||||&#8221; header_text_color=&#8221;#00569c&#8221; header_font_size=&#8221;63px&#8221; header_line_height=&#8221;1.2em&#8221; header_2_font=&#8221;|600|||||||&#8221; header_2_text_color=&#8221;#00569c&#8221; header_2_font_size=&#8221;40px&#8221; header_2_line_height=&#8221;50px&#8221; text_orientation=&#8221;center&#8221; custom_margin=&#8221;||0px||false|false&#8221; custom_padding=&#8221;||0px||false|false&#8221; header_font_size_tablet=&#8221;50px&#8221; header_font_size_phone=&#8221;28px&#8221; header_font_size_last_edited=&#8221;on|phone&#8221; header_2_font_size_tablet=&#8221;34px&#8221; header_2_font_size_phone=&#8221;24px&#8221; header_2_font_size_last_edited=&#8221;on|desktop&#8221; header_2_line_height_tablet=&#8221;44px&#8221; header_2_line_height_phone=&#8221;34px&#8221; header_2_line_height_last_edited=&#8221;on|desktop&#8221; locked=&#8221;off&#8221; global_colors_info=&#8221;{}&#8221;]<\/p>\n<h2>Za detaljnije informacije o instalaciji bloka pogledajte referentne odjeljke:<\/h2>\n<p>[\/et_pb_text][\/et_pb_column][\/et_pb_row][et_pb_row column_structure=&#8221;1_3,1_3,1_3&#8243; use_custom_gutter=&#8221;on&#8221; gutter_width=&#8221;2&#8243; _builder_version=&#8221;4.20.0&#8243; _module_preset=&#8221;default&#8221; custom_margin=&#8221;||0px||false|false&#8221; custom_padding=&#8221;||0px||false|false&#8221; global_colors_info=&#8221;{}&#8221;][et_pb_column type=&#8221;1_3&#8243; _builder_version=&#8221;4.20.0&#8243; _module_preset=&#8221;default&#8221; background_color=&#8221;#00569c&#8221; custom_padding=&#8221;5px||5px||false|false&#8221; link_option_url=&#8221;\/instrukcije-za-ugao-30-7\/&#8221; global_colors_info=&#8221;{}&#8221; background__hover_enabled=&#8221;on|hover&#8221; background_color__hover=&#8221;#f4672d&#8221; background_enable_color__hover=&#8221;on&#8221;][et_pb_text _builder_version=&#8221;4.27.0&#8243; _module_preset=&#8221;default&#8221; text_font=&#8221;|700|||||||&#8221; text_text_color=&#8221;#FFFFFF&#8221; text_font_size=&#8221;15px&#8221; text_font_size_tablet=&#8221;15px&#8221; text_font_size_phone=&#8221;13px&#8221; text_font_size_last_edited=&#8221;on|phone&#8221; global_colors_info=&#8221;{}&#8221;]<\/p>\n<p style=\"text-align: center;\"><strong>upute za 30\/7<\/strong><\/p>\n<p>[\/et_pb_text][\/et_pb_column][et_pb_column type=&#8221;1_3&#8243; _builder_version=&#8221;4.20.0&#8243; _module_preset=&#8221;default&#8221; background_color=&#8221;#00569c&#8221; custom_padding=&#8221;5px||5px||false|false&#8221; link_option_url=&#8221;\/instrukcije-za-ugao-38-14\/&#8221; global_colors_info=&#8221;{}&#8221; background_color__hover=&#8221;#f4672d&#8221; background__hover_enabled=&#8221;on|hover&#8221; background_enable_color__hover=&#8221;on&#8221;][et_pb_text _builder_version=&#8221;4.27.0&#8243; _module_preset=&#8221;default&#8221; text_font=&#8221;|700|||||||&#8221; text_text_color=&#8221;#FFFFFF&#8221; text_font_size=&#8221;15px&#8221; text_font_size_tablet=&#8221;15px&#8221; text_font_size_phone=&#8221;13px&#8221; text_font_size_last_edited=&#8221;on|phone&#8221; locked=&#8221;off&#8221; global_colors_info=&#8221;{}&#8221;]<\/p>\n<p style=\"text-align: center;\"><strong>upute za 38\/14<\/strong><\/p>\n<p>[\/et_pb_text][\/et_pb_column][et_pb_column type=&#8221;1_3&#8243; _builder_version=&#8221;4.20.0&#8243; _module_preset=&#8221;default&#8221; background_color=&#8221;#00569c&#8221; custom_padding=&#8221;5px||5px||false|false&#8221; link_option_url=&#8221;\/povezivanje-fasadnih-i-pregradnih-zidova\/&#8221; global_colors_info=&#8221;{}&#8221; background_color__hover=&#8221;#f4672d&#8221; background__hover_enabled=&#8221;on|hover&#8221; background_enable_color__hover=&#8221;on&#8221;][et_pb_text _builder_version=&#8221;4.20.0&#8243; _module_preset=&#8221;default&#8221; text_font=&#8221;|700|||||||&#8221; text_text_color=&#8221;#FFFFFF&#8221; text_font_size=&#8221;15px&#8221; text_font_size_tablet=&#8221;15px&#8221; text_font_size_phone=&#8221;13px&#8221; text_font_size_last_edited=&#8221;on|phone&#8221; locked=&#8221;off&#8221; global_colors_info=&#8221;{}&#8221;]<\/p>\n<p style=\"text-align: center;\"><strong>povezivanje fasadnih i pregradnih zidova<\/strong><\/p>\n<p>[\/et_pb_text][\/et_pb_column][\/et_pb_row][et_pb_row column_structure=&#8221;1_3,1_3,1_3&#8243; use_custom_gutter=&#8221;on&#8221; gutter_width=&#8221;2&#8243; _builder_version=&#8221;4.20.0&#8243; _module_preset=&#8221;default&#8221; custom_margin=&#8221;||0px||false|false&#8221; custom_padding=&#8221;||0px||false|false&#8221; global_colors_info=&#8221;{}&#8221;][et_pb_column type=&#8221;1_3&#8243; _builder_version=&#8221;4.20.0&#8243; _module_preset=&#8221;default&#8221; background_color=&#8221;#00569c&#8221; custom_padding=&#8221;5px||5px||false|false&#8221; link_option_url=&#8221;\/instrukcije-za-ugao-33-10\/&#8221; global_colors_info=&#8221;{}&#8221; background__hover_enabled=&#8221;on|hover&#8221; background_color__hover=&#8221;#f4672d&#8221; background_enable_color__hover=&#8221;on&#8221;][et_pb_text _builder_version=&#8221;4.27.0&#8243; _module_preset=&#8221;default&#8221; text_font=&#8221;|700|||||||&#8221; text_text_color=&#8221;#FFFFFF&#8221; text_font_size=&#8221;15px&#8221; text_font_size_tablet=&#8221;15px&#8221; text_font_size_phone=&#8221;13px&#8221; text_font_size_last_edited=&#8221;on|phone&#8221; global_colors_info=&#8221;{}&#8221;]<\/p>\n<p style=\"text-align: center;\"><strong>upute za 33\/10<\/strong><\/p>\n<p>[\/et_pb_text][\/et_pb_column][et_pb_column type=&#8221;1_3&#8243; _builder_version=&#8221;4.20.0&#8243; _module_preset=&#8221;default&#8221; background_color=&#8221;#00569c&#8221; custom_padding=&#8221;5px||5px||false|false&#8221; link_option_url=&#8221;\/instrukcije-za-ugao-hdiii-44-20\/&#8221; global_colors_info=&#8221;{}&#8221; background_color__hover=&#8221;#f4672d&#8221; background__hover_enabled=&#8221;on|hover&#8221; background_enable_color__hover=&#8221;on&#8221;][et_pb_text _builder_version=&#8221;4.27.0&#8243; _module_preset=&#8221;default&#8221; text_font=&#8221;|700|||||||&#8221; text_text_color=&#8221;#FFFFFF&#8221; text_font_size=&#8221;15px&#8221; text_font_size_tablet=&#8221;15px&#8221; text_font_size_phone=&#8221;13px&#8221; text_font_size_last_edited=&#8221;on|phone&#8221; locked=&#8221;off&#8221; global_colors_info=&#8221;{}&#8221;]<\/p>\n<p style=\"text-align: center;\"><strong>upute za 44\/20<\/strong><\/p>\n<p>[\/et_pb_text][\/et_pb_column][et_pb_column type=&#8221;1_3&#8243; _builder_version=&#8221;4.20.0&#8243; _module_preset=&#8221;default&#8221; background_color=&#8221;#00569c&#8221; custom_padding=&#8221;5px||5px||false|false&#8221; link_option_url=&#8221;\/instrukcije-za-nadvoje-i-otvore\/&#8221; global_colors_info=&#8221;{}&#8221; background_color__hover=&#8221;#f4672d&#8221; background__hover_enabled=&#8221;on|hover&#8221; background_enable_color__hover=&#8221;on&#8221;][et_pb_text _builder_version=&#8221;4.27.0&#8243; _module_preset=&#8221;default&#8221; text_font=&#8221;|700|||||||&#8221; text_text_color=&#8221;#FFFFFF&#8221; text_font_size=&#8221;15px&#8221; text_font_size_tablet=&#8221;15px&#8221; text_font_size_phone=&#8221;13px&#8221; text_font_size_last_edited=&#8221;on|phone&#8221; locked=&#8221;off&#8221; global_colors_info=&#8221;{}&#8221;]<\/p>\n<p style=\"text-align: center;\"><strong>upute za nadvoje i otvore<\/strong><\/p>\n<p>[\/et_pb_text][\/et_pb_column][\/et_pb_row][et_pb_row column_structure=&#8221;1_3,1_3,1_3&#8243; use_custom_gutter=&#8221;on&#8221; gutter_width=&#8221;2&#8243; _builder_version=&#8221;4.20.0&#8243; _module_preset=&#8221;default&#8221; custom_margin=&#8221;||0px||false|false&#8221; custom_padding=&#8221;||0px||false|false&#8221; global_colors_info=&#8221;{}&#8221;][et_pb_column type=&#8221;1_3&#8243; _builder_version=&#8221;4.20.0&#8243; _module_preset=&#8221;default&#8221; background_color=&#8221;#00569c&#8221; custom_padding=&#8221;5px||5px||false|false&#8221; link_option_url=&#8221;\/zavrsetak-visine-zida\/&#8221; global_colors_info=&#8221;{}&#8221; background__hover_enabled=&#8221;on|hover&#8221; background_color__hover=&#8221;#f4672d&#8221; background_enable_color__hover=&#8221;on&#8221;][et_pb_text _builder_version=&#8221;4.27.0&#8243; _module_preset=&#8221;default&#8221; text_font=&#8221;|700|||||||&#8221; text_text_color=&#8221;#FFFFFF&#8221; text_font_size=&#8221;15px&#8221; text_font_size_tablet=&#8221;15px&#8221; text_font_size_phone=&#8221;13px&#8221; text_font_size_last_edited=&#8221;on|phone&#8221; global_colors_info=&#8221;{}&#8221;]<\/p>\n<p style=\"text-align: center;\"><strong>upute zavr\u0161etka visine zida<\/strong><\/p>\n<p>[\/et_pb_text][\/et_pb_column][et_pb_column type=&#8221;1_3&#8243; _builder_version=&#8221;4.20.0&#8243; _module_preset=&#8221;default&#8221; background_color=&#8221;#00569c&#8221; custom_padding=&#8221;5px||5px||false|false&#8221; link_option_url=&#8221;\/instrukcije-za-balkone-i-konzole\/&#8221; global_colors_info=&#8221;{}&#8221; background_color__hover=&#8221;#f4672d&#8221; background__hover_enabled=&#8221;on|hover&#8221; background_enable_color__hover=&#8221;on&#8221;][et_pb_text _builder_version=&#8221;4.27.0&#8243; _module_preset=&#8221;default&#8221; text_font=&#8221;|700|||||||&#8221; text_text_color=&#8221;#FFFFFF&#8221; text_font_size=&#8221;15px&#8221; text_font_size_tablet=&#8221;15px&#8221; text_font_size_phone=&#8221;13px&#8221; text_font_size_last_edited=&#8221;on|phone&#8221; locked=&#8221;off&#8221; global_colors_info=&#8221;{}&#8221;]<\/p>\n<p style=\"text-align: center;\"><strong>upute za balkone i konzole<\/strong><\/p>\n<p>[\/et_pb_text][\/et_pb_column][et_pb_column type=&#8221;1_3&#8243; _builder_version=&#8221;4.20.0&#8243; _module_preset=&#8221;default&#8221; background_color=&#8221;#00569c&#8221; background_enable_color=&#8221;off&#8221; custom_padding=&#8221;5px||5px||false|false&#8221; border_width_all=&#8221;1px&#8221; border_color_all=&#8221;#d3d2d3&#8243; global_colors_info=&#8221;{}&#8221; background_color__hover=&#8221;#f4672d&#8221; background__hover_enabled=&#8221;off|desktop&#8221; background_enable_color__hover=&#8221;on&#8221;][et_pb_text _builder_version=&#8221;4.27.0&#8243; _module_preset=&#8221;default&#8221; text_font=&#8221;|700|||||||&#8221; text_text_color=&#8221;#424242&#8243; text_font_size=&#8221;15px&#8221; text_font_size_tablet=&#8221;15px&#8221; text_font_size_phone=&#8221;13px&#8221; text_font_size_last_edited=&#8221;on|phone&#8221; locked=&#8221;off&#8221; global_colors_info=&#8221;{}&#8221;]<\/p>\n<p style=\"text-align: center;\"><strong>upute za kanalice<\/strong><\/p>\n<p>[\/et_pb_text][\/et_pb_column][\/et_pb_row][\/et_pb_section]<\/p>\n","protected":false},"excerpt":{"rendered":"<p>Kako napraviti kanale u ISOTEX zidovima? Prvo nacrtajte referentne oznake na zidu (nacrtajte linije). Ru\u010dnim strojem napravite kanale dubine 4-5 cm.<\/p>\n","protected":false},"author":1,"featured_media":251310,"parent":0,"menu_order":0,"comment_status":"closed","ping_status":"closed","template":"","meta":{"_et_pb_use_builder":"on","_et_pb_old_content":"","_et_gb_content_width":"","footnotes":""},"class_list":["post-252935","page","type-page","status-publish","has-post-thumbnail","hentry"],"_links":{"self":[{"href":"https:\/\/vitaproduct.com\/hr\/wp-json\/wp\/v2\/pages\/252935","targetHints":{"allow":["GET"]}}],"collection":[{"href":"https:\/\/vitaproduct.com\/hr\/wp-json\/wp\/v2\/pages"}],"about":[{"href":"https:\/\/vitaproduct.com\/hr\/wp-json\/wp\/v2\/types\/page"}],"author":[{"embeddable":true,"href":"https:\/\/vitaproduct.com\/hr\/wp-json\/wp\/v2\/users\/1"}],"replies":[{"embeddable":true,"href":"https:\/\/vitaproduct.com\/hr\/wp-json\/wp\/v2\/comments?post=252935"}],"version-history":[{"count":4,"href":"https:\/\/vitaproduct.com\/hr\/wp-json\/wp\/v2\/pages\/252935\/revisions"}],"predecessor-version":[{"id":253455,"href":"https:\/\/vitaproduct.com\/hr\/wp-json\/wp\/v2\/pages\/252935\/revisions\/253455"}],"wp:featuredmedia":[{"embeddable":true,"href":"https:\/\/vitaproduct.com\/hr\/wp-json\/wp\/v2\/media\/251310"}],"wp:attachment":[{"href":"https:\/\/vitaproduct.com\/hr\/wp-json\/wp\/v2\/media?parent=252935"}],"curies":[{"name":"wp","href":"https:\/\/api.w.org\/{rel}","templated":true}]}}