{"id":252969,"date":"2023-02-16T00:54:14","date_gmt":"2023-02-15T22:54:14","guid":{"rendered":"https:\/\/vitaproduct.com\/zvucne-barijere\/"},"modified":"2025-04-29T16:46:51","modified_gmt":"2025-04-29T14:46:51","slug":"zvucne-barijere","status":"publish","type":"page","link":"https:\/\/vitaproduct.com\/hr\/zvucne-barijere\/","title":{"rendered":"Isotex elementi za zvu\u010dne barijere"},"content":{"rendered":"<p>[et_pb_section fb_built=&#8221;1&#8243; _builder_version=&#8221;4.20.2&#8243; _module_preset=&#8221;default&#8221; custom_margin=&#8221;||||false|false&#8221; custom_padding=&#8221;10px||||false|false&#8221; global_colors_info=&#8221;{}&#8221;][et_pb_row _builder_version=&#8221;4.19.4&#8243; _module_preset=&#8221;default&#8221; global_colors_info=&#8221;{}&#8221;][et_pb_column type=&#8221;4_4&#8243; _builder_version=&#8221;4.19.4&#8243; _module_preset=&#8221;default&#8221; global_colors_info=&#8221;{}&#8221;][et_pb_text _builder_version=&#8221;4.20.2&#8243; _module_preset=&#8221;default&#8221; text_text_color=&#8221;#00569c&#8221; header_font=&#8221;|700||on|||||&#8221; header_text_color=&#8221;#00569c&#8221; header_font_size=&#8221;63px&#8221; header_line_height=&#8221;73px&#8221; text_orientation=&#8221;center&#8221; custom_margin=&#8221;||0px||false|false&#8221; custom_padding=&#8221;||0px||false|false&#8221; header_font_size_tablet=&#8221;60px&#8221; header_font_size_phone=&#8221;30px&#8221; header_font_size_last_edited=&#8221;on|phone&#8221; header_line_height_tablet=&#8221;70px&#8221; header_line_height_phone=&#8221;40px&#8221; header_line_height_last_edited=&#8221;on|tablet&#8221; locked=&#8221;off&#8221; global_colors_info=&#8221;{}&#8221;]<\/p>\n<h1>Isotex<sup>\u00ae<\/sup> elementi za zvu\u010dne barijere<\/h1>\n<p>[\/et_pb_text][et_pb_text _builder_version=&#8221;4.20.2&#8243; _module_preset=&#8221;default&#8221; text_font=&#8221;|300|||||||&#8221; text_line_height=&#8221;27px&#8221; text_orientation=&#8221;center&#8221; custom_margin=&#8221;-10px||||false|false&#8221; custom_margin_tablet=&#8221;-10px||||false|false&#8221; custom_margin_phone=&#8221;-10px||||false|false&#8221; custom_margin_last_edited=&#8221;on|phone&#8221; custom_padding=&#8221;0px||||false|false&#8221; locked=&#8221;off&#8221; global_colors_info=&#8221;{}&#8221;]<\/p>\n<p data-start=\"35\" data-end=\"315\" class=\"\">ISOTEX\u00ae zvu\u010dne barijere ili bukobrani imaju veliku mo\u0107 apsorpcije zvuka i zvu\u010dne izolacije. Barijere napravljene od drvo-cementnih vlakana dizajnirane su tako da smanjuju zaga\u0111enost okoline bukom proizvedenom od: motornih vozila, vlakova, industrijskih ma\u0161ina i drugih izvora buke.<\/p>\n<p>[\/et_pb_text][\/et_pb_column][\/et_pb_row][et_pb_row column_structure=&#8221;1_4,1_4,1_4,1_4&#8243; use_custom_gutter=&#8221;on&#8221; gutter_width=&#8221;2&#8243; make_equal=&#8221;on&#8221; _builder_version=&#8221;4.20.2&#8243; _module_preset=&#8221;default&#8221; custom_padding=&#8221;||5px||false|false&#8221; locked=&#8221;off&#8221; global_colors_info=&#8221;{}&#8221;][et_pb_column type=&#8221;1_4&#8243; _builder_version=&#8221;4.20.2&#8243; _module_preset=&#8221;default&#8221; border_radii=&#8221;on|15px|15px|15px|15px&#8221; border_width_all=&#8221;1px&#8221; border_color_all=&#8221;#dedede&#8221; global_colors_info=&#8221;{}&#8221; transform_styles__hover_enabled=&#8221;on|hover&#8221; transform_scale__hover_enabled=&#8221;on|hover&#8221; transform_translate__hover_enabled=&#8221;on|desktop&#8221; transform_rotate__hover_enabled=&#8221;on|desktop&#8221; transform_skew__hover_enabled=&#8221;on|desktop&#8221; transform_origin__hover_enabled=&#8221;on|desktop&#8221; transform_scale__hover=&#8221;105%|105%&#8221;][et_pb_code _builder_version=&#8221;4.20.2&#8243; _module_preset=&#8221;default&#8221; custom_margin=&#8221;10px||10px||false|false&#8221; custom_padding=&#8221;|10px|0px|10px|false|false&#8221; link_option_url=&#8221;https:\/\/vitaproduct.com\/wp-content\/uploads\/2023\/03\/katalog-zvucne-barijere-bukobrani.pdf&#8221; link_option_url_new_window=&#8221;on&#8221; global_colors_info=&#8221;{}&#8221; raw_content__hover_enabled=&#8221;off|desktop&#8221; raw_content__hover=&#8221;<picture><source srcset=%22https:\/\/vitaproduct.com\/wp-content\/uploads\/2023\/01\/44-20_scheda.webp%22 type=%22image\/webp%22><source srcset=%22https:\/\/vitaproduct.com\/wp-content\/uploads\/2023\/01\/44-20_scheda.png%22 type=%22image\/jpeg%22><img src=%22https:\/\/vitaproduct.com\/wp-content\/uploads\/2023\/01\/44-20_scheda.png%22 alt=%22HDIII 44\/20!%22 title=%22HDIII 44\/20!%22 loading=%22lazy%22 width=%22350%22 height=%22350%22><\/picture>&#8220;]<picture><source srcset=\"https:\/\/vitaproduct.com\/wp-content\/uploads\/2023\/02\/catalogo_barriere_acustiche.webp\" type=\"image\/webp\"><source srcset=\"https:\/\/vitaproduct.com\/wp-content\/uploads\/2023\/02\/catalogo_barriere_acustiche.png\" type=\"image\/jpeg\"><img decoding=\"async\" src=\"https:\/\/vitaproduct.com\/wp-content\/uploads\/2023\/02\/catalogo_barriere_acustiche.png\" alt=\"Novi Isotex katalog\" title=\"Novi Isotex katalog\" loading=\"lazy\" width=\"203\" height=\"225\"><\/picture>[\/et_pb_code][et_pb_text _builder_version=&#8221;4.20.2&#8243; _module_preset=&#8221;default&#8221; text_font_size=&#8221;18px&#8221; text_orientation=&#8221;center&#8221; custom_margin=&#8221;0px||||false|false&#8221; custom_padding=&#8221;0px|10px|25px|10px|false|false&#8221; link_option_url=&#8221;https:\/\/vitaproduct.com\/wp-content\/uploads\/2023\/03\/katalog-zvucne-barijere-bukobrani.pdf&#8221; text_font_size_tablet=&#8221;18px&#8221; text_font_size_phone=&#8221;17px&#8221; text_font_size_last_edited=&#8221;on|tablet&#8221; global_colors_info=&#8221;{}&#8221; text_text_color__hover_enabled=&#8221;on|hover&#8221; text_text_color__hover=&#8221;#f26430&#8243;]<\/p>\n<p><a href=\"https:\/\/vitaproduct.com\/wp-content\/uploads\/2023\/02\/catalogo_barriere_acustiche.pdf\" target=\"_blank\" rel=\"noopener\" title=\"Novi Isotex katalog\"><img loading=\"lazy\" decoding=\"async\" src=\"https:\/\/vitaproduct.com\/wp-content\/uploads\/2023\/02\/pdf-download-button.jpg\" width=\"197\" height=\"46\" alt=\"PDF download - button\" class=\"wp-image-2992 alignnone size-full\" title=\"\"><\/a><\/p>\n<p>[\/et_pb_text][\/et_pb_column][et_pb_column type=&#8221;1_4&#8243; _builder_version=&#8221;4.20.2&#8243; _module_preset=&#8221;default&#8221; border_radii=&#8221;on|15px|15px|15px|15px&#8221; border_width_all=&#8221;1px&#8221; border_color_all=&#8221;#dedede&#8221; global_colors_info=&#8221;{}&#8221; transform_styles__hover_enabled=&#8221;on|hover&#8221; transform_scale__hover_enabled=&#8221;on|hover&#8221; transform_translate__hover_enabled=&#8221;on|desktop&#8221; transform_rotate__hover_enabled=&#8221;on|desktop&#8221; transform_skew__hover_enabled=&#8221;on|desktop&#8221; transform_origin__hover_enabled=&#8221;on|desktop&#8221; transform_scale__hover=&#8221;105%|105%&#8221;][et_pb_code _builder_version=&#8221;4.20.2&#8243; _module_preset=&#8221;default&#8221; custom_margin=&#8221;20px||25px||false|false&#8221; custom_padding=&#8221;|10px|0px|10px|false|false&#8221; global_colors_info=&#8221;{}&#8221; raw_content__hover_enabled=&#8221;off|desktop&#8221; raw_content__hover=&#8221;<picture><source srcset=%22https:\/\/vitaproduct.com\/wp-content\/uploads\/2023\/01\/38-14_scheda.webp%22 type=%22image\/webp%22><source srcset=%22https:\/\/vitaproduct.com\/wp-content\/uploads\/2023\/01\/38-14_scheda.png%22 type=%22image\/jpeg%22><img src=%22https:\/\/vitaproduct.com\/wp-content\/uploads\/2023\/01\/38-14_scheda.png%22 alt=%22HDIII 38\/14!%22 title=%22HDIII 38\/14!%22 loading=%22lazy%22 width=%22350%22 height=%22350%22><\/picture>&#8220;]<picture><source srcset=\"https:\/\/vitaproduct.com\/wp-content\/uploads\/2023\/02\/barriera-acustica-1-10-10cm.webp\" type=\"image\/webp\"><source srcset=\"https:\/\/vitaproduct.com\/wp-content\/uploads\/2023\/02\/barriera-acustica-1-10-10cm.png\" type=\"image\/jpeg\"><img decoding=\"async\" src=\"https:\/\/vitaproduct.com\/wp-content\/uploads\/2023\/02\/barriera-acustica-1-10-10cm.png\" &quot;Isotex element za  !-- -- alt=\"\" title=\"\">S10 \u2013 10cm&#8221; title=&#8221;Isotex element za zvu\u010dnu barijeru<!-- [et_pb_line_break_holder] -->S10 \u2013 10cm&#8221; loading=&#8221;lazy&#8221; width=&#8221;300&#8243; height=&#8221;225&#8243;><\/picture>[\/et_pb_code][et_pb_text _builder_version=&#8221;4.20.2&#8243; _module_preset=&#8221;default&#8221; text_font=&#8221;|300|||||||&#8221; text_line_height=&#8221;27px&#8221; text_orientation=&#8221;center&#8221; custom_margin=&#8221;0px||||false|false&#8221; custom_padding=&#8221;0px|10px|25px|10px|false|false&#8221; text_font_size_tablet=&#8221;18px&#8221; text_font_size_phone=&#8221;17px&#8221; text_font_size_last_edited=&#8221;on|tablet&#8221; global_colors_info=&#8221;{}&#8221; text_text_color__hover_enabled=&#8221;on|hover&#8221; text_text_color__hover=&#8221;#f26430&#8243;]<\/p>\n<p><b>ISOTEX<sup>\u00ae<\/sup><\/b> element za zvu\u010dnu<br \/>barijeru S10 \u2013 10cm<\/p>\n<p>[\/et_pb_text][\/et_pb_column][et_pb_column type=&#8221;1_4&#8243; _builder_version=&#8221;4.20.2&#8243; _module_preset=&#8221;default&#8221; border_radii=&#8221;on|15px|15px|15px|15px&#8221; border_width_all=&#8221;1px&#8221; border_color_all=&#8221;#dedede&#8221; global_colors_info=&#8221;{}&#8221; transform_styles__hover_enabled=&#8221;on|hover&#8221; transform_scale__hover_enabled=&#8221;on|hover&#8221; transform_translate__hover_enabled=&#8221;on|desktop&#8221; transform_rotate__hover_enabled=&#8221;on|desktop&#8221; transform_skew__hover_enabled=&#8221;on|desktop&#8221; transform_origin__hover_enabled=&#8221;on|desktop&#8221; transform_scale__hover=&#8221;105%|105%&#8221;][et_pb_code _builder_version=&#8221;4.20.0&#8243; _module_preset=&#8221;default&#8221; custom_margin=&#8221;20px||25px||false|false&#8221; custom_padding=&#8221;0px|10px|0px|10px|false|false&#8221; global_colors_info=&#8221;{}&#8221; raw_content__hover_enabled=&#8221;off|desktop&#8221; raw_content__hover=&#8221;<picture><source srcset=%22https:\/\/vitaproduct.com\/wp-content\/uploads\/2023\/01\/33_10_scheda.webp%22 type=%22image\/webp%22><source srcset=%22https:\/\/vitaproduct.com\/wp-content\/uploads\/2023\/01\/33_10_scheda.png%22 type=%22image\/jpeg%22><img src=%22https:\/\/vitaproduct.com\/wp-content\/uploads\/2023\/01\/33_10_scheda.png%22 alt=%22HDIII 33\/10!%22 title=%22HDIII 33\/10!%22 loading=%22lazy%22 width=%22350%22 height=%22350%22><\/picture>&#8220;]<picture><source srcset=\"https:\/\/vitaproduct.com\/wp-content\/uploads\/2023\/02\/barriera-acustica-1-13-13cm.webp\" type=\"image\/webp\"><source srcset=\"https:\/\/vitaproduct.com\/wp-content\/uploads\/2023\/02\/barriera-acustica-1-13-13cm.png\" type=\"image\/jpeg\"><img decoding=\"async\" src=\"https:\/\/vitaproduct.com\/wp-content\/uploads\/2023\/02\/barriera-acustica-1-13-13cm.png\" &quot;Isotex element za  !-- -- alt=\"\" title=\"\">S13 \u2013 13cm&#8221; title=&#8221;Isotex element za zvu\u010dnu barijeru<!-- [et_pb_line_break_holder] -->S13 \u2013 13cm&#8221; loading=&#8221;lazy&#8221; width=&#8221;300&#8243; height=&#8221;225&#8243;><\/picture>[\/et_pb_code][et_pb_text _builder_version=&#8221;4.20.2&#8243; _module_preset=&#8221;default&#8221; text_font=&#8221;|300|||||||&#8221; text_line_height=&#8221;27px&#8221; text_orientation=&#8221;center&#8221; custom_margin=&#8221;0px||||false|false&#8221; custom_padding=&#8221;0px|10px|25px|10px|false|false&#8221; text_font_size_tablet=&#8221;18px&#8221; text_font_size_phone=&#8221;17px&#8221; text_font_size_last_edited=&#8221;on|tablet&#8221; global_colors_info=&#8221;{}&#8221; text_text_color__hover_enabled=&#8221;on|hover&#8221; text_text_color__hover=&#8221;#f26430&#8243;]<b>ISOTEX<sup>\u00ae<\/sup><\/b> element za zvu\u010dnu<br \/>\nbarijeru S13 \u2013 13cm[\/et_pb_text][\/et_pb_column][et_pb_column type=&#8221;1_4&#8243; _builder_version=&#8221;4.20.2&#8243; _module_preset=&#8221;default&#8221; border_radii=&#8221;on|15px|15px|15px|15px&#8221; border_width_all=&#8221;1px&#8221; border_color_all=&#8221;#dedede&#8221; global_colors_info=&#8221;{}&#8221; transform_styles__hover_enabled=&#8221;on|hover&#8221; transform_scale__hover_enabled=&#8221;on|hover&#8221; transform_translate__hover_enabled=&#8221;on|desktop&#8221; transform_rotate__hover_enabled=&#8221;on|desktop&#8221; transform_skew__hover_enabled=&#8221;on|desktop&#8221; transform_origin__hover_enabled=&#8221;on|desktop&#8221; transform_scale__hover=&#8221;105%|105%&#8221;][et_pb_code _builder_version=&#8221;4.20.0&#8243; _module_preset=&#8221;default&#8221; custom_margin=&#8221;20px||25px||false|false&#8221; custom_padding=&#8221;0px|10px|0px|10px|false|false&#8221; global_colors_info=&#8221;{}&#8221; raw_content__hover_enabled=&#8221;off|desktop&#8221; raw_content__hover=&#8221;<picture><source srcset=%22https:\/\/vitaproduct.com\/wp-content\/uploads\/2023\/01\/30-7_scheda.webp%22 type=%22image\/webp%22><source srcset=%22https:\/\/vitaproduct.com\/wp-content\/uploads\/2023\/01\/30-7_scheda.png%22 type=%22image\/jpeg%22><img src=%22https:\/\/vitaproduct.com\/wp-content\/uploads\/2023\/01\/30-7_scheda.png%22 alt=%22HDIII 30\/7!%22 title=%22HDIII 30\/7!%22 loading=%22lazy%22 width=%22350%22 height=%22350%22><\/picture>&#8220;]<picture><!-- [et_pb_line_break_holder] --><source srcset=\"https:\/\/vitaproduct.com\/wp-content\/uploads\/2023\/02\/barriera-acustica-1-120-20cm.webp\" type=\"image\/webp\"><!-- [et_pb_line_break_holder] --><source srcset=\"https:\/\/vitaproduct.com\/wp-content\/uploads\/2023\/02\/barriera-acustica-1-120-20cm.png\" type=\"image\/jpeg\"><!-- [et_pb_line_break_holder] --><img decoding=\"async\" src=\"https:\/\/vitaproduct.com\/wp-content\/uploads\/2023\/02\/barriera-acustica-1-120-20cm.png\" &quot;Isotex element za  !-- -- alt=\"\" title=\"\">S20 \u2013 20cm&#8221; title=&#8221;Isotex element za zvu\u010dnu barijeru<!-- [et_pb_line_break_holder] -->S20 \u2013 20cm&#8221; loading=&#8221;lazy&#8221; width=&#8221;300&#8243; height=&#8221;225&#8243;><!-- [et_pb_line_break_holder] --><\/picture>[\/et_pb_code][et_pb_text _builder_version=&#8221;4.20.2&#8243; _module_preset=&#8221;default&#8221; text_font=&#8221;|300|||||||&#8221; text_line_height=&#8221;27px&#8221; text_orientation=&#8221;center&#8221; custom_margin=&#8221;0px||||false|false&#8221; custom_padding=&#8221;0px|10px|25px|10px|false|false&#8221; text_font_size_tablet=&#8221;18px&#8221; text_font_size_phone=&#8221;17px&#8221; text_font_size_last_edited=&#8221;on|tablet&#8221; global_colors_info=&#8221;{}&#8221; text_text_color__hover_enabled=&#8221;on|hover&#8221; text_text_color__hover=&#8221;#f26430&#8243;]<b>ISOTEX<sup>\u00ae<\/sup><\/b> element za zvu\u010dnu<br \/>\nbarijeru S20 \u2013 20cm[\/et_pb_text][\/et_pb_column][\/et_pb_row][et_pb_row _builder_version=&#8221;4.19.5&#8243; _module_preset=&#8221;default&#8221; global_colors_info=&#8221;{}&#8221;][et_pb_column type=&#8221;4_4&#8243; _builder_version=&#8221;4.19.5&#8243; _module_preset=&#8221;default&#8221; global_colors_info=&#8221;{}&#8221;][et_pb_text _builder_version=&#8221;4.20.2&#8243; _module_preset=&#8221;default&#8221; header_2_font=&#8221;|||on|||||&#8221; header_2_text_color=&#8221;#00569c&#8221; header_2_font_size=&#8221;24px&#8221; header_2_line_height=&#8221;1.3em&#8221; header_3_font=&#8221;|||on|||||&#8221; header_3_text_color=&#8221;#00569c&#8221; header_3_font_size=&#8221;24px&#8221; header_3_line_height=&#8221;34px&#8221; text_orientation=&#8221;center&#8221; custom_margin=&#8221;50px||0px||false|false&#8221; header_2_font_size_tablet=&#8221;21px&#8221; header_2_font_size_phone=&#8221;18px&#8221; header_2_font_size_last_edited=&#8221;on|tablet&#8221; header_3_font_size_tablet=&#8221;21px&#8221; header_3_font_size_phone=&#8221;18px&#8221; header_3_font_size_last_edited=&#8221;on|phone&#8221; header_3_line_height_tablet=&#8221;31px&#8221; header_3_line_height_phone=&#8221;28px&#8221; header_3_line_height_last_edited=&#8221;on|phone&#8221; global_colors_info=&#8221;{}&#8221;]<\/p>\n<h3>Primjeri <strong>ISOTEX<sup>\u00ae<\/sup><\/strong> zvu\u010dnih barijera<\/h3>\n<p>[\/et_pb_text][\/et_pb_column][\/et_pb_row][et_pb_row column_structure=&#8221;1_5,1_5,1_5,1_5,1_5&#8243; use_custom_gutter=&#8221;on&#8221; gutter_width=&#8221;2&#8243; _builder_version=&#8221;4.19.5&#8243; _module_preset=&#8221;default&#8221; global_colors_info=&#8221;{}&#8221;][et_pb_column type=&#8221;1_5&#8243; _builder_version=&#8221;4.19.5&#8243; _module_preset=&#8221;default&#8221; global_colors_info=&#8221;{}&#8221;][et_pb_image src=&#8221;https:\/\/vitaproduct.com\/wp-content\/uploads\/2023\/02\/primjeri-isotex-zvucnih-barijera-1.webp&#8221; alt=&#8221;Primjer Isotex zvu\u010dne barijere 1&#8243; title_text=&#8221;Primjer Isotex zvu\u010dne barijere 1&#8243; show_in_lightbox=&#8221;on&#8221; _builder_version=&#8221;4.20.2&#8243; _module_preset=&#8221;default&#8221; width=&#8221;212px&#8221; max_width=&#8221;212px&#8221; min_height=&#8221;212px&#8221; height=&#8221;212px&#8221; max_height=&#8221;212px&#8221; global_colors_info=&#8221;{}&#8221;][\/et_pb_image][\/et_pb_column][et_pb_column type=&#8221;1_5&#8243; _builder_version=&#8221;4.19.5&#8243; _module_preset=&#8221;default&#8221; global_colors_info=&#8221;{}&#8221;][et_pb_image src=&#8221;https:\/\/vitaproduct.com\/wp-content\/uploads\/2023\/02\/primjeri-isotex-zvucnih-barijera-2.webp&#8221; alt=&#8221;Primjer Isotex zvu\u010dne barijere 2&#8243; title_text=&#8221;Primjer Isotex zvu\u010dne barijere 2&#8243; show_in_lightbox=&#8221;on&#8221; _builder_version=&#8221;4.19.5&#8243; _module_preset=&#8221;default&#8221; width=&#8221;212px&#8221; max_width=&#8221;212px&#8221; min_height=&#8221;212px&#8221; height=&#8221;212px&#8221; max_height=&#8221;212px&#8221; global_colors_info=&#8221;{}&#8221;][\/et_pb_image][\/et_pb_column][et_pb_column type=&#8221;1_5&#8243; _builder_version=&#8221;4.19.5&#8243; _module_preset=&#8221;default&#8221; global_colors_info=&#8221;{}&#8221;][et_pb_image src=&#8221;https:\/\/vitaproduct.com\/wp-content\/uploads\/2023\/02\/primjeri-isotex-zvucnih-barijera-3.webp&#8221; alt=&#8221;Primjer Isotex zvu\u010dne barijere 3&#8243; title_text=&#8221;Primjer Isotex zvu\u010dne barijere 3&#8243; show_in_lightbox=&#8221;on&#8221; _builder_version=&#8221;4.19.5&#8243; _module_preset=&#8221;default&#8221; width=&#8221;212px&#8221; max_width=&#8221;212px&#8221; min_height=&#8221;212px&#8221; height=&#8221;212px&#8221; max_height=&#8221;212px&#8221; global_colors_info=&#8221;{}&#8221;][\/et_pb_image][\/et_pb_column][et_pb_column type=&#8221;1_5&#8243; _builder_version=&#8221;4.19.5&#8243; _module_preset=&#8221;default&#8221; global_colors_info=&#8221;{}&#8221;][et_pb_image src=&#8221;https:\/\/vitaproduct.com\/wp-content\/uploads\/2023\/02\/primjeri-isotex-zvucnih-barijera-4.webp&#8221; alt=&#8221;Primjer Isotex zvu\u010dne barijere 4&#8243; title_text=&#8221;Primjer Isotex zvu\u010dne barijere 4&#8243; show_in_lightbox=&#8221;on&#8221; _builder_version=&#8221;4.19.5&#8243; _module_preset=&#8221;default&#8221; width=&#8221;212px&#8221; max_width=&#8221;212px&#8221; min_height=&#8221;212px&#8221; height=&#8221;212px&#8221; max_height=&#8221;212px&#8221; global_colors_info=&#8221;{}&#8221;][\/et_pb_image][\/et_pb_column][et_pb_column type=&#8221;1_5&#8243; _builder_version=&#8221;4.19.5&#8243; _module_preset=&#8221;default&#8221; global_colors_info=&#8221;{}&#8221;][et_pb_image src=&#8221;https:\/\/vitaproduct.com\/wp-content\/uploads\/2023\/02\/primjeri-isotex-zvucnih-barijera-5.webp&#8221; alt=&#8221;Primjer Isotex zvu\u010dne barijere 5&#8243; title_text=&#8221;Primjer Isotex zvu\u010dne barijere 5&#8243; show_in_lightbox=&#8221;on&#8221; _builder_version=&#8221;4.19.5&#8243; _module_preset=&#8221;default&#8221; width=&#8221;212px&#8221; max_width=&#8221;212px&#8221; min_height=&#8221;212px&#8221; height=&#8221;212px&#8221; max_height=&#8221;212px&#8221; global_colors_info=&#8221;{}&#8221;][\/et_pb_image][\/et_pb_column][\/et_pb_row][\/et_pb_section]<\/p>\n","protected":false},"excerpt":{"rendered":"<p>Isotex\u00ae elementi za zvu\u010dne barijereISOTEX\u00ae zvu\u010dne barijere ili bukobrani imaju veliku mo\u0107 apsorpcije zvuka i zvu\u010dne izolacije. Barijere napravljene od drvo-cementnih vlakana dizajnirane su tako da smanjuju zaga\u0111enost okoline bukom proizvedenom od: motornih vozila, vlakova, industrijskih ma\u0161ina i drugih izvora buke.<\/p>\n","protected":false},"author":1,"featured_media":247986,"parent":0,"menu_order":0,"comment_status":"closed","ping_status":"closed","template":"","meta":{"_et_pb_use_builder":"on","_et_pb_old_content":"","_et_gb_content_width":"","footnotes":""},"class_list":["post-252969","page","type-page","status-publish","has-post-thumbnail","hentry"],"_links":{"self":[{"href":"https:\/\/vitaproduct.com\/hr\/wp-json\/wp\/v2\/pages\/252969","targetHints":{"allow":["GET"]}}],"collection":[{"href":"https:\/\/vitaproduct.com\/hr\/wp-json\/wp\/v2\/pages"}],"about":[{"href":"https:\/\/vitaproduct.com\/hr\/wp-json\/wp\/v2\/types\/page"}],"author":[{"embeddable":true,"href":"https:\/\/vitaproduct.com\/hr\/wp-json\/wp\/v2\/users\/1"}],"replies":[{"embeddable":true,"href":"https:\/\/vitaproduct.com\/hr\/wp-json\/wp\/v2\/comments?post=252969"}],"version-history":[{"count":2,"href":"https:\/\/vitaproduct.com\/hr\/wp-json\/wp\/v2\/pages\/252969\/revisions"}],"predecessor-version":[{"id":253512,"href":"https:\/\/vitaproduct.com\/hr\/wp-json\/wp\/v2\/pages\/252969\/revisions\/253512"}],"wp:featuredmedia":[{"embeddable":true,"href":"https:\/\/vitaproduct.com\/hr\/wp-json\/wp\/v2\/media\/247986"}],"wp:attachment":[{"href":"https:\/\/vitaproduct.com\/hr\/wp-json\/wp\/v2\/media?parent=252969"}],"curies":[{"name":"wp","href":"https:\/\/api.w.org\/{rel}","templated":true}]}}