{"id":253025,"date":"2023-02-28T17:55:18","date_gmt":"2023-02-28T15:55:18","guid":{"rendered":"https:\/\/vitaproduct.com\/instrukcije-za-nadvoje-i-otvore\/"},"modified":"2025-04-29T11:00:41","modified_gmt":"2025-04-29T09:00:41","slug":"instrukcije-za-nadvoje-i-otvore","status":"publish","type":"page","link":"https:\/\/vitaproduct.com\/hr\/instrukcije-za-nadvoje-i-otvore\/","title":{"rendered":"Nadvratnici i otvori za prozore i vrata"},"content":{"rendered":"<p>[et_pb_section fb_built=&#8221;1&#8243; _builder_version=&#8221;4.20.0&#8243; _module_preset=&#8221;default&#8221; custom_margin=&#8221;||0px||false|false&#8221; custom_padding=&#8221;10px||0px||false|false&#8221; locked=&#8221;off&#8221; collapsed=&#8221;off&#8221; global_colors_info=&#8221;{}&#8221;][et_pb_row _builder_version=&#8221;4.19.4&#8243; _module_preset=&#8221;default&#8221; locked=&#8221;off&#8221; global_colors_info=&#8221;{}&#8221;][et_pb_column type=&#8221;4_4&#8243; _builder_version=&#8221;4.19.4&#8243; _module_preset=&#8221;default&#8221; global_colors_info=&#8221;{}&#8221;][et_pb_text _builder_version=&#8221;4.20.0&#8243; _module_preset=&#8221;default&#8221; text_text_color=&#8221;#00569c&#8221; header_font=&#8221;|700||on|||||&#8221; header_text_color=&#8221;#00569c&#8221; header_font_size=&#8221;63px&#8221; header_line_height=&#8221;73px&#8221; text_orientation=&#8221;center&#8221; header_font_size_tablet=&#8221;60px&#8221; header_font_size_phone=&#8221;30px&#8221; header_font_size_last_edited=&#8221;on|phone&#8221; header_line_height_tablet=&#8221;70px&#8221; header_line_height_phone=&#8221;40px&#8221; header_line_height_last_edited=&#8221;on|tablet&#8221; locked=&#8221;off&#8221; global_colors_info=&#8221;{}&#8221;]<\/p>\n<h1>NADVRATNICI i otvori za prozore i vrata<\/h1>\n<p>[\/et_pb_text][\/et_pb_column][\/et_pb_row][\/et_pb_section][et_pb_section fb_built=&#8221;1&#8243; _builder_version=&#8221;4.20.0&#8243; _module_preset=&#8221;default&#8221; custom_margin=&#8221;0px||0px||false|false&#8221; custom_padding=&#8221;0px||0px||false|false&#8221; border_color_bottom=&#8221;RGBA(255,255,255,0)&#8221; global_colors_info=&#8221;{}&#8221;][et_pb_row use_custom_gutter=&#8221;on&#8221; gutter_width=&#8221;2&#8243; _builder_version=&#8221;4.20.0&#8243; _module_preset=&#8221;default&#8221; custom_margin=&#8221;0px||0px||false|false&#8221; custom_padding=&#8221;0px||0px||false|false&#8221; global_colors_info=&#8221;{}&#8221;][et_pb_column type=&#8221;4_4&#8243; _builder_version=&#8221;4.20.0&#8243; _module_preset=&#8221;default&#8221; global_colors_info=&#8221;{}&#8221;][et_pb_text content_tablet=&#8221;<\/p>\n<h2>Postavljanje blokova<\/h2>\n<p>Ovaj video obja\u0161njava pravilnu ugradnju na\u0161ih blokova od drvenih vlakana vezanih cementom. Za detaljnije informacije pogledajte priru\u010dnik za instalaciju.<\/p>\n<p>&#8221; content_phone=&#8221;<\/p>\n<h2>Postavljanje blokova<\/h2>\n<p>Ovaj video obja\u0161njava pravilnu ugradnju na\u0161ih blokova od drvenih vlakana vezanih cementom. Za detaljnije informacije pogledajte priru\u010dnik za instalaciju.<\/p>\n<p>&#8221; content_last_edited=&#8221;on|desktop&#8221; _builder_version=&#8221;4.20.0&#8243; _module_preset=&#8221;default&#8221; text_font=&#8221;|300|||||||&#8221; header_line_height=&#8221;1.5em&#8221; header_2_font=&#8221;|||on|||||&#8221; header_2_text_color=&#8221;#00569c&#8221; header_2_font_size=&#8221;20px&#8221; header_2_line_height=&#8221;1.5em&#8221; custom_margin_tablet=&#8221;0px||||false|false&#8221; custom_margin_phone=&#8221;0px||||false|false&#8221; custom_margin_last_edited=&#8221;on|phone&#8221; locked=&#8221;off&#8221; global_colors_info=&#8221;{}&#8221;]<\/p>\n<p><strong>Kako napraviti nadvratnike za vrata i prozore?<\/strong> Za krajeve (ramena) koriste se <strong>UNI blok od 50 cm<\/strong> i <strong>UNI polublok od 25 cm<\/strong>. Za izradu bloka nadvratnika, potrebno je prepoloviti <strong>UNI blok od 50 cm.<\/strong> Izre\u017eite blok bilo kojom dostupnom pilom. <strong>Upotrijebite pola UNI bloka<\/strong> za izradu nadvratnika. Spojite dijelove kako biste stvorili nadstre\u0161nicu nalik zidu. Pripremite nosa\u010d nadvratnika za polublokove (UNI) i polo\u017eite ih na suho bez cementa. Spajanjem blokova, izolacija je prisutna na svim zidovima izlo\u017eenim toplini i hladno\u0107i.<\/p>\n<p>Nakon dovr\u0161etka nadvratnika, postavlja se <strong>standardni blok od 50 cm<\/strong> kako bi se vratio na razmak od 25 cm. To rezultira potpuno izoliranim utorom u koji se umetne armatura. S ISOTEX\u00ae metodom, izolacija je konstantna na svim otvorima u zidu (vratima i prozorima). Jednostavnom i brzom ugradnjom stvorili ste potpuno izoliran krov bez toplinskih mostova.<\/p>\n<p>[\/et_pb_text][\/et_pb_column][\/et_pb_row][\/et_pb_section][et_pb_section fb_built=&#8221;1&#8243; _builder_version=&#8221;4.20.0&#8243; _module_preset=&#8221;default&#8221; custom_margin=&#8221;20px||||false|false&#8221; custom_margin_tablet=&#8221;0px||0px||false|false&#8221; custom_margin_phone=&#8221;0px||0px||false|false&#8221; custom_margin_last_edited=&#8221;on|phone&#8221; custom_padding=&#8221;0px||||false|false&#8221; border_width_bottom=&#8221;1px&#8221; border_color_bottom=&#8221;#d3d2d3&#8243; global_colors_info=&#8221;{}&#8221;][et_pb_row column_structure=&#8221;1_2,1_2&#8243; use_custom_gutter=&#8221;on&#8221; gutter_width=&#8221;2&#8243; _builder_version=&#8221;4.20.0&#8243; _module_preset=&#8221;default&#8221; custom_css_main_element=&#8221;||&#8221; locked=&#8221;off&#8221; global_colors_info=&#8221;{}&#8221;][et_pb_column type=&#8221;1_2&#8243; _builder_version=&#8221;4.20.0&#8243; _module_preset=&#8221;default&#8221; custom_css_main_element=&#8221;width: 39%!important;&#8221; global_colors_info=&#8221;{}&#8221; custom_css_main_element_last_edited=&#8221;on|phone&#8221; custom_css_main_element_tablet=&#8221;width: 100%!important;&#8221; custom_css_main_element_phone=&#8221;width: 100%!important;&#8221;][et_pb_code _builder_version=&#8221;4.20.2&#8243; _module_preset=&#8221;default&#8221; custom_padding=&#8221;15px|15px|15px|15px|true|true&#8221; custom_padding_tablet=&#8221;10px|10px|10px|10px|true|true&#8221; custom_padding_phone=&#8221;7px|5px|7px|7px|true|false&#8221; custom_padding_last_edited=&#8221;on|phone&#8221; animation_style=&#8221;slide&#8221; animation_direction=&#8221;left&#8221; animation_intensity_slide=&#8221;10%&#8221; border_width_all=&#8221;1px&#8221; border_color_all=&#8221;#d3d2d3&#8243; global_colors_info=&#8221;{}&#8221;]<picture><source srcset=\"https:\/\/vitaproduct.com\/wp-content\/uploads\/2023\/02\/nadvoji-i-otvori-slika-1.webp\" type=\"image\/webp\"><source srcset=\"https:\/\/vitaproduct.com\/wp-content\/uploads\/2023\/02\/nadvoji-i-otvori-slika-1.jpg\" type=\"image\/jpeg\"><img decoding=\"async\" src=\"https:\/\/vitaproduct.com\/wp-content\/uploads\/2023\/02\/nadvoji-i-otvori-slika-1.jpg\" alt=\"Nadvoji i otvori\" title=\"Nadvoji i otvori\" loading=\"lazy\" width=\"960\" height=\"781\"><\/picture>[\/et_pb_code][\/et_pb_column][et_pb_column type=&#8221;1_2&#8243; _builder_version=&#8221;4.20.0&#8243; _module_preset=&#8221;default&#8221; custom_css_main_element=&#8221;width: 58%!important;&#8221; global_colors_info=&#8221;{}&#8221; custom_css_main_element_last_edited=&#8221;on|tablet&#8221; custom_css_main_element_tablet=&#8221;width: 58%!important;&#8221; custom_css_main_element_phone=&#8221;width: 58%!important;&#8221;][et_pb_code _builder_version=&#8221;4.20.2&#8243; _module_preset=&#8221;default&#8221; animation_style=&#8221;slide&#8221; animation_direction=&#8221;right&#8221; animation_intensity_slide=&#8221;10%&#8221; link_option_url=&#8221;https:\/\/www.youtube.com\/watch?v=YuSU4LY6WAY&#8221; link_option_url_new_window=&#8221;on&#8221; global_colors_info=&#8221;{}&#8221;]<picture><source srcset=\"https:\/\/vitaproduct.com\/wp-content\/uploads\/2023\/02\/nadvoji-i-otvori-youtube.webp\" type=\"image\/webp\"><source srcset=\"https:\/\/vitaproduct.com\/wp-content\/uploads\/2023\/02\/nadvoji-i-otvori-youtube.jpg\" type=\"image\/jpeg\"><img decoding=\"async\" src=\"https:\/\/vitaproduct.com\/wp-content\/uploads\/2023\/02\/nadvoji-i-otvori-youtube.jpg\" alt=\"Nadvoji i otvori - Youtube\" title=\"Nadvoji i otvori - Youtube\" loading=\"lazy\" width=\"1071\" height=\"602\"><\/picture>[\/et_pb_code][\/et_pb_column][\/et_pb_row][\/et_pb_section][et_pb_section fb_built=&#8221;1&#8243; _builder_version=&#8221;4.20.0&#8243; _module_preset=&#8221;default&#8221; custom_margin=&#8221;15px||||false|false&#8221; custom_padding=&#8221;15px||||false|false&#8221; border_width_bottom=&#8221;1px&#8221; border_color_bottom=&#8221;#d3d2d3&#8243; locked=&#8221;off&#8221; collapsed=&#8221;on&#8221; global_colors_info=&#8221;{}&#8221;][et_pb_row use_custom_gutter=&#8221;on&#8221; gutter_width=&#8221;2&#8243; _builder_version=&#8221;4.20.0&#8243; _module_preset=&#8221;default&#8221; custom_margin=&#8221;||||false|false&#8221; custom_padding=&#8221;0px|0px|20px|0px|false|false&#8221; global_colors_info=&#8221;{}&#8221;][et_pb_column type=&#8221;4_4&#8243; _builder_version=&#8221;4.19.4&#8243; _module_preset=&#8221;default&#8221; global_colors_info=&#8221;{}&#8221;][et_pb_text _builder_version=&#8221;4.20.0&#8243; _module_preset=&#8221;default&#8221; text_text_color=&#8221;#00569c&#8221; header_font=&#8221;|700|||||||&#8221; header_text_color=&#8221;#00569c&#8221; header_font_size=&#8221;63px&#8221; header_line_height=&#8221;1.2em&#8221; header_2_font=&#8221;|600|||||||&#8221; header_2_text_color=&#8221;#00569c&#8221; header_2_font_size=&#8221;40px&#8221; header_2_line_height=&#8221;50px&#8221; text_orientation=&#8221;center&#8221; custom_margin=&#8221;||0px||false|false&#8221; custom_padding=&#8221;||0px||false|false&#8221; header_font_size_tablet=&#8221;50px&#8221; header_font_size_phone=&#8221;28px&#8221; header_font_size_last_edited=&#8221;on|phone&#8221; header_2_font_size_tablet=&#8221;34px&#8221; header_2_font_size_phone=&#8221;24px&#8221; header_2_font_size_last_edited=&#8221;on|desktop&#8221; header_2_line_height_tablet=&#8221;44px&#8221; header_2_line_height_phone=&#8221;34px&#8221; header_2_line_height_last_edited=&#8221;on|desktop&#8221; locked=&#8221;off&#8221; global_colors_info=&#8221;{}&#8221;]<\/p>\n<h2>Za detaljnije informacije o ugradnji blokova pogledajte odjeljke s referencama:<\/h2>\n<p>[\/et_pb_text][\/et_pb_column][\/et_pb_row][et_pb_row column_structure=&#8221;1_3,1_3,1_3&#8243; use_custom_gutter=&#8221;on&#8221; gutter_width=&#8221;2&#8243; _builder_version=&#8221;4.20.0&#8243; _module_preset=&#8221;default&#8221; custom_margin=&#8221;||0px||false|false&#8221; custom_padding=&#8221;||0px||false|false&#8221; global_colors_info=&#8221;{}&#8221;][et_pb_column type=&#8221;1_3&#8243; _builder_version=&#8221;4.20.0&#8243; _module_preset=&#8221;default&#8221; background_color=&#8221;#00569c&#8221; custom_padding=&#8221;5px||5px||false|false&#8221; link_option_url=&#8221;\/instrukcije-za-ugao-30-7\/&#8221; global_colors_info=&#8221;{}&#8221; background__hover_enabled=&#8221;on|hover&#8221; background_color__hover=&#8221;#f4672d&#8221; background_enable_color__hover=&#8221;on&#8221;][et_pb_text _builder_version=&#8221;4.27.0&#8243; _module_preset=&#8221;default&#8221; text_font=&#8221;|700|||||||&#8221; text_text_color=&#8221;#FFFFFF&#8221; text_font_size=&#8221;15px&#8221; hover_enabled=&#8221;0&#8243; text_font_size_tablet=&#8221;15px&#8221; text_font_size_phone=&#8221;13px&#8221; text_font_size_last_edited=&#8221;on|phone&#8221; global_colors_info=&#8221;{}&#8221; sticky_enabled=&#8221;0&#8243;]<\/p>\n<p style=\"text-align: center;\"><strong>upute za 30\/7<\/strong><\/p>\n<div id=\"gtx-trans\" style=\"position: absolute; left: 397px; top: -10px;\">\n<div class=\"gtx-trans-icon\"><\/div>\n<\/div>\n<p>[\/et_pb_text][\/et_pb_column][et_pb_column type=&#8221;1_3&#8243; _builder_version=&#8221;4.20.0&#8243; _module_preset=&#8221;default&#8221; background_color=&#8221;#00569c&#8221; custom_padding=&#8221;5px||5px||false|false&#8221; link_option_url=&#8221;\/instrukcije-za-ugao-38-14\/&#8221; global_colors_info=&#8221;{}&#8221; background_color__hover=&#8221;#f4672d&#8221; background__hover_enabled=&#8221;on|hover&#8221; background_enable_color__hover=&#8221;on&#8221;][et_pb_text _builder_version=&#8221;4.27.0&#8243; _module_preset=&#8221;default&#8221; text_font=&#8221;|700|||||||&#8221; text_text_color=&#8221;#FFFFFF&#8221; text_font_size=&#8221;15px&#8221; hover_enabled=&#8221;0&#8243; text_font_size_tablet=&#8221;15px&#8221; text_font_size_phone=&#8221;13px&#8221; text_font_size_last_edited=&#8221;on|phone&#8221; locked=&#8221;off&#8221; global_colors_info=&#8221;{}&#8221; sticky_enabled=&#8221;0&#8243;]<\/p>\n<p style=\"text-align: center;\"><strong>upute za 38\/14<\/strong><\/p>\n<p>[\/et_pb_text][\/et_pb_column][et_pb_column type=&#8221;1_3&#8243; _builder_version=&#8221;4.20.0&#8243; _module_preset=&#8221;default&#8221; background_color=&#8221;#00569c&#8221; custom_padding=&#8221;5px||5px||false|false&#8221; link_option_url=&#8221;\/povezivanje-fasadnih-i-pregradnih-zidova\/&#8221; global_colors_info=&#8221;{}&#8221; background_color__hover=&#8221;#f4672d&#8221; background__hover_enabled=&#8221;on|hover&#8221; background_enable_color__hover=&#8221;on&#8221;][et_pb_text _builder_version=&#8221;4.20.0&#8243; _module_preset=&#8221;default&#8221; text_font=&#8221;|700|||||||&#8221; text_text_color=&#8221;#FFFFFF&#8221; text_font_size=&#8221;15px&#8221; text_font_size_tablet=&#8221;15px&#8221; text_font_size_phone=&#8221;13px&#8221; text_font_size_last_edited=&#8221;on|phone&#8221; locked=&#8221;off&#8221; global_colors_info=&#8221;{}&#8221;]<\/p>\n<p style=\"text-align: center;\"><strong>povezivanje fasadnih i pregradnih zidova<\/strong><\/p>\n<p>[\/et_pb_text][\/et_pb_column][\/et_pb_row][et_pb_row column_structure=&#8221;1_3,1_3,1_3&#8243; use_custom_gutter=&#8221;on&#8221; gutter_width=&#8221;2&#8243; _builder_version=&#8221;4.20.0&#8243; _module_preset=&#8221;default&#8221; custom_margin=&#8221;||0px||false|false&#8221; custom_padding=&#8221;||0px||false|false&#8221; global_colors_info=&#8221;{}&#8221;][et_pb_column type=&#8221;1_3&#8243; _builder_version=&#8221;4.20.0&#8243; _module_preset=&#8221;default&#8221; background_color=&#8221;#00569c&#8221; custom_padding=&#8221;5px||5px||false|false&#8221; link_option_url=&#8221;\/instrukcije-za-ugao-33-10\/&#8221; global_colors_info=&#8221;{}&#8221; background__hover_enabled=&#8221;on|hover&#8221; background_color__hover=&#8221;#f4672d&#8221; background_enable_color__hover=&#8221;on&#8221;][et_pb_text _builder_version=&#8221;4.27.0&#8243; _module_preset=&#8221;default&#8221; text_font=&#8221;|700|||||||&#8221; text_text_color=&#8221;#FFFFFF&#8221; text_font_size=&#8221;15px&#8221; hover_enabled=&#8221;0&#8243; text_font_size_tablet=&#8221;15px&#8221; text_font_size_phone=&#8221;13px&#8221; text_font_size_last_edited=&#8221;on|phone&#8221; global_colors_info=&#8221;{}&#8221; sticky_enabled=&#8221;0&#8243;]<\/p>\n<p style=\"text-align: center;\"><strong>upute za 33\/10<\/strong><\/p>\n<p>[\/et_pb_text][\/et_pb_column][et_pb_column type=&#8221;1_3&#8243; _builder_version=&#8221;4.20.0&#8243; _module_preset=&#8221;default&#8221; background_color=&#8221;#00569c&#8221; custom_padding=&#8221;5px||5px||false|false&#8221; link_option_url=&#8221;\/instrukcije-za-ugao-hdiii-44-20\/&#8221; global_colors_info=&#8221;{}&#8221; background_color__hover=&#8221;#f4672d&#8221; background__hover_enabled=&#8221;on|hover&#8221; background_enable_color__hover=&#8221;on&#8221;][et_pb_text _builder_version=&#8221;4.27.0&#8243; _module_preset=&#8221;default&#8221; text_font=&#8221;|700|||||||&#8221; text_text_color=&#8221;#FFFFFF&#8221; text_font_size=&#8221;15px&#8221; hover_enabled=&#8221;0&#8243; text_font_size_tablet=&#8221;15px&#8221; text_font_size_phone=&#8221;13px&#8221; text_font_size_last_edited=&#8221;on|phone&#8221; locked=&#8221;off&#8221; global_colors_info=&#8221;{}&#8221; sticky_enabled=&#8221;0&#8243;]<\/p>\n<p style=\"text-align: center;\"><strong>upute za 44\/20<\/strong><\/p>\n<p>[\/et_pb_text][\/et_pb_column][et_pb_column type=&#8221;1_3&#8243; _builder_version=&#8221;4.20.0&#8243; _module_preset=&#8221;default&#8221; background_color=&#8221;#00569c&#8221; background_enable_color=&#8221;off&#8221; custom_padding=&#8221;5px||5px||false|false&#8221; border_width_all=&#8221;1px&#8221; border_color_all=&#8221;#d3d2d3&#8243; global_colors_info=&#8221;{}&#8221; background_color__hover=&#8221;#f4672d&#8221; background__hover_enabled=&#8221;off|desktop&#8221; background_enable_color__hover=&#8221;on&#8221;][et_pb_text _builder_version=&#8221;4.27.0&#8243; _module_preset=&#8221;default&#8221; text_font=&#8221;|700|||||||&#8221; text_text_color=&#8221;#424242&#8243; text_font_size=&#8221;15px&#8221; hover_enabled=&#8221;0&#8243; text_font_size_tablet=&#8221;15px&#8221; text_font_size_phone=&#8221;13px&#8221; text_font_size_last_edited=&#8221;on|phone&#8221; locked=&#8221;off&#8221; global_colors_info=&#8221;{}&#8221; sticky_enabled=&#8221;0&#8243;]<\/p>\n<p style=\"text-align: center;\"><strong>upute za nadvoje i otvore<\/strong><\/p>\n<p>[\/et_pb_text][\/et_pb_column][\/et_pb_row][et_pb_row column_structure=&#8221;1_3,1_3,1_3&#8243; use_custom_gutter=&#8221;on&#8221; gutter_width=&#8221;2&#8243; _builder_version=&#8221;4.20.0&#8243; _module_preset=&#8221;default&#8221; custom_margin=&#8221;||0px||false|false&#8221; custom_padding=&#8221;||0px||false|false&#8221; global_colors_info=&#8221;{}&#8221;][et_pb_column type=&#8221;1_3&#8243; _builder_version=&#8221;4.20.0&#8243; _module_preset=&#8221;default&#8221; background_color=&#8221;#00569c&#8221; custom_padding=&#8221;5px||5px||false|false&#8221; link_option_url=&#8221;\/zavrsetak-visine-zida\/&#8221; global_colors_info=&#8221;{}&#8221; background__hover_enabled=&#8221;on|hover&#8221; background_color__hover=&#8221;#f4672d&#8221; background_enable_color__hover=&#8221;on&#8221;][et_pb_text _builder_version=&#8221;4.27.0&#8243; _module_preset=&#8221;default&#8221; text_font=&#8221;|700|||||||&#8221; text_text_color=&#8221;#FFFFFF&#8221; text_font_size=&#8221;15px&#8221; hover_enabled=&#8221;0&#8243; text_font_size_tablet=&#8221;15px&#8221; text_font_size_phone=&#8221;13px&#8221; text_font_size_last_edited=&#8221;on|phone&#8221; global_colors_info=&#8221;{}&#8221; sticky_enabled=&#8221;0&#8243;]<\/p>\n<p style=\"text-align: center;\"><strong>upute zavr\u0161etka visine zida<\/strong><\/p>\n<p>[\/et_pb_text][\/et_pb_column][et_pb_column type=&#8221;1_3&#8243; _builder_version=&#8221;4.20.0&#8243; _module_preset=&#8221;default&#8221; background_color=&#8221;#00569c&#8221; custom_padding=&#8221;5px||5px||false|false&#8221; link_option_url=&#8221;\/instrukcije-za-balkone-i-konzole\/&#8221; global_colors_info=&#8221;{}&#8221; background_color__hover=&#8221;#f4672d&#8221; background__hover_enabled=&#8221;on|hover&#8221; background_enable_color__hover=&#8221;on&#8221;][et_pb_text _builder_version=&#8221;4.27.0&#8243; _module_preset=&#8221;default&#8221; text_font=&#8221;|700|||||||&#8221; text_text_color=&#8221;#FFFFFF&#8221; text_font_size=&#8221;15px&#8221; hover_enabled=&#8221;0&#8243; text_font_size_tablet=&#8221;15px&#8221; text_font_size_phone=&#8221;13px&#8221; text_font_size_last_edited=&#8221;on|phone&#8221; locked=&#8221;off&#8221; global_colors_info=&#8221;{}&#8221; sticky_enabled=&#8221;0&#8243;]<\/p>\n<p style=\"text-align: center;\"><strong>upute za balkone i konzole<\/strong><\/p>\n<p>[\/et_pb_text][\/et_pb_column][et_pb_column type=&#8221;1_3&#8243; _builder_version=&#8221;4.20.0&#8243; _module_preset=&#8221;default&#8221; background_color=&#8221;#00569c&#8221; custom_padding=&#8221;5px||5px||false|false&#8221; link_option_url=&#8221;\/instrukcije-za-kanalice\/&#8221; global_colors_info=&#8221;{}&#8221; background_color__hover=&#8221;#f4672d&#8221; background__hover_enabled=&#8221;on|hover&#8221; background_enable_color__hover=&#8221;on&#8221;][et_pb_text _builder_version=&#8221;4.27.0&#8243; _module_preset=&#8221;default&#8221; text_font=&#8221;|700|||||||&#8221; text_text_color=&#8221;#FFFFFF&#8221; text_font_size=&#8221;15px&#8221; hover_enabled=&#8221;0&#8243; text_font_size_tablet=&#8221;15px&#8221; text_font_size_phone=&#8221;13px&#8221; text_font_size_last_edited=&#8221;on|phone&#8221; locked=&#8221;off&#8221; global_colors_info=&#8221;{}&#8221; sticky_enabled=&#8221;0&#8243;]<\/p>\n<p style=\"text-align: center;\"><strong>upute za kanalice<\/strong><\/p>\n<p>[\/et_pb_text][\/et_pb_column][\/et_pb_row][\/et_pb_section]<\/p>\n","protected":false},"excerpt":{"rendered":"<p>Nadvratnici i otvori za prozore i vrata. Polovica spalla blokova (30, 33 i 38) u kontinuitetu stvara okvire vrata, okvire prozora i nadvratnike za vrata i prozore.<\/p>\n","protected":false},"author":1,"featured_media":251304,"parent":0,"menu_order":0,"comment_status":"closed","ping_status":"closed","template":"","meta":{"_et_pb_use_builder":"on","_et_pb_old_content":"<!-- wp:divi\/placeholder \/-->","_et_gb_content_width":"","footnotes":""},"class_list":["post-253025","page","type-page","status-publish","has-post-thumbnail","hentry"],"_links":{"self":[{"href":"https:\/\/vitaproduct.com\/hr\/wp-json\/wp\/v2\/pages\/253025","targetHints":{"allow":["GET"]}}],"collection":[{"href":"https:\/\/vitaproduct.com\/hr\/wp-json\/wp\/v2\/pages"}],"about":[{"href":"https:\/\/vitaproduct.com\/hr\/wp-json\/wp\/v2\/types\/page"}],"author":[{"embeddable":true,"href":"https:\/\/vitaproduct.com\/hr\/wp-json\/wp\/v2\/users\/1"}],"replies":[{"embeddable":true,"href":"https:\/\/vitaproduct.com\/hr\/wp-json\/wp\/v2\/comments?post=253025"}],"version-history":[{"count":2,"href":"https:\/\/vitaproduct.com\/hr\/wp-json\/wp\/v2\/pages\/253025\/revisions"}],"predecessor-version":[{"id":253320,"href":"https:\/\/vitaproduct.com\/hr\/wp-json\/wp\/v2\/pages\/253025\/revisions\/253320"}],"wp:featuredmedia":[{"embeddable":true,"href":"https:\/\/vitaproduct.com\/hr\/wp-json\/wp\/v2\/media\/251304"}],"wp:attachment":[{"href":"https:\/\/vitaproduct.com\/hr\/wp-json\/wp\/v2\/media?parent=253025"}],"curies":[{"name":"wp","href":"https:\/\/api.w.org\/{rel}","templated":true}]}}