{"id":253051,"date":"2023-03-05T17:54:42","date_gmt":"2023-03-05T15:54:42","guid":{"rendered":"https:\/\/vitaproduct.com\/pretplatite-se\/"},"modified":"2025-04-29T12:19:36","modified_gmt":"2025-04-29T10:19:36","slug":"pretplatite-se","status":"publish","type":"page","link":"https:\/\/vitaproduct.com\/hr\/pretplatite-se\/","title":{"rendered":"Pretplatite se na Newsletter"},"content":{"rendered":"<p>[et_pb_section fb_built=&#8221;1&#8243; _builder_version=&#8221;4.20.2&#8243; _module_preset=&#8221;default&#8221; custom_margin=&#8221;||||false|false&#8221; custom_padding=&#8221;10px||||false|false&#8221; collapsed=&#8221;off&#8221; global_colors_info=&#8221;{}&#8221;][et_pb_row _builder_version=&#8221;4.19.4&#8243; _module_preset=&#8221;default&#8221; global_colors_info=&#8221;{}&#8221;][et_pb_column type=&#8221;4_4&#8243; _builder_version=&#8221;4.19.4&#8243; _module_preset=&#8221;default&#8221; global_colors_info=&#8221;{}&#8221;][et_pb_text _builder_version=&#8221;4.20.0&#8243; _module_preset=&#8221;default&#8221; text_text_color=&#8221;#00569c&#8221; header_font=&#8221;|700||on|||||&#8221; header_text_color=&#8221;#00569c&#8221; header_font_size=&#8221;63px&#8221; header_line_height=&#8221;73px&#8221; text_orientation=&#8221;center&#8221; custom_margin=&#8221;||0px||false|false&#8221; custom_padding=&#8221;||0px||false|false&#8221; header_font_size_tablet=&#8221;60px&#8221; header_font_size_phone=&#8221;30px&#8221; header_font_size_last_edited=&#8221;on|phone&#8221; header_line_height_tablet=&#8221;70px&#8221; header_line_height_phone=&#8221;40px&#8221; header_line_height_last_edited=&#8221;on|tablet&#8221; locked=&#8221;off&#8221; global_colors_info=&#8221;{}&#8221;]<\/p>\n<h1>Pretplatite se na Newsletter<\/h1>\n<p>[\/et_pb_text][et_pb_text _builder_version=&#8221;4.20.2&#8243; _module_preset=&#8221;default&#8221; text_font=&#8221;|300|||||||&#8221; text_line_height=&#8221;27px&#8221; text_orientation=&#8221;center&#8221; locked=&#8221;off&#8221; global_colors_info=&#8221;{}&#8221;]<\/p>\n<p><span>Budite informirani o najnovijim inovativnim\u00a0<\/span><strong><span>ISOTEX\u00a0<\/span><sup><span>\u00ae<\/span><\/sup><\/strong><span>\u00a0rje\u0161enjima, novim proizvodima, video te\u010dajevima, sajmovima, a tako\u0111er pogledajte i nove predmete koje redovito dodajemo u galeriju.<\/span><\/p>\n<p>[\/et_pb_text][\/et_pb_column][\/et_pb_row][et_pb_row admin_label=&#8221;Naslovna slika&#8221; _builder_version=&#8221;4.20.0&#8243; _module_preset=&#8221;default&#8221; width=&#8221;100%&#8221; max_width=&#8221;1520px&#8221; min_height=&#8221;100%&#8221; height=&#8221;100%&#8221; max_height=&#8221;100%&#8221; custom_padding=&#8221;0px||||false|false&#8221; global_colors_info=&#8221;{}&#8221;][et_pb_column type=&#8221;4_4&#8243; _builder_version=&#8221;4.20.0&#8243; _module_preset=&#8221;default&#8221; global_colors_info=&#8221;{}&#8221;][et_pb_code _builder_version=&#8221;4.20.0&#8243; _module_preset=&#8221;default&#8221; custom_margin=&#8221;0px|0px|0px|0px|false|false&#8221; custom_padding=&#8221;0px|0px|0px|0px|false|false&#8221; global_colors_info=&#8221;{}&#8221;]<picture><source srcset=\"https:\/\/vitaproduct.com\/wp-content\/uploads\/2023\/03\/newsletter.webp\" type=\"image\/webp\"><source srcset=\"https:\/\/vitaproduct.com\/wp-content\/uploads\/2023\/03\/newsletter.jpg\" type=\"image\/jpeg\"><img decoding=\"async\" src=\"https:\/\/vitaproduct.com\/wp-content\/uploads\/2023\/03\/newsletter.jpg\" alt=\"Pretplatite se na Newsletter\" title=\"Pretplatite se na Newsletter\" loading=\"lazy\" width=\"1920\" height=\"563\"><\/picture>[\/et_pb_code][\/et_pb_column][\/et_pb_row][et_pb_row _builder_version=&#8221;4.20.0&#8243; _module_preset=&#8221;default&#8221; global_colors_info=&#8221;{}&#8221;][et_pb_column type=&#8221;4_4&#8243; _builder_version=&#8221;4.20.0&#8243; _module_preset=&#8221;default&#8221; global_colors_info=&#8221;{}&#8221;][et_pb_text _builder_version=&#8221;4.20.2&#8243; _module_preset=&#8221;default&#8221; header_2_font=&#8221;|||on|||||&#8221; header_2_text_color=&#8221;#00569c&#8221; header_2_font_size=&#8221;24px&#8221; header_2_line_height=&#8221;1.3em&#8221; header_3_font=&#8221;|||on|||||&#8221; header_3_text_color=&#8221;#00569c&#8221; header_3_font_size=&#8221;24px&#8221; header_3_line_height=&#8221;34px&#8221; text_orientation=&#8221;center&#8221; custom_margin=&#8221;0px||0px||false|false&#8221; header_2_font_size_tablet=&#8221;21px&#8221; header_2_font_size_phone=&#8221;18px&#8221; header_2_font_size_last_edited=&#8221;on|tablet&#8221; header_3_font_size_tablet=&#8221;21px&#8221; header_3_font_size_phone=&#8221;18px&#8221; header_3_font_size_last_edited=&#8221;on|phone&#8221; header_3_line_height_tablet=&#8221;31px&#8221; header_3_line_height_phone=&#8221;28px&#8221; header_3_line_height_last_edited=&#8221;on|phone&#8221; global_colors_info=&#8221;{}&#8221;]<\/p>\n<h2>Pretplatite se na <strong>ISOTEX<sup>\u00ae<\/sup><\/strong> newsletter!<\/h2>\n<p>[\/et_pb_text][\/et_pb_column][\/et_pb_row][et_pb_row _builder_version=&#8221;4.20.0&#8243; _module_preset=&#8221;default&#8221; custom_margin=&#8221;10px||||false|false&#8221; custom_padding=&#8221;10px||||false|false&#8221; global_colors_info=&#8221;{}&#8221;][et_pb_column type=&#8221;4_4&#8243; _builder_version=&#8221;4.20.0&#8243; _module_preset=&#8221;default&#8221; global_colors_info=&#8221;{}&#8221;][et_pb_contact_form email=&#8221;info@vitaproduct.com&#8221; title=&#8221;Pretplata na newsletter&#8221; custom_message=&#8221;Email adresa: %%email_address%%||et_pb_line_break_holder||Va\u0161e ime: %%vase_ime%%||et_pb_line_break_holder||Va\u0161e prezime: %%vase_prezime%%||et_pb_line_break_holder||Telefon: %%telefon%%||et_pb_line_break_holder||Grad: %%grad%%||et_pb_line_break_holder||Dr\u017eava: %%drzava%%||et_pb_line_break_holder||Politika privatnosti: %%politika_privatnosti%%||et_pb_line_break_holder||Pristanak na Newsletter: %%pristanak_na_newsletter%%&#8221; success_message=&#8221;Uspje\u0161no ste se pretplatili na na\u0161 newsletter! Od sada \u0107ete primati obavje\u0161tenja  o najnovijim ISOTEX\u00ae inovativnim rje\u0161enjima, novim proizvodima, video kursevima, sajmovima, ujedno i pregledajte nove objekte koje redovno dodajemo u galeriju. U bilo kojem trenutku mo\u017eete odustati od na\u0161eg newsletter-a.&#8221; submit_button_text=&#8221;pretplatite se&#8221; _builder_version=&#8221;4.20.2&#8243; _module_preset=&#8221;default&#8221; _unique_id=&#8221;c2d86c5c-594e-48e7-b536-109704dbd40d&#8221; form_field_background_color=&#8221;#FFFFFF&#8221; form_field_text_color=&#8221;#00569c&#8221; title_level=&#8221;h2&#8243; title_text_color=&#8221;#00569c&#8221; form_field_font=&#8221;|300|||||||&#8221; form_field_font_size=&#8221;15px&#8221; custom_button=&#8221;on&#8221; button_text_color=&#8221;#FFFFFF&#8221; button_bg_color=&#8221;#00569c&#8221; button_border_width=&#8221;0px&#8221; button_icon=&#8221;&#xf1d8;||fa||900&#8243; text_orientation=&#8221;center&#8221; width=&#8221;50%&#8221; width_tablet=&#8221;50%&#8221; width_phone=&#8221;50%&#8221; width_last_edited=&#8221;on|phone&#8221; module_alignment=&#8221;center&#8221; border_width_all=&#8221;1px&#8221; border_color_all=&#8221;#00569c&#8221; global_colors_info=&#8221;{}&#8221; button_bg_color__hover_enabled=&#8221;on|desktop&#8221; button_bg_color__hover=&#8221;#f57333&#8243; button_bg_enable_color__hover=&#8221;on&#8221;][et_pb_contact_field field_id=&#8221;email_address&#8221; field_title=&#8221;Email adresa&#8221; field_type=&#8221;email&#8221; fullwidth_field=&#8221;on&#8221; _builder_version=&#8221;4.20.0&#8243; global_colors_info=&#8221;{}&#8221; button_text_size__hover_enabled=&#8221;off&#8221; button_one_text_size__hover_enabled=&#8221;off&#8221; button_two_text_size__hover_enabled=&#8221;off&#8221; button_text_color__hover_enabled=&#8221;off&#8221; button_one_text_color__hover_enabled=&#8221;off&#8221; button_two_text_color__hover_enabled=&#8221;off&#8221; button_border_width__hover_enabled=&#8221;off&#8221; button_one_border_width__hover_enabled=&#8221;off&#8221; button_two_border_width__hover_enabled=&#8221;off&#8221; button_border_color__hover_enabled=&#8221;off&#8221; button_one_border_color__hover_enabled=&#8221;off&#8221; button_two_border_color__hover_enabled=&#8221;off&#8221; button_border_radius__hover_enabled=&#8221;off&#8221; button_one_border_radius__hover_enabled=&#8221;off&#8221; button_two_border_radius__hover_enabled=&#8221;off&#8221; button_letter_spacing__hover_enabled=&#8221;off&#8221; button_one_letter_spacing__hover_enabled=&#8221;off&#8221; button_two_letter_spacing__hover_enabled=&#8221;off&#8221; button_bg_color__hover_enabled=&#8221;off&#8221; button_one_bg_color__hover_enabled=&#8221;off&#8221; button_two_bg_color__hover_enabled=&#8221;off&#8221;][\/et_pb_contact_field][et_pb_contact_field field_id=&#8221;vase_ime&#8221; field_title=&#8221;Va\u0161e ime&#8221; fullwidth_field=&#8221;on&#8221; _builder_version=&#8221;4.20.0&#8243; global_colors_info=&#8221;{}&#8221; button_text_size__hover_enabled=&#8221;off&#8221; button_one_text_size__hover_enabled=&#8221;off&#8221; button_two_text_size__hover_enabled=&#8221;off&#8221; button_text_color__hover_enabled=&#8221;off&#8221; button_one_text_color__hover_enabled=&#8221;off&#8221; button_two_text_color__hover_enabled=&#8221;off&#8221; button_border_width__hover_enabled=&#8221;off&#8221; button_one_border_width__hover_enabled=&#8221;off&#8221; button_two_border_width__hover_enabled=&#8221;off&#8221; button_border_color__hover_enabled=&#8221;off&#8221; button_one_border_color__hover_enabled=&#8221;off&#8221; button_two_border_color__hover_enabled=&#8221;off&#8221; button_border_radius__hover_enabled=&#8221;off&#8221; button_one_border_radius__hover_enabled=&#8221;off&#8221; button_two_border_radius__hover_enabled=&#8221;off&#8221; button_letter_spacing__hover_enabled=&#8221;off&#8221; button_one_letter_spacing__hover_enabled=&#8221;off&#8221; button_two_letter_spacing__hover_enabled=&#8221;off&#8221; button_bg_color__hover_enabled=&#8221;off&#8221; button_one_bg_color__hover_enabled=&#8221;off&#8221; button_two_bg_color__hover_enabled=&#8221;off&#8221;][\/et_pb_contact_field][et_pb_contact_field field_id=&#8221;vase_prezime&#8221; field_title=&#8221;Va\u0161e prezime&#8221; fullwidth_field=&#8221;on&#8221; _builder_version=&#8221;4.20.0&#8243; global_colors_info=&#8221;{}&#8221; button_text_size__hover_enabled=&#8221;off&#8221; button_one_text_size__hover_enabled=&#8221;off&#8221; button_two_text_size__hover_enabled=&#8221;off&#8221; button_text_color__hover_enabled=&#8221;off&#8221; button_one_text_color__hover_enabled=&#8221;off&#8221; button_two_text_color__hover_enabled=&#8221;off&#8221; button_border_width__hover_enabled=&#8221;off&#8221; button_one_border_width__hover_enabled=&#8221;off&#8221; button_two_border_width__hover_enabled=&#8221;off&#8221; button_border_color__hover_enabled=&#8221;off&#8221; button_one_border_color__hover_enabled=&#8221;off&#8221; button_two_border_color__hover_enabled=&#8221;off&#8221; button_border_radius__hover_enabled=&#8221;off&#8221; button_one_border_radius__hover_enabled=&#8221;off&#8221; button_two_border_radius__hover_enabled=&#8221;off&#8221; button_letter_spacing__hover_enabled=&#8221;off&#8221; button_one_letter_spacing__hover_enabled=&#8221;off&#8221; button_two_letter_spacing__hover_enabled=&#8221;off&#8221; button_bg_color__hover_enabled=&#8221;off&#8221; button_one_bg_color__hover_enabled=&#8221;off&#8221; button_two_bg_color__hover_enabled=&#8221;off&#8221;][\/et_pb_contact_field][et_pb_contact_field field_id=&#8221;telefon&#8221; field_title=&#8221;Telefon&#8221; allowed_symbols=&#8221;numbers&#8221; fullwidth_field=&#8221;on&#8221; _builder_version=&#8221;4.20.0&#8243; _module_preset=&#8221;default&#8221; global_colors_info=&#8221;{}&#8221;][\/et_pb_contact_field][et_pb_contact_field field_id=&#8221;grad&#8221; field_title=&#8221;Grad&#8221; fullwidth_field=&#8221;on&#8221; _builder_version=&#8221;4.20.0&#8243; _module_preset=&#8221;default&#8221; global_colors_info=&#8221;{}&#8221;][\/et_pb_contact_field][et_pb_contact_field field_id=&#8221;drzava&#8221; field_title=&#8221;Dr\u017eava&#8221; field_type=&#8221;select&#8221; select_options=&#8221;%91{%22value%22:%22Bosna i Hercegovina%22,%22checked%22:0,%22dragID%22:-1},{%22value%22:%22Crna Gora%22,%22checked%22:0,%22dragID%22:0},{%22value%22:%22Hrvatska%22,%22checked%22:0,%22dragID%22:1},{%22value%22:%22Srbija%22,%22checked%22:0,%22dragID%22:2},{%22value%22:%22Slovenija%22,%22checked%22:0,%22dragID%22:3}%93&#8243; fullwidth_field=&#8221;on&#8221; _builder_version=&#8221;4.20.0&#8243; _module_preset=&#8221;default&#8221; global_colors_info=&#8221;{}&#8221;][\/et_pb_contact_field][et_pb_contact_field field_id=&#8221;politika_privatnosti&#8221; field_title=&#8221;Politika privatnosti&#8221; field_type=&#8221;checkbox&#8221; checkbox_options=&#8221;%91{%22value%22:%22Prihvatam uslove politike privatnosti%22,%22checked%22:0,%22dragID%22:-1}%93&#8243; fullwidth_field=&#8221;on&#8221; _builder_version=&#8221;4.20.0&#8243; _module_preset=&#8221;default&#8221; global_colors_info=&#8221;{}&#8221;][\/et_pb_contact_field][et_pb_contact_field field_id=&#8221;pristanak_na_newsletter&#8221; field_title=&#8221;Pristanak na Newsletter&#8221; field_type=&#8221;checkbox&#8221; checkbox_options=&#8221;%91{%22value%22:%22\u017delim primati informacije putem newsletter-a%22,%22checked%22:0,%22dragID%22:-1}%93&#8243; fullwidth_field=&#8221;on&#8221; _builder_version=&#8221;4.20.0&#8243; _module_preset=&#8221;default&#8221; global_colors_info=&#8221;{}&#8221;][\/et_pb_contact_field][\/et_pb_contact_form][\/et_pb_column][\/et_pb_row][\/et_pb_section]<\/p>\n","protected":false},"excerpt":{"rendered":"<p>Budite informirani o najnovijim inovativnim Isotex rje\u0161enjima, novim proizvodima, te\u010dajevima, sajmovima, a tako\u0111er pogledajte nove predmete koje redovito dodajemo u galeriju.<\/p>\n","protected":false},"author":1,"featured_media":251699,"parent":0,"menu_order":0,"comment_status":"closed","ping_status":"closed","template":"","meta":{"_et_pb_use_builder":"on","_et_pb_old_content":"","_et_gb_content_width":"","footnotes":""},"class_list":["post-253051","page","type-page","status-publish","has-post-thumbnail","hentry"],"_links":{"self":[{"href":"https:\/\/vitaproduct.com\/hr\/wp-json\/wp\/v2\/pages\/253051","targetHints":{"allow":["GET"]}}],"collection":[{"href":"https:\/\/vitaproduct.com\/hr\/wp-json\/wp\/v2\/pages"}],"about":[{"href":"https:\/\/vitaproduct.com\/hr\/wp-json\/wp\/v2\/types\/page"}],"author":[{"embeddable":true,"href":"https:\/\/vitaproduct.com\/hr\/wp-json\/wp\/v2\/users\/1"}],"replies":[{"embeddable":true,"href":"https:\/\/vitaproduct.com\/hr\/wp-json\/wp\/v2\/comments?post=253051"}],"version-history":[{"count":2,"href":"https:\/\/vitaproduct.com\/hr\/wp-json\/wp\/v2\/pages\/253051\/revisions"}],"predecessor-version":[{"id":253369,"href":"https:\/\/vitaproduct.com\/hr\/wp-json\/wp\/v2\/pages\/253051\/revisions\/253369"}],"wp:featuredmedia":[{"embeddable":true,"href":"https:\/\/vitaproduct.com\/hr\/wp-json\/wp\/v2\/media\/251699"}],"wp:attachment":[{"href":"https:\/\/vitaproduct.com\/hr\/wp-json\/wp\/v2\/media?parent=253051"}],"curies":[{"name":"wp","href":"https:\/\/api.w.org\/{rel}","templated":true}]}}