{"id":253121,"date":"2023-03-05T22:20:09","date_gmt":"2023-03-05T20:20:09","guid":{"rendered":"https:\/\/vitaproduct.com\/uslovi-koristenja\/"},"modified":"2025-04-29T15:58:33","modified_gmt":"2025-04-29T13:58:33","slug":"uslovi-koristenja","status":"publish","type":"page","link":"https:\/\/vitaproduct.com\/hr\/uslovi-koristenja\/","title":{"rendered":"Uvjeti kori\u0161tenja"},"content":{"rendered":"<p>[et_pb_section fb_built=&#8221;1&#8243; _builder_version=&#8221;4.20.2&#8243; _module_preset=&#8221;default&#8221; custom_margin=&#8221;||||false|false&#8221; custom_padding=&#8221;10px||||false|false&#8221; collapsed=&#8221;off&#8221; global_colors_info=&#8221;{}&#8221;][et_pb_row _builder_version=&#8221;4.19.4&#8243; _module_preset=&#8221;default&#8221; global_colors_info=&#8221;{}&#8221;][et_pb_column type=&#8221;4_4&#8243; _builder_version=&#8221;4.19.4&#8243; _module_preset=&#8221;default&#8221; global_colors_info=&#8221;{}&#8221;][et_pb_text _builder_version=&#8221;4.20.0&#8243; _module_preset=&#8221;default&#8221; text_text_color=&#8221;#00569c&#8221; header_font=&#8221;|700||on|||||&#8221; header_text_color=&#8221;#00569c&#8221; header_font_size=&#8221;63px&#8221; header_line_height=&#8221;1.2em&#8221; text_orientation=&#8221;center&#8221; custom_margin=&#8221;||10px||false|false&#8221; custom_padding=&#8221;||10px||false|false&#8221; header_font_size_tablet=&#8221;50px&#8221; header_font_size_phone=&#8221;30px&#8221; header_font_size_last_edited=&#8221;on|phone&#8221; locked=&#8221;off&#8221; global_colors_info=&#8221;{}&#8221;]<\/p>\n<h1>UVJETI KORI\u0160TENJA<\/h1>\n<p>[\/et_pb_text][et_pb_text _builder_version=&#8221;4.20.2&#8243; _module_preset=&#8221;default&#8221; text_font=&#8221;|300|||||||&#8221; text_orientation=&#8221;center&#8221; custom_margin=&#8221;-10px||||false|false&#8221; custom_margin_tablet=&#8221;-10px||||false|false&#8221; custom_margin_phone=&#8221;-10px||||false|false&#8221; custom_margin_last_edited=&#8221;on|phone&#8221; custom_padding=&#8221;0px||||false|false&#8221; locked=&#8221;off&#8221; global_colors_info=&#8221;{}&#8221;]<\/p>\n<p>Hvala vam \u0161to ste posjetili na\u0161u web stranicu. Va\u0161 pristup i kori\u0161tenje <strong>ISOTEX\u00ae &#8211; Vitaproduct d.o.o.<\/strong> stranica. (<strong>vitaproduct.com<\/strong> &#8211; u daljnjem tekstu &#8220;<strong>web stranica<\/strong>&#8220;) podlije\u017ee ovim uvjetima kori\u0161tenja i va\u017ee\u0107im zakonskim propisima koji reguliraju ovo podru\u010dje. Pristupom i kori\u0161tenjem web stranice prihva\u0107ate ove uvjete kori\u0161tenja bez ograni\u010denja. Ako ne prihva\u0107ate ove uvjete kori\u0161tenja bez ograni\u010denja, molimo vas da napustite vitaproduct.com.<\/p>\n<p>[\/et_pb_text][\/et_pb_column][\/et_pb_row][et_pb_row admin_label=&#8221;Naslovna slika&#8221; _builder_version=&#8221;4.20.0&#8243; _module_preset=&#8221;default&#8221; width=&#8221;100%&#8221; max_width=&#8221;1520px&#8221; min_height=&#8221;100%&#8221; height=&#8221;100%&#8221; max_height=&#8221;100%&#8221; custom_padding=&#8221;0px||||false|false&#8221; global_colors_info=&#8221;{}&#8221;][et_pb_column type=&#8221;4_4&#8243; _builder_version=&#8221;4.20.0&#8243; _module_preset=&#8221;default&#8221; global_colors_info=&#8221;{}&#8221;][et_pb_code _builder_version=&#8221;4.20.0&#8243; _module_preset=&#8221;default&#8221; custom_margin=&#8221;0px|0px|0px|0px|false|false&#8221; custom_padding=&#8221;0px|0px|0px|0px|false|false&#8221; global_colors_info=&#8221;{}&#8221;]<picture><source srcset=\"https:\/\/vitaproduct.com\/wp-content\/uploads\/2023\/03\/uslovi-koristenja.webp\" type=\"image\/webp\"><source srcset=\"https:\/\/vitaproduct.com\/wp-content\/uploads\/2023\/03\/uslovi-koristenja.jpg\" type=\"image\/jpeg\"><img decoding=\"async\" src=\"https:\/\/vitaproduct.com\/wp-content\/uploads\/2023\/03\/uslovi-koristenja.jpg\" alt=\"Uslovi kori\u0161tenja\" title=\"Uslovi kori\u0161tenja\" loading=\"lazy\" width=\"1920\" height=\"498\"><\/picture>[\/et_pb_code][\/et_pb_column][\/et_pb_row][et_pb_row _builder_version=&#8221;4.27.0&#8243; _module_preset=&#8221;default&#8221; custom_margin=&#8221;12px||12px||false|false&#8221; custom_padding=&#8221;12px||12px||false|false&#8221; animation_style=&#8221;slide&#8221; animation_direction=&#8221;right&#8221; animation_intensity_slide=&#8221;10%&#8221; hover_enabled=&#8221;0&#8243; global_colors_info=&#8221;{}&#8221; sticky_enabled=&#8221;0&#8243;][et_pb_column type=&#8221;4_4&#8243; _builder_version=&#8221;4.20.0&#8243; _module_preset=&#8221;default&#8221; global_colors_info=&#8221;{}&#8221;][et_pb_text _builder_version=&#8221;4.20.2&#8243; _module_preset=&#8221;default&#8221; text_font=&#8221;|300|||||||&#8221; text_text_color=&#8221;#424242&#8243; text_line_height=&#8221;27px&#8221; header_font=&#8221;|600|||||||&#8221; header_text_color=&#8221;#00569c&#8221; header_font_size=&#8221;63px&#8221; header_line_height=&#8221;1.2em&#8221; header_2_font=&#8221;|||on|||||&#8221; header_2_text_color=&#8221;#00569c&#8221; header_2_line_height=&#8221;1.5em&#8221; custom_margin=&#8221;0px||0px||false|false&#8221; custom_padding=&#8221;0px||0px||false|false&#8221; header_font_size_tablet=&#8221;50px&#8221; header_font_size_phone=&#8221;30px&#8221; header_font_size_last_edited=&#8221;on|phone&#8221; header_2_font_size_tablet=&#8221;25px&#8221; header_2_font_size_phone=&#8221;19px&#8221; header_2_font_size_last_edited=&#8221;on|phone&#8221; locked=&#8221;off&#8221; global_colors_info=&#8221;{}&#8221;]<\/p>\n<h2 style=\"text-align: left;\">1. Vlasni\u0161tvo sadr\u017eaja<\/h2>\n<p style=\"text-align: left;\">Web-stranica i svi tekstovi, logotipi, grafike, slike, audio materijali i ostali materijali na ovoj web-stranici (u daljnjem tekstu: Sadr\u017eaj) autorsko su pravo ili vlasni\u0161tvo tvrtke <strong>Vitaproduct d.o.o<\/strong>. ili su postavljeni na web stranicu uz dopu\u0161tenje renomirane talijanske tvrtke ISOTEX\u00ae kao ovla\u0161tenog nositelja prava. Kori\u0161tenje Sadr\u017eaja, osim kako je opisano u ovim uvjetima kori\u0161tenja, bez pismenog dopu\u0161tenja vlasnika Sadr\u017eaja strogo je zabranjeno. Vitaproduct d.o.o. \u0161titit \u0107e svoja autorska prava, prava intelektualnog vlasni\u0161tva i druga srodna prava, kao i druga prava, u najve\u0107oj mogu\u0107oj mjeri dopu\u0161tenoj zakonom, uklju\u010duju\u0107i i kazneni progon.<\/p>\n<p>[\/et_pb_text][\/et_pb_column][\/et_pb_row][et_pb_row _builder_version=&#8221;4.20.0&#8243; _module_preset=&#8221;default&#8221; custom_margin=&#8221;12px||12px||false|false&#8221; custom_padding=&#8221;12px||12px||false|false&#8221; animation_style=&#8221;slide&#8221; animation_direction=&#8221;right&#8221; animation_intensity_slide=&#8221;10%&#8221; global_colors_info=&#8221;{}&#8221;][et_pb_column type=&#8221;4_4&#8243; _builder_version=&#8221;4.20.0&#8243; _module_preset=&#8221;default&#8221; global_colors_info=&#8221;{}&#8221;][et_pb_text _builder_version=&#8221;4.20.0&#8243; _module_preset=&#8221;default&#8221; text_font=&#8221;|300|||||||&#8221; text_text_color=&#8221;#424242&#8243; text_line_height=&#8221;27px&#8221; header_font=&#8221;|600|||||||&#8221; header_text_color=&#8221;#00569c&#8221; header_font_size=&#8221;63px&#8221; header_line_height=&#8221;1.2em&#8221; header_2_font=&#8221;|||on|||||&#8221; header_2_text_color=&#8221;#00569c&#8221; header_2_line_height=&#8221;1.5em&#8221; custom_margin=&#8221;0px||0px||false|false&#8221; custom_padding=&#8221;0px||0px||false|false&#8221; header_font_size_tablet=&#8221;50px&#8221; header_font_size_phone=&#8221;30px&#8221; header_font_size_last_edited=&#8221;on|phone&#8221; header_2_font_size_tablet=&#8221;25px&#8221; header_2_font_size_phone=&#8221;19px&#8221; header_2_font_size_last_edited=&#8221;on|phone&#8221; locked=&#8221;off&#8221; global_colors_info=&#8221;{}&#8221;]<\/p>\n<h2 style=\"text-align: left;\">2. Va\u0161a upotreba internet sajta<\/h2>\n<p>Sadr\u017eaj web stranice mo\u017ee sadr\u017eavati neto\u010dne informacije ili tipografske pogre\u0161ke. Promjene na web stranici mogu se vr\u0161iti periodi\u010dno u bilo kojem trenutku i bez prethodne najave. Me\u0111utim, <strong>Vitaproduct d.o.o.<\/strong> ne obvezuje se redovito a\u017eurirati informacije sadr\u017eane na ovoj web stranici.<\/p>\n<p>Tako\u0111er, <strong>Vitaproduct<\/strong> <strong>d.o.o.<\/strong> ne jam\u010di da \u0107e web stranica funkcionirati bez prekida ili pogre\u0161aka, da \u0107e nedostaci biti ispravljeni na vrijeme ili da je web stranica kompatibilna s va\u0161im hardverom ili softverom. Informacije navedene na ovoj web stranici uglavnom su preuzete od renomirane talijanske tvrtke <strong>ISOTEX\u00ae<\/strong>, koja posjeduje sve EU certifikate kroz ispitivanja u raznim podru\u010djima.<\/p>\n<p>[\/et_pb_text][\/et_pb_column][\/et_pb_row][et_pb_row _builder_version=&#8221;4.20.0&#8243; _module_preset=&#8221;default&#8221; custom_margin=&#8221;12px||12px||false|false&#8221; custom_padding=&#8221;12px||12px||false|false&#8221; animation_style=&#8221;slide&#8221; animation_direction=&#8221;right&#8221; animation_intensity_slide=&#8221;10%&#8221; global_colors_info=&#8221;{}&#8221;][et_pb_column type=&#8221;4_4&#8243; _builder_version=&#8221;4.20.0&#8243; _module_preset=&#8221;default&#8221; global_colors_info=&#8221;{}&#8221;][et_pb_text _builder_version=&#8221;4.20.0&#8243; _module_preset=&#8221;default&#8221; text_font=&#8221;|300|||||||&#8221; text_text_color=&#8221;#424242&#8243; text_line_height=&#8221;27px&#8221; header_font=&#8221;|600|||||||&#8221; header_text_color=&#8221;#00569c&#8221; header_font_size=&#8221;63px&#8221; header_line_height=&#8221;1.2em&#8221; header_2_font=&#8221;|||on|||||&#8221; header_2_text_color=&#8221;#00569c&#8221; header_2_line_height=&#8221;1.5em&#8221; custom_margin=&#8221;0px||0px||false|false&#8221; custom_padding=&#8221;0px||0px||false|false&#8221; header_font_size_tablet=&#8221;50px&#8221; header_font_size_phone=&#8221;30px&#8221; header_font_size_last_edited=&#8221;on|phone&#8221; header_2_font_size_tablet=&#8221;25px&#8221; header_2_font_size_phone=&#8221;19px&#8221; header_2_font_size_last_edited=&#8221;on|phone&#8221; locked=&#8221;off&#8221; global_colors_info=&#8221;{}&#8221;]<\/p>\n<h2 style=\"text-align: left;\">3. ODRICANJE OD ODGOVORNOSTI<\/h2>\n<p style=\"text-align: left;\">Web-stranicu koristite na vlastitu odgovornost. <strong>Vitaproduct d.o.o.<\/strong> ne odgovara za bilo kakvu materijalnu ili nematerijalnu \u0161tetu, izravnu ili neizravnu, koja proizlazi iz kori\u0161tenja ili je na bilo koji na\u010din povezana s kori\u0161tenjem web stranice ili njezinog sadr\u017eaja.<\/p>\n<p>[\/et_pb_text][\/et_pb_column][\/et_pb_row][et_pb_row _builder_version=&#8221;4.20.0&#8243; _module_preset=&#8221;default&#8221; custom_margin=&#8221;12px||12px||false|false&#8221; custom_padding=&#8221;12px||12px||false|false&#8221; animation_style=&#8221;slide&#8221; animation_direction=&#8221;right&#8221; animation_intensity_slide=&#8221;10%&#8221; global_colors_info=&#8221;{}&#8221;][et_pb_column type=&#8221;4_4&#8243; _builder_version=&#8221;4.20.0&#8243; _module_preset=&#8221;default&#8221; global_colors_info=&#8221;{}&#8221;][et_pb_text _builder_version=&#8221;4.20.0&#8243; _module_preset=&#8221;default&#8221; text_font=&#8221;|300|||||||&#8221; text_text_color=&#8221;#424242&#8243; text_line_height=&#8221;27px&#8221; header_font=&#8221;|600|||||||&#8221; header_text_color=&#8221;#00569c&#8221; header_font_size=&#8221;63px&#8221; header_line_height=&#8221;1.2em&#8221; header_2_font=&#8221;|||on|||||&#8221; header_2_text_color=&#8221;#00569c&#8221; header_2_line_height=&#8221;1.5em&#8221; custom_margin=&#8221;0px||0px||false|false&#8221; custom_padding=&#8221;0px||0px||false|false&#8221; header_font_size_tablet=&#8221;50px&#8221; header_font_size_phone=&#8221;30px&#8221; header_font_size_last_edited=&#8221;on|phone&#8221; header_2_font_size_tablet=&#8221;25px&#8221; header_2_font_size_phone=&#8221;19px&#8221; header_2_font_size_last_edited=&#8221;on|phone&#8221; locked=&#8221;off&#8221; global_colors_info=&#8221;{}&#8221;]<\/p>\n<h2 style=\"text-align: left;\">4. VEZE NA WEB-MJESTA TRE\u0106IH STRANA<\/h2>\n<p>Web-stranica mo\u017ee sadr\u017eavati poveznice na druge web-stranice \u010diji vlasnik ili korisnik nije Vitaproduct doo. Takve poveznice pru\u017eaju se isklju\u010divo kako bi vam pru\u017eile \u0161to vi\u0161e informacija.<\/p>\n<p><strong>Vitaproduct d.o.o<\/strong>. ne kontrolira i nije odgovoran za rad, sadr\u017eaj, pravila o privatnosti ili sigurnost ovih stranica.<\/p>\n<p>[\/et_pb_text][\/et_pb_column][\/et_pb_row][et_pb_row _builder_version=&#8221;4.20.0&#8243; _module_preset=&#8221;default&#8221; custom_margin=&#8221;12px||12px||false|false&#8221; custom_padding=&#8221;12px||12px||false|false&#8221; animation_style=&#8221;slide&#8221; animation_direction=&#8221;right&#8221; animation_intensity_slide=&#8221;10%&#8221; global_colors_info=&#8221;{}&#8221;][et_pb_column type=&#8221;4_4&#8243; _builder_version=&#8221;4.20.0&#8243; _module_preset=&#8221;default&#8221; global_colors_info=&#8221;{}&#8221;][et_pb_text _builder_version=&#8221;4.20.0&#8243; _module_preset=&#8221;default&#8221; text_font=&#8221;|300|||||||&#8221; text_text_color=&#8221;#424242&#8243; text_line_height=&#8221;27px&#8221; header_font=&#8221;|600|||||||&#8221; header_text_color=&#8221;#00569c&#8221; header_font_size=&#8221;63px&#8221; header_line_height=&#8221;1.2em&#8221; header_2_font=&#8221;|||on|||||&#8221; header_2_text_color=&#8221;#00569c&#8221; header_2_line_height=&#8221;1.5em&#8221; custom_margin=&#8221;0px||0px||false|false&#8221; custom_padding=&#8221;0px||0px||false|false&#8221; header_font_size_tablet=&#8221;50px&#8221; header_font_size_phone=&#8221;30px&#8221; header_font_size_last_edited=&#8221;on|phone&#8221; header_2_font_size_tablet=&#8221;25px&#8221; header_2_font_size_phone=&#8221;19px&#8221; header_2_font_size_last_edited=&#8221;on|phone&#8221; locked=&#8221;off&#8221; global_colors_info=&#8221;{}&#8221;]<\/p>\n<h2 style=\"text-align: left;\">5. Promjena uvjeta kori\u0161tenja<\/h2>\n<p><strong>Vitaproduct d.o.o<\/strong>. mo\u017ee u bilo kojem trenutku izmijeniti ove uvjete kori\u0161tenja a\u017euriranjem ovog teksta. Automatski \u0107ete biti obvezani novim uvjetima kori\u0161tenja sadr\u017eanim u promjenama te biste stoga trebali povremeno posje\u0107ivati \u200b\u200bovu stranicu kako biste se upoznali s trenutno va\u017ee\u0107im uvjetima kori\u0161tenja.<\/p>\n<p>[\/et_pb_text][\/et_pb_column][\/et_pb_row][et_pb_row _builder_version=&#8221;4.20.0&#8243; _module_preset=&#8221;default&#8221; custom_margin=&#8221;12px||||false|false&#8221; custom_padding=&#8221;12px||||false|false&#8221; animation_style=&#8221;slide&#8221; animation_direction=&#8221;right&#8221; animation_intensity_slide=&#8221;10%&#8221; global_colors_info=&#8221;{}&#8221;][et_pb_column type=&#8221;4_4&#8243; _builder_version=&#8221;4.20.0&#8243; _module_preset=&#8221;default&#8221; global_colors_info=&#8221;{}&#8221;][et_pb_text _builder_version=&#8221;4.20.0&#8243; _module_preset=&#8221;default&#8221; text_font=&#8221;|300|||||||&#8221; text_text_color=&#8221;#424242&#8243; text_line_height=&#8221;27px&#8221; header_font=&#8221;|600|||||||&#8221; header_text_color=&#8221;#00569c&#8221; header_font_size=&#8221;63px&#8221; header_line_height=&#8221;1.2em&#8221; header_2_font=&#8221;|||on|||||&#8221; header_2_text_color=&#8221;#00569c&#8221; header_2_line_height=&#8221;1.5em&#8221; custom_margin=&#8221;0px||0px||false|false&#8221; custom_padding=&#8221;0px||0px||false|false&#8221; header_font_size_tablet=&#8221;50px&#8221; header_font_size_phone=&#8221;30px&#8221; header_font_size_last_edited=&#8221;on|phone&#8221; header_2_font_size_tablet=&#8221;25px&#8221; header_2_font_size_phone=&#8221;19px&#8221; header_2_font_size_last_edited=&#8221;on|phone&#8221; locked=&#8221;off&#8221; global_colors_info=&#8221;{}&#8221;]<\/p>\n<h2 style=\"text-align: left;\">6. Politika privatnosti<\/h2>\n<p><strong>Vitaproduct d.o.o.<\/strong> \u010duva privatnost svih posjetitelja svoje web stranice i \u0161titi osobne podatke posjetitelja web stranice. Molimo vas da pa\u017eljivo pro\u010ditate sljede\u0107u <span style=\"color: #00569c;\"><a href=\"https:\/\/vitaproduct.com\/hr\/politika-privatnosti\/\" title=\"Politika Privatnosti\" style=\"color: #00569c;\"><span style=\"text-decoration: underline;\"><strong>Politiku privatnosti<\/strong><\/span><\/a><\/span> kako biste razumjeli kako koristimo i \u0161titimo podatke koje nam dajete.<\/p>\n<p>[\/et_pb_text][\/et_pb_column][\/et_pb_row][\/et_pb_section]<\/p>\n","protected":false},"excerpt":{"rendered":"<p>Va\u0161 pristup i kori\u0161tenje ISOTEX\u00ae &#8211; Vitaproduct d.o.o. stranica. (vitaproduct.com) podlije\u017ee ovim uvjetima kori\u0161tenja i va\u017ee\u0107im zakonskim propisima koji reguliraju ovo podru\u010dje.<\/p>\n","protected":false},"author":1,"featured_media":251705,"parent":0,"menu_order":0,"comment_status":"closed","ping_status":"closed","template":"","meta":{"_et_pb_use_builder":"on","_et_pb_old_content":"","_et_gb_content_width":"","footnotes":""},"class_list":["post-253121","page","type-page","status-publish","has-post-thumbnail","hentry"],"_links":{"self":[{"href":"https:\/\/vitaproduct.com\/hr\/wp-json\/wp\/v2\/pages\/253121","targetHints":{"allow":["GET"]}}],"collection":[{"href":"https:\/\/vitaproduct.com\/hr\/wp-json\/wp\/v2\/pages"}],"about":[{"href":"https:\/\/vitaproduct.com\/hr\/wp-json\/wp\/v2\/types\/page"}],"author":[{"embeddable":true,"href":"https:\/\/vitaproduct.com\/hr\/wp-json\/wp\/v2\/users\/1"}],"replies":[{"embeddable":true,"href":"https:\/\/vitaproduct.com\/hr\/wp-json\/wp\/v2\/comments?post=253121"}],"version-history":[{"count":2,"href":"https:\/\/vitaproduct.com\/hr\/wp-json\/wp\/v2\/pages\/253121\/revisions"}],"predecessor-version":[{"id":253478,"href":"https:\/\/vitaproduct.com\/hr\/wp-json\/wp\/v2\/pages\/253121\/revisions\/253478"}],"wp:featuredmedia":[{"embeddable":true,"href":"https:\/\/vitaproduct.com\/hr\/wp-json\/wp\/v2\/media\/251705"}],"wp:attachment":[{"href":"https:\/\/vitaproduct.com\/hr\/wp-json\/wp\/v2\/media?parent=253121"}],"curies":[{"name":"wp","href":"https:\/\/api.w.org\/{rel}","templated":true}]}}