{"id":253123,"date":"2023-02-25T23:47:12","date_gmt":"2023-02-25T21:47:12","guid":{"rendered":"https:\/\/vitaproduct.com\/usteda-troskova\/"},"modified":"2025-04-29T16:02:51","modified_gmt":"2025-04-29T14:02:51","slug":"usteda-troskova","status":"publish","type":"page","link":"https:\/\/vitaproduct.com\/hr\/usteda-troskova\/","title":{"rendered":"U\u0161teda tro\u0161kova"},"content":{"rendered":"<p>[et_pb_section fb_built=&#8221;1&#8243; _builder_version=&#8221;4.20.0&#8243; _module_preset=&#8221;default&#8221; custom_margin=&#8221;||0px||false|false&#8221; custom_padding=&#8221;10px||0px||false|false&#8221; locked=&#8221;off&#8221; collapsed=&#8221;off&#8221; global_colors_info=&#8221;{}&#8221;][et_pb_row _builder_version=&#8221;4.19.4&#8243; _module_preset=&#8221;default&#8221; locked=&#8221;off&#8221; global_colors_info=&#8221;{}&#8221;][et_pb_column type=&#8221;4_4&#8243; _builder_version=&#8221;4.19.4&#8243; _module_preset=&#8221;default&#8221; global_colors_info=&#8221;{}&#8221;][et_pb_text _builder_version=&#8221;4.20.2&#8243; _module_preset=&#8221;default&#8221; text_text_color=&#8221;#00569c&#8221; header_font=&#8221;|700||on|||||&#8221; header_text_color=&#8221;#00569c&#8221; header_font_size=&#8221;63px&#8221; header_line_height=&#8221;73px&#8221; text_orientation=&#8221;center&#8221; custom_padding=&#8221;||||false|false&#8221; header_font_size_tablet=&#8221;60px&#8221; header_font_size_phone=&#8221;30px&#8221; header_font_size_last_edited=&#8221;on|phone&#8221; header_line_height_tablet=&#8221;70px&#8221; header_line_height_phone=&#8221;40px&#8221; header_line_height_last_edited=&#8221;on|tablet&#8221; locked=&#8221;off&#8221; global_colors_info=&#8221;{}&#8221;]<\/p>\n<h1>Isotex<sup>\u00ae<\/sup> &#8211; U\u0161teda tro\u0161kova<\/h1>\n<p>[\/et_pb_text][\/et_pb_column][\/et_pb_row][\/et_pb_section][et_pb_section fb_built=&#8221;1&#8243; _builder_version=&#8221;4.20.2&#8243; _module_preset=&#8221;default&#8221; custom_margin=&#8221;0px||||false|false&#8221; custom_padding=&#8221;0px||||false|false&#8221; border_width_bottom=&#8221;1px&#8221; border_color_bottom=&#8221;#d3d2d3&#8243; locked=&#8221;off&#8221; collapsed=&#8221;off&#8221; global_colors_info=&#8221;{}&#8221;][et_pb_row column_structure=&#8221;1_2,1_2&#8243; _builder_version=&#8221;4.20.0&#8243; _module_preset=&#8221;default&#8221; custom_margin=&#8221;0px||||false|false&#8221; custom_padding=&#8221;0px||||false|false&#8221; global_colors_info=&#8221;{}&#8221;][et_pb_column type=&#8221;1_2&#8243; _builder_version=&#8221;4.20.0&#8243; _module_preset=&#8221;default&#8221; global_colors_info=&#8221;{}&#8221;][et_pb_slider show_arrows=&#8221;off&#8221; show_pagination=&#8221;off&#8221; arrows_custom_color=&#8221;#303030&#8243; _builder_version=&#8221;4.20.2&#8243; _module_preset=&#8221;default&#8221; width=&#8221;100%&#8221; content_max_width=&#8221;552px&#8221; content_max_width_tablet=&#8221;552px&#8221; content_max_width_phone=&#8221;300px&#8221; content_max_width_last_edited=&#8221;on|phone&#8221; min_height=&#8221;428px&#8221; min_height_tablet=&#8221;428px&#8221; min_height_phone=&#8221;233px&#8221; min_height_last_edited=&#8221;on|tablet&#8221; height=&#8221;428px&#8221; height_tablet=&#8221;428px&#8221; height_phone=&#8221;233px&#8221; height_last_edited=&#8221;on|desktop&#8221; max_height=&#8221;100%&#8221; max_height_tablet=&#8221;428px&#8221; max_height_phone=&#8221;233px&#8221; max_height_last_edited=&#8221;on|tablet&#8221; custom_margin=&#8221;0px||||false|false&#8221; custom_padding=&#8221;0px||||false|false&#8221; animation_style=&#8221;slide&#8221; animation_direction=&#8221;left&#8221; animation_intensity_slide=&#8221;10%&#8221; auto=&#8221;on&#8221; auto_speed=&#8221;5000&#8243; auto_ignore_hover=&#8221;on&#8221; locked=&#8221;off&#8221; global_colors_info=&#8221;{}&#8221;][et_pb_slide _builder_version=&#8221;4.20.0&#8243; _module_preset=&#8221;default&#8221; background_enable_color=&#8221;off&#8221; background_image=&#8221;https:\/\/vitaproduct.com\/wp-content\/uploads\/2023\/02\/usteda-troskova-slider-1.webp&#8221; background_enable_image=&#8221;on&#8221; background_size=&#8221;stretch&#8221; background_position=&#8221;top_center&#8221; custom_padding=&#8221;||||false|false&#8221; link_option_url_new_window=&#8221;on&#8221; locked=&#8221;off&#8221; global_colors_info=&#8221;{}&#8221; sticky_transition=&#8221;on&#8221;][\/et_pb_slide][et_pb_slide _builder_version=&#8221;4.20.0&#8243; _module_preset=&#8221;default&#8221; background_enable_color=&#8221;off&#8221; background_image=&#8221;https:\/\/vitaproduct.com\/wp-content\/uploads\/2023\/02\/usteda-troskova-slider-2.webp&#8221; background_enable_image=&#8221;on&#8221; background_size=&#8221;stretch&#8221; background_position=&#8221;top_center&#8221; custom_padding=&#8221;||||false|false&#8221; link_option_url_new_window=&#8221;on&#8221; locked=&#8221;off&#8221; global_colors_info=&#8221;{}&#8221; sticky_transition=&#8221;on&#8221;][\/et_pb_slide][et_pb_slide _builder_version=&#8221;4.20.0&#8243; _module_preset=&#8221;default&#8221; background_enable_color=&#8221;off&#8221; background_image=&#8221;https:\/\/vitaproduct.com\/wp-content\/uploads\/2023\/02\/usteda-troskova-slider-3.webp&#8221; background_enable_image=&#8221;on&#8221; background_size=&#8221;stretch&#8221; background_position=&#8221;top_center&#8221; custom_padding=&#8221;||||false|false&#8221; link_option_url_new_window=&#8221;on&#8221; locked=&#8221;off&#8221; global_colors_info=&#8221;{}&#8221; sticky_transition=&#8221;on&#8221;][\/et_pb_slide][\/et_pb_slider][\/et_pb_column][et_pb_column type=&#8221;1_2&#8243; _builder_version=&#8221;4.20.0&#8243; _module_preset=&#8221;default&#8221; global_colors_info=&#8221;{}&#8221;][et_pb_text _builder_version=&#8221;4.20.2&#8243; _module_preset=&#8221;default&#8221; text_font=&#8221;|300|||||||&#8221; text_line_height=&#8221;27px&#8221; header_line_height=&#8221;1.5em&#8221; header_2_font=&#8221;|||on|||||&#8221; header_2_text_color=&#8221;#00569c&#8221; header_2_font_size=&#8221;24px&#8221; header_2_line_height=&#8221;34px&#8221; header_2_font_size_tablet=&#8221;21px&#8221; header_2_font_size_phone=&#8221;18px&#8221; header_2_font_size_last_edited=&#8221;on|phone&#8221; header_2_line_height_tablet=&#8221;31px&#8221; header_2_line_height_phone=&#8221;28px&#8221; header_2_line_height_last_edited=&#8221;on|desktop&#8221; global_colors_info=&#8221;{}&#8221;]<\/p>\n<h2><strong>ISOTEX<sup>\u00ae\u00a0 <\/sup><\/strong>&#8211; POVOLJNOST I KVALITET<\/h2>\n<p><strong>ISOTEX\u00ae<\/strong> blokovi se ugra\u0111uju bez cementnih spojeva ili ljepila, a mala te\u017eina i \u010dvrsto\u0107a bloka omogu\u0107uju nevjerojatnu brzinu gradnje. Jednom operacijom ugradnje bloka rje\u0161avate antiseizmi\u010dku konstrukciju (oplata za beton i armaturu), toplinsku i zvu\u010dnu izolaciju te dobivate sigurnu vatrootpornu gra\u0111evinu izra\u0111enu od ekolo\u0161ki prihvatljivog materijala.<\/p>\n<p><strong>ISOTEX\u00ae blokovi<\/strong> su vrlo prakti\u010dni za izvo\u0111enje instalacija (rezanje kanala, polaganje kabela itd&#8230;), a tako\u0111er su ISOTEX\u00ae zidovi prikladni za pri\u010dvr\u0161\u0107ivanje polica, namje\u0161taja, bojlera i kuhinjskih elemenata zahvaljuju\u0107i jakom zidu bloka, koji je pogodan za pri\u010dvr\u0161\u0107ivanje vijcima.<\/p>\n<p>Nakon formiranja zida od <strong>ISOTEX\u00ae blokova<\/strong>, zid je otporan na potrese, toplinski izoliran i zvu\u010dno izoliran bez naknadnih intervencija ili dodavanja dodatnih slojeva na zid od blokova.<\/p>\n<p>Brzina polaganja <strong>ISOTEX\u00ae blokova<\/strong>, kao i odsutnost naknadnih operacija za pobolj\u0161anje karakteristika zida, rezultiraju zna\u010dajnim u\u0161tedama u vremenu, a time i tro\u0161kovima gradnje.<\/p>\n<p>Iz svega navedenog, zaklju\u010dak je lako izvu\u0107i, u ekonomskoj analizi koja uzima u obzir razli\u010dite faze i segmente gradnje kao \u0161to su: konstrukcijski radovi, izolacijski radovi, zavr\u0161ni radovi, ostali radovi, vrijeme izgradnje objekta, potreban broj ljudi itd. <strong>ISOTEX\u00ae<\/strong> gra\u0111evinski sustav nedvojbeno pru\u017ea najbolji omjer cijene i kvalitete u usporedbi s drugim gra\u0111evinskim sustavima i materijalima koji se koriste u gra\u0111evinarstvu.<\/p>\n<p>[\/et_pb_text][\/et_pb_column][\/et_pb_row][\/et_pb_section][et_pb_section fb_built=&#8221;1&#8243; _builder_version=&#8221;4.20.0&#8243; _module_preset=&#8221;default&#8221; custom_margin=&#8221;15px||||false|false&#8221; custom_padding=&#8221;15px||||false|false&#8221; border_width_bottom=&#8221;1px&#8221; border_color_bottom=&#8221;#d3d2d3&#8243; locked=&#8221;off&#8221; collapsed=&#8221;on&#8221; global_colors_info=&#8221;{}&#8221;][et_pb_row column_structure=&#8221;1_2,1_2&#8243; _builder_version=&#8221;4.20.0&#8243; _module_preset=&#8221;default&#8221; locked=&#8221;off&#8221; global_colors_info=&#8221;{}&#8221;][et_pb_column type=&#8221;1_2&#8243; _builder_version=&#8221;4.20.0&#8243; _module_preset=&#8221;default&#8221; global_colors_info=&#8221;{}&#8221;][et_pb_text _builder_version=&#8221;4.20.2&#8243; _module_preset=&#8221;default&#8221; text_font=&#8221;|300|||||||&#8221; text_line_height=&#8221;27px&#8221; header_line_height=&#8221;1.5em&#8221; header_2_font=&#8221;|||on|||||&#8221; header_2_text_color=&#8221;#00569c&#8221; header_2_font_size=&#8221;24px&#8221; header_2_line_height=&#8221;34px&#8221; header_2_font_size_tablet=&#8221;21px&#8221; header_2_font_size_phone=&#8221;18px&#8221; header_2_font_size_last_edited=&#8221;on|phone&#8221; header_2_line_height_tablet=&#8221;31px&#8221; header_2_line_height_phone=&#8221;28px&#8221; header_2_line_height_last_edited=&#8221;on|desktop&#8221; locked=&#8221;off&#8221; global_colors_info=&#8221;{}&#8221;]<\/p>\n<h2>POSTAVLJANJE BLOKOVA BEZ SPOJEVA SKRA\u0106UJE VRIJEME I TRO\u0160KOVE GRADNJE<\/h2>\n<p>S obzirom na to da tro\u0161kovi rada \u010dine 50% tro\u0161kova izgradnje objekta, jasno je za\u0161to se isplati graditi s <strong>ISOTEX\u00ae-om<\/strong> jer je <strong>ISOTEX\u00ae<\/strong> razvio svoj gra\u0111evinski sustav kako bi zna\u010dajno smanjio broj radnika i sati rada na gradili\u0161tu.<\/p>\n<p>Prednost <strong>ISOTEX\u00ae-a<\/strong> u gra\u0111evinarstvu je \u0161to jednostavan i brz proces gradnje zadovoljava sve europske zahtjeve i standarde u gra\u0111evinarstvu. Osim \u0161to <strong>ISOTEX\u00ae<\/strong> gra\u0111evinski sustav s blokovima i me\u0111ukatnim plo\u010dama savr\u0161eno zadovoljava: protupotresne, protupo\u017earne, ekolo\u0161ke propise te pru\u017ea svu udobnost stanovanja u zgradi, tako\u0111er skra\u0107uje vrijeme od trenutka po\u010detka gradnje zgrade do useljenja u zgradu.<\/p>\n<p>Zbog preciznosti sustava i jasnih pravila za ugradnju <strong>ISOTEX\u00ae<\/strong> blokova i podnih plo\u010da, zna\u010dajno je smanjena mogu\u0107nost pogre\u0161aka tijekom izgradnje objekta, po\u010dev\u0161i od faze gradnje do faze ugradnje. Kao kona\u010dni rezultat, dobivate kvalitetnu zgradu po ni\u017eoj cijeni od standardne gradnje.<\/p>\n<p>[\/et_pb_text][\/et_pb_column][et_pb_column type=&#8221;1_2&#8243; _builder_version=&#8221;4.20.0&#8243; _module_preset=&#8221;default&#8221; global_colors_info=&#8221;{}&#8221;][et_pb_slider show_arrows=&#8221;off&#8221; show_pagination=&#8221;off&#8221; arrows_custom_color=&#8221;#303030&#8243; _builder_version=&#8221;4.20.2&#8243; _module_preset=&#8221;default&#8221; width=&#8221;100%&#8221; content_max_width=&#8221;552px&#8221; content_max_width_tablet=&#8221;552px&#8221; content_max_width_phone=&#8221;300px&#8221; content_max_width_last_edited=&#8221;on|phone&#8221; min_height=&#8221;428px&#8221; min_height_tablet=&#8221;428px&#8221; min_height_phone=&#8221;233px&#8221; min_height_last_edited=&#8221;on|tablet&#8221; height=&#8221;428px&#8221; height_tablet=&#8221;428px&#8221; height_phone=&#8221;233px&#8221; height_last_edited=&#8221;on|desktop&#8221; max_height=&#8221;100%&#8221; max_height_tablet=&#8221;428px&#8221; max_height_phone=&#8221;233px&#8221; max_height_last_edited=&#8221;on|tablet&#8221; custom_margin=&#8221;0px||||false|false&#8221; custom_padding=&#8221;0px||||false|false&#8221; animation_style=&#8221;slide&#8221; animation_direction=&#8221;right&#8221; animation_intensity_slide=&#8221;10%&#8221; auto=&#8221;on&#8221; auto_speed=&#8221;5000&#8243; auto_ignore_hover=&#8221;on&#8221; locked=&#8221;off&#8221; global_colors_info=&#8221;{}&#8221;][et_pb_slide _builder_version=&#8221;4.20.0&#8243; _module_preset=&#8221;default&#8221; background_enable_color=&#8221;off&#8221; background_image=&#8221;https:\/\/vitaproduct.com\/wp-content\/uploads\/2023\/02\/postavljanje-blokova-bez-spojnica-1.webp&#8221; background_enable_image=&#8221;on&#8221; background_size=&#8221;stretch&#8221; background_position=&#8221;top_center&#8221; custom_padding=&#8221;||||false|false&#8221; link_option_url_new_window=&#8221;on&#8221; locked=&#8221;off&#8221; global_colors_info=&#8221;{}&#8221; sticky_transition=&#8221;on&#8221;][\/et_pb_slide][et_pb_slide _builder_version=&#8221;4.20.0&#8243; _module_preset=&#8221;default&#8221; background_enable_color=&#8221;off&#8221; background_image=&#8221;https:\/\/vitaproduct.com\/wp-content\/uploads\/2023\/02\/postavljanje-blokova-bez-spojnica-2.webp&#8221; background_enable_image=&#8221;on&#8221; background_size=&#8221;stretch&#8221; background_position=&#8221;top_center&#8221; custom_padding=&#8221;||||false|false&#8221; link_option_url_new_window=&#8221;on&#8221; locked=&#8221;off&#8221; global_colors_info=&#8221;{}&#8221; sticky_transition=&#8221;on&#8221;][\/et_pb_slide][et_pb_slide _builder_version=&#8221;4.20.0&#8243; _module_preset=&#8221;default&#8221; background_enable_color=&#8221;off&#8221; background_image=&#8221;https:\/\/vitaproduct.com\/wp-content\/uploads\/2023\/02\/postavljanje-blokova-bez-spojnica-3.webp&#8221; background_enable_image=&#8221;on&#8221; background_size=&#8221;stretch&#8221; background_position=&#8221;top_center&#8221; custom_padding=&#8221;||||false|false&#8221; link_option_url_new_window=&#8221;on&#8221; locked=&#8221;off&#8221; global_colors_info=&#8221;{}&#8221; sticky_transition=&#8221;on&#8221;][\/et_pb_slide][\/et_pb_slider][\/et_pb_column][\/et_pb_row][et_pb_row column_structure=&#8221;1_2,1_4,1_4&#8243; _builder_version=&#8221;4.20.0&#8243; _module_preset=&#8221;default&#8221; custom_margin=&#8221;0px||0px||false|false&#8221; custom_margin_tablet=&#8221;0px||0px||false|false&#8221; custom_margin_phone=&#8221;0px||0px||false|false&#8221; custom_margin_last_edited=&#8221;on|phone&#8221; custom_padding=&#8221;0px||0px||false|false&#8221; locked=&#8221;off&#8221; global_colors_info=&#8221;{}&#8221;][et_pb_column type=&#8221;1_2&#8243; _builder_version=&#8221;4.20.0&#8243; _module_preset=&#8221;default&#8221; global_colors_info=&#8221;{}&#8221;][\/et_pb_column][et_pb_column type=&#8221;1_4&#8243; _builder_version=&#8221;4.20.0&#8243; _module_preset=&#8221;default&#8221; global_colors_info=&#8221;{}&#8221;][et_pb_button button_url=&#8221;\/hr\/lako-i-brzo-postavljanje\/&#8221; button_text=&#8221;brzina postavljanja&#8221; button_alignment=&#8221;center&#8221; _builder_version=&#8221;4.27.0&#8243; _module_preset=&#8221;default&#8221; custom_button=&#8221;on&#8221; button_text_size=&#8221;16px&#8221; button_text_color=&#8221;#FFFFFF&#8221; button_bg_color=&#8221;#00569c&#8221; button_border_width=&#8221;0px&#8221; button_font=&#8221;|700|||||||&#8221; custom_margin=&#8221;||||false|false&#8221; custom_margin_tablet=&#8221;-20px||||false|false&#8221; custom_margin_phone=&#8221;0px||||false|false&#8221; custom_margin_last_edited=&#8221;off|desktop&#8221; custom_padding=&#8221;||||false|false&#8221; hover_enabled=&#8221;0&#8243; locked=&#8221;off&#8221; global_colors_info=&#8221;{}&#8221; button_bg_color__hover_enabled=&#8221;on|desktop&#8221; button_bg_color__hover=&#8221;#f4672d&#8221; button_bg_enable_color__hover=&#8221;on&#8221; sticky_enabled=&#8221;0&#8243;][\/et_pb_button][\/et_pb_column][et_pb_column type=&#8221;1_4&#8243; _builder_version=&#8221;4.20.0&#8243; _module_preset=&#8221;default&#8221; global_colors_info=&#8221;{}&#8221;][et_pb_button button_url=&#8221;\/hr\/reference\/&#8221; button_text=&#8221;na\u0161e reference&#8221; button_alignment=&#8221;center&#8221; _builder_version=&#8221;4.27.0&#8243; _module_preset=&#8221;default&#8221; custom_button=&#8221;on&#8221; button_text_size=&#8221;16px&#8221; button_text_color=&#8221;#FFFFFF&#8221; button_bg_color=&#8221;#00569c&#8221; button_border_width=&#8221;0px&#8221; button_font=&#8221;|700|||||||&#8221; custom_margin=&#8221;||||false|false&#8221; custom_margin_tablet=&#8221;-100px||||false|false&#8221; custom_margin_phone=&#8221;-100px||||false|false&#8221; custom_margin_last_edited=&#8221;off|desktop&#8221; custom_padding=&#8221;||||false|false&#8221; hover_enabled=&#8221;0&#8243; locked=&#8221;off&#8221; global_colors_info=&#8221;{}&#8221; button_bg_color__hover_enabled=&#8221;on|desktop&#8221; button_bg_color__hover=&#8221;#f4672d&#8221; button_bg_enable_color__hover=&#8221;on&#8221; sticky_enabled=&#8221;0&#8243;][\/et_pb_button][\/et_pb_column][\/et_pb_row][\/et_pb_section][et_pb_section fb_built=&#8221;1&#8243; _builder_version=&#8221;4.20.2&#8243; _module_preset=&#8221;default&#8221; custom_margin=&#8221;15px||||false|false&#8221; custom_padding=&#8221;15px||||false|false&#8221; border_width_bottom=&#8221;1px&#8221; border_color_bottom=&#8221;#d3d2d3&#8243; locked=&#8221;off&#8221; collapsed=&#8221;on&#8221; global_colors_info=&#8221;{}&#8221;][et_pb_row use_custom_gutter=&#8221;on&#8221; gutter_width=&#8221;2&#8243; _builder_version=&#8221;4.20.0&#8243; _module_preset=&#8221;default&#8221; custom_margin=&#8221;||||false|false&#8221; custom_padding=&#8221;0px|0px|20px|0px|false|false&#8221; global_colors_info=&#8221;{}&#8221;][et_pb_column type=&#8221;4_4&#8243; _builder_version=&#8221;4.19.4&#8243; _module_preset=&#8221;default&#8221; global_colors_info=&#8221;{}&#8221;][et_pb_text _builder_version=&#8221;4.20.2&#8243; _module_preset=&#8221;default&#8221; text_text_color=&#8221;#00569c&#8221; header_font=&#8221;|700|||||||&#8221; header_text_color=&#8221;#00569c&#8221; header_font_size=&#8221;63px&#8221; header_line_height=&#8221;1.2em&#8221; header_2_font=&#8221;|600|||||||&#8221; header_2_text_color=&#8221;#00569c&#8221; header_2_font_size=&#8221;40px&#8221; header_2_line_height=&#8221;50px&#8221; text_orientation=&#8221;center&#8221; custom_margin=&#8221;||0px||false|false&#8221; custom_padding=&#8221;||0px||false|false&#8221; header_font_size_tablet=&#8221;50px&#8221; header_font_size_phone=&#8221;28px&#8221; header_font_size_last_edited=&#8221;on|phone&#8221; header_2_font_size_tablet=&#8221;34px&#8221; header_2_font_size_phone=&#8221;24px&#8221; header_2_font_size_last_edited=&#8221;on|desktop&#8221; header_2_line_height_tablet=&#8221;44px&#8221; header_2_line_height_phone=&#8221;34px&#8221; header_2_line_height_last_edited=&#8221;on|desktop&#8221; locked=&#8221;off&#8221; global_colors_info=&#8221;{}&#8221;]<\/p>\n<h2>Pogledajte neke od na\u0161ih referentnih zgrada izgra\u0111enih s ISOTEX\u00ae materijalima<\/h2>\n<p>[\/et_pb_text][\/et_pb_column][\/et_pb_row][et_pb_row column_structure=&#8221;1_3,1_3,1_3&#8243; use_custom_gutter=&#8221;on&#8221; gutter_width=&#8221;2&#8243; _builder_version=&#8221;4.20.0&#8243; _module_preset=&#8221;default&#8221; custom_margin=&#8221;||||false|false&#8221; custom_padding=&#8221;20px||10px||false|false&#8221; animation_style=&#8221;slide&#8221; animation_direction=&#8221;right&#8221; animation_intensity_slide=&#8221;10%&#8221; locked=&#8221;off&#8221; global_colors_info=&#8221;{}&#8221;][et_pb_column type=&#8221;1_3&#8243; _builder_version=&#8221;4.20.0&#8243; _module_preset=&#8221;default&#8221; global_colors_info=&#8221;{}&#8221;][et_pb_code _builder_version=&#8221;4.27.0&#8243; _module_preset=&#8221;default&#8221; custom_padding=&#8221;||||false|false&#8221; link_option_url=&#8221;\/hr\/snjezna-dolina-33-000m2-jahorina-bih\/&#8221; hover_enabled=&#8221;0&#8243; locked=&#8221;off&#8221; global_colors_info=&#8221;{}&#8221; sticky_enabled=&#8221;0&#8243;]<picture><source srcset=\"https:\/\/vitaproduct.com\/wp-content\/uploads\/2023\/02\/Jahorina-snjezna-dolina-30000m2-bih-featured-image.webp\" type=\"image\/webp\"><source srcset=\"https:\/\/vitaproduct.com\/wp-content\/uploads\/2023\/02\/Jahorina-snjezna-dolina-30000m2-bih-featured-image.jpg\" type=\"image\/jpeg\"><img decoding=\"async\" src=\"https:\/\/vitaproduct.com\/wp-content\/uploads\/2023\/02\/Jahorina-snjezna-dolina-30000m2-bih-featured-image.jpg\" alt=\"Jahorina \u2013 Snje\u017ena dolina 33.000m2 (BiH)\" title=\"Jahorina \u2013 Snje\u017ena dolina 33.000m2 (BiH)\" loading=\"lazy\" width=\"650\" height=\"451\"><\/picture>[\/et_pb_code][et_pb_text _builder_version=&#8221;4.27.0&#8243; _module_preset=&#8221;default&#8221; text_font=&#8221;|300|||||||&#8221; text_text_color=&#8221;#00569c&#8221; text_font_size=&#8221;18px&#8221; text_orientation=&#8221;center&#8221; custom_margin=&#8221;0px||||false|false&#8221; custom_padding=&#8221;0px|10px||10px|false|false&#8221; link_option_url=&#8221;\/hr\/snjezna-dolina-33-000m2-jahorina-bih\/&#8221; hover_enabled=&#8221;0&#8243; text_font_size_tablet=&#8221;18px&#8221; text_font_size_phone=&#8221;17px&#8221; text_font_size_last_edited=&#8221;on|tablet&#8221; locked=&#8221;off&#8221; global_colors_info=&#8221;{}&#8221; text_text_color__hover_enabled=&#8221;on|hover&#8221; text_text_color__hover=&#8221;#f26430&#8243; sticky_enabled=&#8221;0&#8243;]<\/p>\n<p>Snje\u017ena dolina &#8211; 33.000m2 &#8211; Jahorina, (BiH)<\/p>\n<p>[\/et_pb_text][\/et_pb_column][et_pb_column type=&#8221;1_3&#8243; _builder_version=&#8221;4.20.0&#8243; _module_preset=&#8221;default&#8221; global_colors_info=&#8221;{}&#8221;][et_pb_code _builder_version=&#8221;4.27.0&#8243; _module_preset=&#8221;default&#8221; link_option_url=&#8221;\/hr\/privatna-kuca-bukvalek-265m2-banja-luka-bih\/&#8221; hover_enabled=&#8221;0&#8243; global_colors_info=&#8221;{}&#8221; sticky_enabled=&#8221;0&#8243;]<picture><source srcset=\"https:\/\/vitaproduct.com\/wp-content\/uploads\/2023\/02\/privatna-kuca-bukvalek\u2013banja-luka-265m2-bih-featured-image.webp\" type=\"image\/webp\"><source srcset=\"https:\/\/vitaproduct.com\/wp-content\/uploads\/2023\/02\/privatna-kuca-bukvalek\u2013banja-luka-265m2-bih-featured-image.jpg\" type=\"image\/jpeg\"><img decoding=\"async\" src=\"https:\/\/vitaproduct.com\/wp-content\/uploads\/2023\/02\/privatna-kuca-bukvalek\u2013banja-luka-265m2-bih-featured-image.jpg\" alt=\"Privatna ku\u0107a Bukvalek \u2013 Banja Luka 265m2 (BiH)\" title=\"Privatna ku\u0107a Bukvalek \u2013 Banja Luka 265m2 (BiH)\" loading=\"lazy\" width=\"650\" height=\"451\"><\/picture>[\/et_pb_code][et_pb_text _builder_version=&#8221;4.27.0&#8243; _module_preset=&#8221;default&#8221; text_font=&#8221;|300|||||||&#8221; text_text_color=&#8221;#00569c&#8221; text_font_size=&#8221;18px&#8221; text_orientation=&#8221;center&#8221; custom_margin=&#8221;0px||||false|false&#8221; custom_padding=&#8221;0px|10px||10px|false|false&#8221; link_option_url=&#8221;\/hr\/privatna-kuca-bukvalek-265m2-banja-luka-bih\/&#8221; hover_enabled=&#8221;0&#8243; text_font_size_tablet=&#8221;18px&#8221; text_font_size_phone=&#8221;17px&#8221; text_font_size_last_edited=&#8221;on|tablet&#8221; locked=&#8221;off&#8221; global_colors_info=&#8221;{}&#8221; text_text_color__hover_enabled=&#8221;on|hover&#8221; text_text_color__hover=&#8221;#f26430&#8243; sticky_enabled=&#8221;0&#8243;]<\/p>\n<p>Privatna ku\u0107a, selo Bukvalek &#8211; 265m2 &#8211; Banja Luka, (BiH)<\/p>\n<p>[\/et_pb_text][\/et_pb_column][et_pb_column type=&#8221;1_3&#8243; _builder_version=&#8221;4.20.0&#8243; _module_preset=&#8221;default&#8221; global_colors_info=&#8221;{}&#8221;][et_pb_code _builder_version=&#8221;4.27.0&#8243; _module_preset=&#8221;default&#8221; link_option_url=&#8221;\/hr\/privatni-kuca-krcmarice-138-m2-banja-luka-bih\/&#8221; hover_enabled=&#8221;0&#8243; global_colors_info=&#8221;{}&#8221; sticky_enabled=&#8221;0&#8243;]<picture><source srcset=\"https:\/\/vitaproduct.com\/wp-content\/uploads\/2023\/02\/privatna-kuca-krcmarice\u2013banja-luka-138-m2-bih-featured-image.webp\" type=\"image\/webp\"><source srcset=\"https:\/\/vitaproduct.com\/wp-content\/uploads\/2023\/02\/privatna-kuca-krcmarice\u2013banja-luka-138-m2-bih-featured-image.jpg\" type=\"image\/jpeg\"><img decoding=\"async\" src=\"https:\/\/vitaproduct.com\/wp-content\/uploads\/2023\/02\/privatna-kuca-krcmarice\u2013banja-luka-138-m2-bih-featured-image.jpg\" alt=\"Privatni ku\u0107a Kr\u010dmarice \u2013 Banja Luka 138 m2 (BiH)\" title=\"Privatni ku\u0107a Kr\u010dmarice \u2013 Banja Luka 138 m2 (BiH)\" loading=\"lazy\" width=\"650\" height=\"451\"><\/picture>[\/et_pb_code][et_pb_text _builder_version=&#8221;4.27.0&#8243; _module_preset=&#8221;default&#8221; text_font=&#8221;|300|||||||&#8221; text_text_color=&#8221;#00569c&#8221; text_font_size=&#8221;18px&#8221; text_orientation=&#8221;center&#8221; custom_margin=&#8221;0px||||false|false&#8221; custom_padding=&#8221;0px|10px||10px|false|false&#8221; link_option_url=&#8221;\/hr\/privatni-kuca-krcmarice-138-m2-banja-luka-bih\/&#8221; hover_enabled=&#8221;0&#8243; text_font_size_tablet=&#8221;18px&#8221; text_font_size_phone=&#8221;17px&#8221; text_font_size_last_edited=&#8221;on|tablet&#8221; locked=&#8221;off&#8221; global_colors_info=&#8221;{}&#8221; text_text_color__hover_enabled=&#8221;on|hover&#8221; text_text_color__hover=&#8221;#f26430&#8243; sticky_enabled=&#8221;0&#8243;]<\/p>\n<p>Privatni ku\u0107a, na Kr\u010dmaricama &#8211; 138 m2 &#8211; Banja Luka, (BiH)<\/p>\n<p>[\/et_pb_text][\/et_pb_column][\/et_pb_row][\/et_pb_section]<\/p>\n","protected":false},"excerpt":{"rendered":"<p>ISOTEX drveno-cementni blokovi nesumnjivo pru\u017eaju najbolji omjer cijene i kvalitete u usporedbi s drugim inovativnim metodama gradnje. Isotex omogu\u0107uje nevjerojatno brzu gradnju.<\/p>\n","protected":false},"author":1,"featured_media":251192,"parent":0,"menu_order":0,"comment_status":"closed","ping_status":"closed","template":"","meta":{"_et_pb_use_builder":"on","_et_pb_old_content":"","_et_gb_content_width":"","footnotes":""},"class_list":["post-253123","page","type-page","status-publish","has-post-thumbnail","hentry"],"_links":{"self":[{"href":"https:\/\/vitaproduct.com\/hr\/wp-json\/wp\/v2\/pages\/253123","targetHints":{"allow":["GET"]}}],"collection":[{"href":"https:\/\/vitaproduct.com\/hr\/wp-json\/wp\/v2\/pages"}],"about":[{"href":"https:\/\/vitaproduct.com\/hr\/wp-json\/wp\/v2\/types\/page"}],"author":[{"embeddable":true,"href":"https:\/\/vitaproduct.com\/hr\/wp-json\/wp\/v2\/users\/1"}],"replies":[{"embeddable":true,"href":"https:\/\/vitaproduct.com\/hr\/wp-json\/wp\/v2\/comments?post=253123"}],"version-history":[{"count":2,"href":"https:\/\/vitaproduct.com\/hr\/wp-json\/wp\/v2\/pages\/253123\/revisions"}],"predecessor-version":[{"id":253482,"href":"https:\/\/vitaproduct.com\/hr\/wp-json\/wp\/v2\/pages\/253123\/revisions\/253482"}],"wp:featuredmedia":[{"embeddable":true,"href":"https:\/\/vitaproduct.com\/hr\/wp-json\/wp\/v2\/media\/251192"}],"wp:attachment":[{"href":"https:\/\/vitaproduct.com\/hr\/wp-json\/wp\/v2\/media?parent=253123"}],"curies":[{"name":"wp","href":"https:\/\/api.w.org\/{rel}","templated":true}]}}