{"id":254989,"date":"2025-11-19T15:54:47","date_gmt":"2025-11-19T13:54:47","guid":{"rendered":"https:\/\/vitaproduct.com\/hidro-blok-1-600m2-banja-mljecanica-bih\/"},"modified":"2025-11-21T11:51:18","modified_gmt":"2025-11-21T09:51:18","slug":"hidro-blok-1-600m2-banja-mljecanica-bih","status":"publish","type":"page","link":"https:\/\/vitaproduct.com\/hr\/hidro-blok-1-600m2-banja-mljecanica-bih\/","title":{"rendered":"Hidro-blok \u2013 1.600m2 \u2013 Banja Mlje\u010danica, (BiH)"},"content":{"rendered":"<p>[et_pb_section fb_built=&#8221;1&#8243; _builder_version=&#8221;4.20.2&#8243; _module_preset=&#8221;default&#8221; custom_margin=&#8221;||||false|false&#8221; custom_padding=&#8221;10px||||false|false&#8221; da_disable_devices=&#8221;off|off|off&#8221; global_colors_info=&#8221;{}&#8221; da_is_popup=&#8221;off&#8221; da_exit_intent=&#8221;off&#8221; da_has_close=&#8221;on&#8221; da_alt_close=&#8221;off&#8221; da_dark_close=&#8221;off&#8221; da_not_modal=&#8221;on&#8221; da_is_singular=&#8221;off&#8221; da_with_loader=&#8221;off&#8221; da_has_shadow=&#8221;on&#8221;][et_pb_row _builder_version=&#8221;4.19.4&#8243; _module_preset=&#8221;default&#8221; global_colors_info=&#8221;{}&#8221;][et_pb_column type=&#8221;4_4&#8243; _builder_version=&#8221;4.19.4&#8243; _module_preset=&#8221;default&#8221; global_colors_info=&#8221;{}&#8221;][et_pb_text _builder_version=&#8221;4.27.4&#8243; _module_preset=&#8221;default&#8221; text_text_color=&#8221;#00569c&#8221; header_font=&#8221;|700|||||||&#8221; header_text_color=&#8221;#00569c&#8221; header_font_size=&#8221;63px&#8221; header_line_height=&#8221;1.2em&#8221; text_orientation=&#8221;center&#8221; custom_margin=&#8221;||10px||false|false&#8221; custom_padding=&#8221;||10px||false|false&#8221; header_font_size_tablet=&#8221;50px&#8221; header_font_size_phone=&#8221;30px&#8221; header_font_size_last_edited=&#8221;on|phone&#8221; locked=&#8221;off&#8221; global_colors_info=&#8221;{}&#8221;]<\/p>\n<h1>Hidro-blok \u2013 1.600m2 \u2013 Banja Mlje\u010danica, (BiH)<\/h1>\n<p>[\/et_pb_text][et_pb_text _builder_version=&#8221;4.27.4&#8243; _module_preset=&#8221;default&#8221; text_font=&#8221;|300|||||||&#8221; text_orientation=&#8221;center&#8221; custom_margin=&#8221;-10px||||false|false&#8221; custom_margin_tablet=&#8221;-10px||||false|false&#8221; custom_margin_phone=&#8221;-10px||||false|false&#8221; custom_margin_last_edited=&#8221;on|phone&#8221; custom_padding=&#8221;0px||||false|false&#8221; locked=&#8221;off&#8221; global_colors_info=&#8221;{}&#8221;]<\/p>\n<p>Za potrebe na\u0161eg klijenta <a href=\"https:\/\/spamljecanica.com\/\" target=\"_blank\" rel=\"noopener\" title=\"Banja Mlje\u010danica\"><strong>Banja Mlje\u010danica<\/strong><\/a> -Bosna i Hercegovina, izgra\u0111en je objekat povr\u0161ine 1,225 m2 materijalima renomiranog proizvo\u0111a\u0107a <strong>ISOTEX\u00ae<\/strong> \u010diji smo mi predstavnik.<\/p>\n<p>[\/et_pb_text][\/et_pb_column][\/et_pb_row][et_pb_row _builder_version=&#8221;4.20.0&#8243; _module_preset=&#8221;default&#8221; global_colors_info=&#8221;{}&#8221;][et_pb_column type=&#8221;4_4&#8243; _builder_version=&#8221;4.20.0&#8243; _module_preset=&#8221;default&#8221; global_colors_info=&#8221;{}&#8221;][et_pb_gallery gallery_ids=&#8221;254234,254237,254240,254243,254246,254249,254252,254255,254258,254261,254264,254267,254270,254273,254276,254279,254282,254285,254288,254291,254294,254503,254506,254509,254512,254515,254518,254521&#8243; posts_number=&#8221;100&#8243; show_title_and_caption=&#8221;off&#8221; show_pagination=&#8221;off&#8221; zoom_icon_color=&#8221;#FFFFFF&#8221; hover_overlay_color=&#8221;rgba(0,0,0,0.5)&#8221; hover_icon=&#8221;&#xf002;||fa||900&#8243; _builder_version=&#8221;4.27.4&#8243; _module_preset=&#8221;default&#8221; custom_css_gallery_item=&#8221;width: 33.33% !important;||margin: 0 !important;||clear: none !important;&#8221; border_width_all_image=&#8221;10px&#8221; border_color_all_image=&#8221;#FFFFFF&#8221; global_colors_info=&#8221;{}&#8221; custom_css_gallery_item_last_edited=&#8221;on|phone&#8221; custom_css_gallery_item_tablet=&#8221;width: 49.99% !important;||margin: 0 !important;||clear: none !important;&#8221; custom_css_gallery_item_phone=&#8221;width: 100% !important;||margin: 0 !important;||clear: none !important;&#8221;][\/et_pb_gallery][\/et_pb_column][\/et_pb_row][et_pb_row _builder_version=&#8221;4.19.4&#8243; _module_preset=&#8221;default&#8221; locked=&#8221;off&#8221; global_colors_info=&#8221;{}&#8221;][et_pb_column type=&#8221;4_4&#8243; _builder_version=&#8221;4.19.4&#8243; _module_preset=&#8221;default&#8221; global_colors_info=&#8221;{}&#8221;][et_pb_button button_url=&#8221;\/hr\/reference\/&#8221; button_text=&#8221;nazad na reference&#8221; button_alignment=&#8221;center&#8221; _builder_version=&#8221;4.27.4&#8243; _module_preset=&#8221;default&#8221; custom_button=&#8221;on&#8221; button_text_color=&#8221;#FFFFFF&#8221; button_bg_color=&#8221;#00569c&#8221; button_border_width=&#8221;0px&#8221; button_font=&#8221;|700|||||||&#8221; hover_enabled=&#8221;0&#8243; button_text_size_tablet=&#8221;&#8221; button_text_size_phone=&#8221;16px&#8221; button_text_size_last_edited=&#8221;on|phone&#8221; global_colors_info=&#8221;{}&#8221; sticky_enabled=&#8221;0&#8243;][\/et_pb_button][\/et_pb_column][\/et_pb_row][\/et_pb_section]<\/p>\n","protected":false},"excerpt":{"rendered":"<p>Za potrebe na\u0161eg klijenta Banja Mlje\u010danica -Bosna i Hercegovina, izgra\u0111en je objekat povr\u0161ine 1,225 m2 materijalima renomiranog proizvo\u0111a\u0107a ISOTEX\u00ae \u010diji smo mi predstavnik.<\/p>\n","protected":false},"author":1,"featured_media":254522,"parent":0,"menu_order":0,"comment_status":"closed","ping_status":"closed","template":"","meta":{"_et_pb_use_builder":"on","_et_pb_old_content":"","_et_gb_content_width":"","footnotes":""},"class_list":["post-254989","page","type-page","status-publish","has-post-thumbnail","hentry"],"_links":{"self":[{"href":"https:\/\/vitaproduct.com\/hr\/wp-json\/wp\/v2\/pages\/254989","targetHints":{"allow":["GET"]}}],"collection":[{"href":"https:\/\/vitaproduct.com\/hr\/wp-json\/wp\/v2\/pages"}],"about":[{"href":"https:\/\/vitaproduct.com\/hr\/wp-json\/wp\/v2\/types\/page"}],"author":[{"embeddable":true,"href":"https:\/\/vitaproduct.com\/hr\/wp-json\/wp\/v2\/users\/1"}],"replies":[{"embeddable":true,"href":"https:\/\/vitaproduct.com\/hr\/wp-json\/wp\/v2\/comments?post=254989"}],"version-history":[{"count":1,"href":"https:\/\/vitaproduct.com\/hr\/wp-json\/wp\/v2\/pages\/254989\/revisions"}],"predecessor-version":[{"id":255034,"href":"https:\/\/vitaproduct.com\/hr\/wp-json\/wp\/v2\/pages\/254989\/revisions\/255034"}],"wp:featuredmedia":[{"embeddable":true,"href":"https:\/\/vitaproduct.com\/hr\/wp-json\/wp\/v2\/media\/254522"}],"wp:attachment":[{"href":"https:\/\/vitaproduct.com\/hr\/wp-json\/wp\/v2\/media?parent=254989"}],"curies":[{"name":"wp","href":"https:\/\/api.w.org\/{rel}","templated":true}]}}