{"id":252947,"date":"2023-02-28T17:50:56","date_gmt":"2023-02-28T15:50:56","guid":{"rendered":"https:\/\/vitaproduct.com\/instrukcije-za-ugao-hdiii-44-20\/"},"modified":"2025-05-07T15:25:13","modified_gmt":"2025-05-07T13:25:13","slug":"instrukcije-za-ugao-hdiii-44-20","status":"publish","type":"page","link":"https:\/\/vitaproduct.com\/sl\/instrukcije-za-ugao-hdiii-44-20\/","title":{"rendered":"Navodila za kot 44\/20"},"content":{"rendered":"<p>[et_pb_section fb_built=&#8221;1&#8243; _builder_version=&#8221;4.20.0&#8243; _module_preset=&#8221;default&#8221; custom_margin=&#8221;||0px||false|false&#8221; custom_padding=&#8221;10px||0px||false|false&#8221; locked=&#8221;off&#8221; collapsed=&#8221;off&#8221; global_colors_info=&#8221;{}&#8221;][et_pb_row _builder_version=&#8221;4.19.4&#8243; _module_preset=&#8221;default&#8221; locked=&#8221;off&#8221; global_colors_info=&#8221;{}&#8221;][et_pb_column type=&#8221;4_4&#8243; _builder_version=&#8221;4.19.4&#8243; _module_preset=&#8221;default&#8221; global_colors_info=&#8221;{}&#8221;][et_pb_text _builder_version=&#8221;4.20.0&#8243; _module_preset=&#8221;default&#8221; text_text_color=&#8221;#00569c&#8221; header_font=&#8221;|700||on|||||&#8221; header_text_color=&#8221;#00569c&#8221; header_font_size=&#8221;63px&#8221; header_line_height=&#8221;73px&#8221; text_orientation=&#8221;center&#8221; header_font_size_tablet=&#8221;60px&#8221; header_font_size_phone=&#8221;30px&#8221; header_font_size_last_edited=&#8221;on|phone&#8221; header_line_height_tablet=&#8221;70px&#8221; header_line_height_phone=&#8221;40px&#8221; header_line_height_last_edited=&#8221;on|tablet&#8221; locked=&#8221;off&#8221; global_colors_info=&#8221;{}&#8221;]<\/p>\n<h1>Navodila za kot 44\/20<\/h1>\n<p>[\/et_pb_text][\/et_pb_column][\/et_pb_row][\/et_pb_section][et_pb_section fb_built=&#8221;1&#8243; _builder_version=&#8221;4.20.0&#8243; _module_preset=&#8221;default&#8221; custom_margin=&#8221;0px||0px||false|false&#8221; custom_padding=&#8221;0px||0px||false|false&#8221; border_color_bottom=&#8221;RGBA(255,255,255,0)&#8221; global_colors_info=&#8221;{}&#8221;][et_pb_row use_custom_gutter=&#8221;on&#8221; gutter_width=&#8221;2&#8243; _builder_version=&#8221;4.20.0&#8243; _module_preset=&#8221;default&#8221; custom_margin=&#8221;0px||0px||false|false&#8221; custom_padding=&#8221;0px||0px||false|false&#8221; global_colors_info=&#8221;{}&#8221;][et_pb_column type=&#8221;4_4&#8243; _builder_version=&#8221;4.20.0&#8243; _module_preset=&#8221;default&#8221; global_colors_info=&#8221;{}&#8221;][et_pb_text content_tablet=&#8221;<\/p>\n<h2>Postavljanje blokova<\/h2>\n<p>Ovaj video obja\u0161njava pravilnu ugradnju na\u0161ih blokova od drvenih vlakana vezanih cementom. Za detaljnije informacije pogledajte priru\u010dnik za instalaciju.<\/p>\n<p>&#8221; content_phone=&#8221;<\/p>\n<h2>Postavljanje blokova<\/h2>\n<p>Ovaj video obja\u0161njava pravilnu ugradnju na\u0161ih blokova od drvenih vlakana vezanih cementom. Za detaljnije informacije pogledajte priru\u010dnik za instalaciju.<\/p>\n<p>&#8221; content_last_edited=&#8221;on|desktop&#8221; _builder_version=&#8221;4.20.2&#8243; _module_preset=&#8221;default&#8221; text_font=&#8221;|300|||||||&#8221; header_line_height=&#8221;1.5em&#8221; header_2_font=&#8221;|||on|||||&#8221; header_2_text_color=&#8221;#00569c&#8221; header_2_font_size=&#8221;20px&#8221; header_2_line_height=&#8221;1.5em&#8221; custom_margin_tablet=&#8221;0px||||false|false&#8221; custom_margin_phone=&#8221;0px||||false|false&#8221; custom_margin_last_edited=&#8221;on|phone&#8221; locked=&#8221;off&#8221; global_colors_info=&#8221;{}&#8221;]<\/p>\n<p>Za prvi red ISOTEX\u00ae blokova, poseben blok z imenom \u201eUNI\u201c se postavi na kot. Na bo\u010dni strani UNI bloka dol\u017eine 50 cm se postavi PASS blok dol\u017eine 31 cm, da se zagotovi prekrivanje blokov na 25 cm (44 + 31 = 75 cm). Nato se v obeh smereh zidov lahko polo\u017eijo standardni bloki dol\u017eine 50 cm. Na naslednjem (drugem) redu se UNI blok postavi v nasprotni smeri od UNI bloka v prvem redu in nato ponovite postopek, na bo\u010dni strani UNI bloka dol\u017eine 50 cm se postavi PASS blok dol\u017eine 31 cm, da se zagotovi prekrivanje blokov na 25 cm (44 + 31 = 75 cm).<\/p>\n<p>Tretji red blokov se postavi kot prvi red, \u010detrti red blokov pa kot drugi, in tako naprej do vrha zida. Neparni \u0161tevilki vrst blokov (1, 3, 5, 7, 9\u2026) sledijo isti postopek, parni \u0161tevilki vrst (2, 4, 6, 8, 10\u2026) pa enak postopek postavljanja.<\/p>\n<p>Pred postavljanjem UNI blokov je treba na njihovi bo\u010dni strani dol\u017eine 50 cm na prvi polovici narediti utor dimenzij 12 x 12 cm, da omogo\u010dimo povezovanje horizontalne armature in prehod betona. Paketi PASS blokov dol\u017eine 45 cm so povezani z zeleno trakovo, kar olaj\u0161a njihovo prepoznavanje na gradbi\u0161\u010du.<\/p>\n<p>[\/et_pb_text][\/et_pb_column][\/et_pb_row][\/et_pb_section][et_pb_section fb_built=&#8221;1&#8243; _builder_version=&#8221;4.20.0&#8243; _module_preset=&#8221;default&#8221; custom_margin=&#8221;20px||||false|false&#8221; custom_margin_tablet=&#8221;0px||0px||false|false&#8221; custom_margin_phone=&#8221;0px||0px||false|false&#8221; custom_margin_last_edited=&#8221;on|phone&#8221; custom_padding=&#8221;0px||||false|false&#8221; border_width_bottom=&#8221;1px&#8221; border_color_bottom=&#8221;#d3d2d3&#8243; global_colors_info=&#8221;{}&#8221;][et_pb_row column_structure=&#8221;1_2,1_2&#8243; use_custom_gutter=&#8221;on&#8221; gutter_width=&#8221;2&#8243; _builder_version=&#8221;4.20.0&#8243; _module_preset=&#8221;default&#8221; global_colors_info=&#8221;{}&#8221;][et_pb_column type=&#8221;1_2&#8243; _builder_version=&#8221;4.20.0&#8243; _module_preset=&#8221;default&#8221; global_colors_info=&#8221;{}&#8221;][et_pb_code _builder_version=&#8221;4.20.0&#8243; _module_preset=&#8221;default&#8221; custom_padding=&#8221;15px|15px|15px|15px|true|true&#8221; custom_padding_tablet=&#8221;10px|10px|10px|10px|true|true&#8221; custom_padding_phone=&#8221;7px|5px|7px|7px|true|false&#8221; custom_padding_last_edited=&#8221;on|phone&#8221; animation_style=&#8221;slide&#8221; animation_direction=&#8221;left&#8221; animation_intensity_slide=&#8221;10%&#8221; border_width_all=&#8221;1px&#8221; border_color_all=&#8221;#d3d2d3&#8243; global_colors_info=&#8221;{}&#8221;]<picture><source srcset=\"https:\/\/vitaproduct.com\/wp-content\/uploads\/2023\/02\/instrukcije-za-44-20.webp\" type=\"image\/webp\"><source srcset=\"https:\/\/vitaproduct.com\/wp-content\/uploads\/2023\/02\/instrukcije-za-44-20.jpg\" type=\"image\/jpeg\"><img decoding=\"async\" src=\"https:\/\/vitaproduct.com\/wp-content\/uploads\/2023\/02\/instrukcije-za-44-20.jpg\" alt=\"Instrukcije za 44-20\" title=\"Instrukcije za 44-20\" loading=\"lazy\" width=\"700\" height=\"700\"><\/picture>[\/et_pb_code][\/et_pb_column][et_pb_column type=&#8221;1_2&#8243; _builder_version=&#8221;4.20.0&#8243; _module_preset=&#8221;default&#8221; global_colors_info=&#8221;{}&#8221;][et_pb_code _builder_version=&#8221;4.20.2&#8243; _module_preset=&#8221;default&#8221; custom_padding=&#8221;15px|15px|15px|15px|true|true&#8221; custom_padding_tablet=&#8221;10px|10px|10px|10px|true|true&#8221; custom_padding_phone=&#8221;7px|5px|7px|7px|true|false&#8221; custom_padding_last_edited=&#8221;on|phone&#8221; animation_style=&#8221;slide&#8221; animation_direction=&#8221;right&#8221; animation_intensity_slide=&#8221;10%&#8221; border_width_all=&#8221;1px&#8221; border_color_all=&#8221;#d3d2d3&#8243; global_colors_info=&#8221;{}&#8221;]<picture><source srcset=\"https:\/\/vitaproduct.com\/wp-content\/uploads\/2023\/02\/instrukcije-za-44-20-sema.webp\" type=\"image\/webp\"><source srcset=\"https:\/\/vitaproduct.com\/wp-content\/uploads\/2023\/02\/instrukcije-za-44-20-sema.jpg\" type=\"image\/jpeg\"><img decoding=\"async\" src=\"https:\/\/vitaproduct.com\/wp-content\/uploads\/2023\/02\/instrukcije-za-44-20-sema.jpg\" alt=\"Instrukcije za 44-20 - \u0160ema\" title=\"Instrukcije za 44-20 - \u0160ema\" loading=\"lazy\" width=\"700\" height=\"700\"><\/picture>[\/et_pb_code][\/et_pb_column][\/et_pb_row][\/et_pb_section][et_pb_section fb_built=&#8221;1&#8243; _builder_version=&#8221;4.20.0&#8243; _module_preset=&#8221;default&#8221; custom_margin=&#8221;15px||||false|false&#8221; custom_padding=&#8221;15px||||false|false&#8221; border_width_bottom=&#8221;1px&#8221; border_color_bottom=&#8221;#d3d2d3&#8243; locked=&#8221;off&#8221; collapsed=&#8221;on&#8221; global_colors_info=&#8221;{}&#8221;][et_pb_row use_custom_gutter=&#8221;on&#8221; gutter_width=&#8221;2&#8243; _builder_version=&#8221;4.20.0&#8243; _module_preset=&#8221;default&#8221; custom_margin=&#8221;||||false|false&#8221; custom_padding=&#8221;0px|0px|20px|0px|false|false&#8221; global_colors_info=&#8221;{}&#8221;][et_pb_column type=&#8221;4_4&#8243; _builder_version=&#8221;4.19.4&#8243; _module_preset=&#8221;default&#8221; global_colors_info=&#8221;{}&#8221;][et_pb_text _builder_version=&#8221;4.20.0&#8243; _module_preset=&#8221;default&#8221; text_text_color=&#8221;#00569c&#8221; header_font=&#8221;|700|||||||&#8221; header_text_color=&#8221;#00569c&#8221; header_font_size=&#8221;63px&#8221; header_line_height=&#8221;1.2em&#8221; header_2_font=&#8221;|600|||||||&#8221; header_2_text_color=&#8221;#00569c&#8221; header_2_font_size=&#8221;40px&#8221; header_2_line_height=&#8221;50px&#8221; text_orientation=&#8221;center&#8221; custom_margin=&#8221;||0px||false|false&#8221; custom_padding=&#8221;||0px||false|false&#8221; header_font_size_tablet=&#8221;50px&#8221; header_font_size_phone=&#8221;28px&#8221; header_font_size_last_edited=&#8221;on|phone&#8221; header_2_font_size_tablet=&#8221;34px&#8221; header_2_font_size_phone=&#8221;24px&#8221; header_2_font_size_last_edited=&#8221;on|desktop&#8221; header_2_line_height_tablet=&#8221;44px&#8221; header_2_line_height_phone=&#8221;34px&#8221; header_2_line_height_last_edited=&#8221;on|desktop&#8221; locked=&#8221;off&#8221; global_colors_info=&#8221;{}&#8221;]<\/p>\n<h2>Za podrobnej\u0161e informacije o namestitvi bloka si oglejte referen\u010dne razdelke:<\/h2>\n<p>[\/et_pb_text][\/et_pb_column][\/et_pb_row][et_pb_row column_structure=&#8221;1_3,1_3,1_3&#8243; use_custom_gutter=&#8221;on&#8221; gutter_width=&#8221;2&#8243; _builder_version=&#8221;4.27.0&#8243; _module_preset=&#8221;default&#8221; custom_margin=&#8221;||0px||false|false&#8221; custom_padding=&#8221;||0px||false|false&#8221; hover_enabled=&#8221;0&#8243; global_colors_info=&#8221;{}&#8221; sticky_enabled=&#8221;0&#8243;][et_pb_column type=&#8221;1_3&#8243; _builder_version=&#8221;4.27.0&#8243; _module_preset=&#8221;default&#8221; background_color=&#8221;#00569c&#8221; custom_padding=&#8221;5px||5px||false|false&#8221; link_option_url=&#8221;\/sl\/instrukcije-za-ugao-30-7\/&#8221; hover_enabled=&#8221;0&#8243; global_colors_info=&#8221;{}&#8221; background__hover_enabled=&#8221;on|hover&#8221; background_color__hover=&#8221;#f4672d&#8221; background_enable_color__hover=&#8221;on&#8221; sticky_enabled=&#8221;0&#8243;][et_pb_text _builder_version=&#8221;4.27.0&#8243; _module_preset=&#8221;default&#8221; text_font=&#8221;|700|||||||&#8221; text_text_color=&#8221;#FFFFFF&#8221; text_font_size=&#8221;15px&#8221; hover_enabled=&#8221;0&#8243; text_font_size_tablet=&#8221;15px&#8221; text_font_size_phone=&#8221;13px&#8221; text_font_size_last_edited=&#8221;on|phone&#8221; global_colors_info=&#8221;{}&#8221; sticky_enabled=&#8221;0&#8243;]<\/p>\n<p style=\"text-align: center;\"><strong>navodila za 30\/7<\/strong><\/p>\n<div id=\"gtx-trans\" style=\"position: absolute; left: 477px; top: -10px;\">\n<div class=\"gtx-trans-icon\"><\/div>\n<\/div>\n<p>[\/et_pb_text][\/et_pb_column][et_pb_column type=&#8221;1_3&#8243; _builder_version=&#8221;4.27.0&#8243; _module_preset=&#8221;default&#8221; background_color=&#8221;#00569c&#8221; custom_padding=&#8221;5px||5px||false|false&#8221; link_option_url=&#8221;\/sl\/instrukcije-za-ugao-38-14\/&#8221; hover_enabled=&#8221;0&#8243; global_colors_info=&#8221;{}&#8221; background_color__hover=&#8221;#f4672d&#8221; background__hover_enabled=&#8221;on|hover&#8221; background_enable_color__hover=&#8221;on&#8221; sticky_enabled=&#8221;0&#8243;][et_pb_text _builder_version=&#8221;4.27.0&#8243; _module_preset=&#8221;default&#8221; text_font=&#8221;|700|||||||&#8221; text_text_color=&#8221;#FFFFFF&#8221; text_font_size=&#8221;15px&#8221; hover_enabled=&#8221;0&#8243; text_font_size_tablet=&#8221;15px&#8221; text_font_size_phone=&#8221;13px&#8221; text_font_size_last_edited=&#8221;on|phone&#8221; locked=&#8221;off&#8221; global_colors_info=&#8221;{}&#8221; sticky_enabled=&#8221;0&#8243;]<\/p>\n<p style=\"text-align: center;\"><strong>navodila za 38\/14<\/strong><\/p>\n<p>[\/et_pb_text][\/et_pb_column][et_pb_column type=&#8221;1_3&#8243; _builder_version=&#8221;4.27.0&#8243; _module_preset=&#8221;default&#8221; background_color=&#8221;#00569c&#8221; custom_padding=&#8221;5px||5px||false|false&#8221; link_option_url=&#8221;\/sl\/povezivanje-fasadnih-i-pregradnih-zidova\/&#8221; hover_enabled=&#8221;0&#8243; global_colors_info=&#8221;{}&#8221; background_color__hover=&#8221;#f4672d&#8221; background__hover_enabled=&#8221;on|hover&#8221; background_enable_color__hover=&#8221;on&#8221; sticky_enabled=&#8221;0&#8243;][et_pb_text _builder_version=&#8221;4.27.0&#8243; _module_preset=&#8221;default&#8221; text_font=&#8221;|700|||||||&#8221; text_text_color=&#8221;#FFFFFF&#8221; text_font_size=&#8221;15px&#8221; hover_enabled=&#8221;0&#8243; text_font_size_tablet=&#8221;15px&#8221; text_font_size_phone=&#8221;13px&#8221; text_font_size_last_edited=&#8221;on|phone&#8221; locked=&#8221;off&#8221; global_colors_info=&#8221;{}&#8221; sticky_enabled=&#8221;0&#8243;]<\/p>\n<p style=\"text-align: center;\"><strong>povezovanje fasadnih in pregradnih zidov<\/strong><\/p>\n<p>[\/et_pb_text][\/et_pb_column][\/et_pb_row][et_pb_row column_structure=&#8221;1_3,1_3,1_3&#8243; use_custom_gutter=&#8221;on&#8221; gutter_width=&#8221;2&#8243; _builder_version=&#8221;4.27.0&#8243; _module_preset=&#8221;default&#8221; custom_margin=&#8221;||0px||false|false&#8221; custom_padding=&#8221;||0px||false|false&#8221; hover_enabled=&#8221;0&#8243; global_colors_info=&#8221;{}&#8221; sticky_enabled=&#8221;0&#8243;][et_pb_column type=&#8221;1_3&#8243; _builder_version=&#8221;4.27.0&#8243; _module_preset=&#8221;default&#8221; background_color=&#8221;#00569c&#8221; custom_padding=&#8221;5px||5px||false|false&#8221; link_option_url=&#8221;\/sl\/instrukcije-za-ugao-33-10\/&#8221; hover_enabled=&#8221;0&#8243; global_colors_info=&#8221;{}&#8221; background__hover_enabled=&#8221;on|hover&#8221; background_color__hover=&#8221;#f4672d&#8221; background_enable_color__hover=&#8221;on&#8221; sticky_enabled=&#8221;0&#8243;][et_pb_text _builder_version=&#8221;4.27.0&#8243; _module_preset=&#8221;default&#8221; text_font=&#8221;|700|||||||&#8221; text_text_color=&#8221;#FFFFFF&#8221; text_font_size=&#8221;15px&#8221; hover_enabled=&#8221;0&#8243; text_font_size_tablet=&#8221;15px&#8221; text_font_size_phone=&#8221;13px&#8221; text_font_size_last_edited=&#8221;on|phone&#8221; global_colors_info=&#8221;{}&#8221; sticky_enabled=&#8221;0&#8243;]<\/p>\n<p style=\"text-align: center;\"><strong>navodila za 33\/10<\/strong><\/p>\n<p>[\/et_pb_text][\/et_pb_column][et_pb_column type=&#8221;1_3&#8243; _builder_version=&#8221;4.20.0&#8243; _module_preset=&#8221;default&#8221; background_color=&#8221;#00569c&#8221; background_enable_color=&#8221;off&#8221; custom_padding=&#8221;5px||5px||false|false&#8221; border_width_all=&#8221;1px&#8221; border_color_all=&#8221;#d3d2d3&#8243; global_colors_info=&#8221;{}&#8221; background_color__hover=&#8221;#f4672d&#8221; background__hover_enabled=&#8221;off|desktop&#8221; background_enable_color__hover=&#8221;on&#8221;][et_pb_text _builder_version=&#8221;4.27.0&#8243; _module_preset=&#8221;default&#8221; text_font=&#8221;|700|||||||&#8221; text_text_color=&#8221;#424242&#8243; text_font_size=&#8221;15px&#8221; hover_enabled=&#8221;0&#8243; text_font_size_tablet=&#8221;15px&#8221; text_font_size_phone=&#8221;13px&#8221; text_font_size_last_edited=&#8221;on|phone&#8221; locked=&#8221;off&#8221; global_colors_info=&#8221;{}&#8221; sticky_enabled=&#8221;0&#8243;]<\/p>\n<p style=\"text-align: center;\"><strong>navodila za 44\/20<\/strong><\/p>\n<p>[\/et_pb_text][\/et_pb_column][et_pb_column type=&#8221;1_3&#8243; _builder_version=&#8221;4.27.0&#8243; _module_preset=&#8221;default&#8221; background_color=&#8221;#00569c&#8221; custom_padding=&#8221;5px||5px||false|false&#8221; link_option_url=&#8221;\/sl\/instrukcije-za-nadvoje-i-otvore\/&#8221; hover_enabled=&#8221;0&#8243; global_colors_info=&#8221;{}&#8221; background_color__hover=&#8221;#f4672d&#8221; background__hover_enabled=&#8221;on|hover&#8221; background_enable_color__hover=&#8221;on&#8221; sticky_enabled=&#8221;0&#8243;][et_pb_text _builder_version=&#8221;4.27.0&#8243; _module_preset=&#8221;default&#8221; text_font=&#8221;|700|||||||&#8221; text_text_color=&#8221;#FFFFFF&#8221; text_font_size=&#8221;15px&#8221; hover_enabled=&#8221;0&#8243; text_font_size_tablet=&#8221;15px&#8221; text_font_size_phone=&#8221;13px&#8221; text_font_size_last_edited=&#8221;on|phone&#8221; locked=&#8221;off&#8221; global_colors_info=&#8221;{}&#8221; sticky_enabled=&#8221;0&#8243;]<\/p>\n<p style=\"text-align: center;\"><strong>navodila za nadvoje in odprtine<\/strong><\/p>\n<p>[\/et_pb_text][\/et_pb_column][\/et_pb_row][et_pb_row column_structure=&#8221;1_3,1_3,1_3&#8243; use_custom_gutter=&#8221;on&#8221; gutter_width=&#8221;2&#8243; _builder_version=&#8221;4.27.0&#8243; _module_preset=&#8221;default&#8221; custom_margin=&#8221;||0px||false|false&#8221; custom_padding=&#8221;||0px||false|false&#8221; hover_enabled=&#8221;0&#8243; global_colors_info=&#8221;{}&#8221; sticky_enabled=&#8221;0&#8243;][et_pb_column type=&#8221;1_3&#8243; _builder_version=&#8221;4.27.0&#8243; _module_preset=&#8221;default&#8221; background_color=&#8221;#00569c&#8221; custom_padding=&#8221;5px||5px||false|false&#8221; link_option_url=&#8221;\/sl\/zavrsetak-visine-zida\/&#8221; hover_enabled=&#8221;0&#8243; global_colors_info=&#8221;{}&#8221; background__hover_enabled=&#8221;on|hover&#8221; background_color__hover=&#8221;#f4672d&#8221; background_enable_color__hover=&#8221;on&#8221; sticky_enabled=&#8221;0&#8243;][et_pb_text _builder_version=&#8221;4.27.0&#8243; _module_preset=&#8221;default&#8221; text_font=&#8221;|700|||||||&#8221; text_text_color=&#8221;#FFFFFF&#8221; text_font_size=&#8221;15px&#8221; hover_enabled=&#8221;0&#8243; text_font_size_tablet=&#8221;15px&#8221; text_font_size_phone=&#8221;13px&#8221; text_font_size_last_edited=&#8221;on|phone&#8221; global_colors_info=&#8221;{}&#8221; sticky_enabled=&#8221;0&#8243;]<\/p>\n<p style=\"text-align: center;\"><strong>navodila za zaklju\u010dek vi\u0161ine zida<\/strong><\/p>\n<p>[\/et_pb_text][\/et_pb_column][et_pb_column type=&#8221;1_3&#8243; _builder_version=&#8221;4.27.0&#8243; _module_preset=&#8221;default&#8221; background_color=&#8221;#00569c&#8221; custom_padding=&#8221;5px||5px||false|false&#8221; link_option_url=&#8221;\/sl\/instrukcije-za-balkone-i-konzole\/&#8221; hover_enabled=&#8221;0&#8243; global_colors_info=&#8221;{}&#8221; background_color__hover=&#8221;#f4672d&#8221; background__hover_enabled=&#8221;on|hover&#8221; background_enable_color__hover=&#8221;on&#8221; sticky_enabled=&#8221;0&#8243;][et_pb_text _builder_version=&#8221;4.27.0&#8243; _module_preset=&#8221;default&#8221; text_font=&#8221;|700|||||||&#8221; text_text_color=&#8221;#FFFFFF&#8221; text_font_size=&#8221;15px&#8221; hover_enabled=&#8221;0&#8243; text_font_size_tablet=&#8221;15px&#8221; text_font_size_phone=&#8221;13px&#8221; text_font_size_last_edited=&#8221;on|phone&#8221; locked=&#8221;off&#8221; global_colors_info=&#8221;{}&#8221; sticky_enabled=&#8221;0&#8243;]<\/p>\n<p style=\"text-align: center;\"><strong>navodila za balkone in konzole<\/strong><\/p>\n<p>[\/et_pb_text][\/et_pb_column][et_pb_column type=&#8221;1_3&#8243; _builder_version=&#8221;4.27.0&#8243; _module_preset=&#8221;default&#8221; background_color=&#8221;#00569c&#8221; custom_padding=&#8221;5px||5px||false|false&#8221; link_option_url=&#8221;\/sl\/instrukcije-za-kanalice\/&#8221; hover_enabled=&#8221;0&#8243; global_colors_info=&#8221;{}&#8221; background_color__hover=&#8221;#f4672d&#8221; background__hover_enabled=&#8221;on|hover&#8221; background_enable_color__hover=&#8221;on&#8221; sticky_enabled=&#8221;0&#8243;][et_pb_text _builder_version=&#8221;4.27.0&#8243; _module_preset=&#8221;default&#8221; text_font=&#8221;|700|||||||&#8221; text_text_color=&#8221;#FFFFFF&#8221; text_font_size=&#8221;15px&#8221; hover_enabled=&#8221;0&#8243; text_font_size_tablet=&#8221;15px&#8221; text_font_size_phone=&#8221;13px&#8221; text_font_size_last_edited=&#8221;on|phone&#8221; locked=&#8221;off&#8221; global_colors_info=&#8221;{}&#8221; sticky_enabled=&#8221;0&#8243;]<\/p>\n<p style=\"text-align: center;\"><strong>navodila za kanalice<\/strong><\/p>\n<p>[\/et_pb_text][\/et_pb_column][\/et_pb_row][\/et_pb_section]<\/p>\n","protected":false},"excerpt":{"rendered":"<p>Za prvi red ISOTEX\u00ae blokova, posebni blok z imenom \u201eUNI\u201c se postavi na kot. Na bo\u010dni strani UNI bloka dol\u017eine 50 cm se postavi PASS blok dol\u017eine 31 cm.<\/p>\n","protected":false},"author":1,"featured_media":251303,"parent":0,"menu_order":0,"comment_status":"closed","ping_status":"closed","template":"","meta":{"_et_pb_use_builder":"on","_et_pb_old_content":"<!-- wp:divi\/placeholder \/-->","_et_gb_content_width":"","footnotes":""},"class_list":["post-252947","page","type-page","status-publish","has-post-thumbnail","hentry"],"_links":{"self":[{"href":"https:\/\/vitaproduct.com\/sl\/wp-json\/wp\/v2\/pages\/252947","targetHints":{"allow":["GET"]}}],"collection":[{"href":"https:\/\/vitaproduct.com\/sl\/wp-json\/wp\/v2\/pages"}],"about":[{"href":"https:\/\/vitaproduct.com\/sl\/wp-json\/wp\/v2\/types\/page"}],"author":[{"embeddable":true,"href":"https:\/\/vitaproduct.com\/sl\/wp-json\/wp\/v2\/users\/1"}],"replies":[{"embeddable":true,"href":"https:\/\/vitaproduct.com\/sl\/wp-json\/wp\/v2\/comments?post=252947"}],"version-history":[{"count":2,"href":"https:\/\/vitaproduct.com\/sl\/wp-json\/wp\/v2\/pages\/252947\/revisions"}],"predecessor-version":[{"id":253594,"href":"https:\/\/vitaproduct.com\/sl\/wp-json\/wp\/v2\/pages\/252947\/revisions\/253594"}],"wp:featuredmedia":[{"embeddable":true,"href":"https:\/\/vitaproduct.com\/sl\/wp-json\/wp\/v2\/media\/251303"}],"wp:attachment":[{"href":"https:\/\/vitaproduct.com\/sl\/wp-json\/wp\/v2\/media?parent=252947"}],"curies":[{"name":"wp","href":"https:\/\/api.w.org\/{rel}","templated":true}]}}