{"id":253124,"date":"2023-02-25T23:47:12","date_gmt":"2023-02-25T21:47:12","guid":{"rendered":"https:\/\/vitaproduct.com\/usteda-troskova\/"},"modified":"2025-05-16T11:30:46","modified_gmt":"2025-05-16T09:30:46","slug":"usteda-troskova","status":"publish","type":"page","link":"https:\/\/vitaproduct.com\/sl\/usteda-troskova\/","title":{"rendered":"Prihranek stro\u0161kov"},"content":{"rendered":"<p>[et_pb_section fb_built=&#8221;1&#8243; _builder_version=&#8221;4.20.0&#8243; _module_preset=&#8221;default&#8221; custom_margin=&#8221;||0px||false|false&#8221; custom_padding=&#8221;10px||0px||false|false&#8221; locked=&#8221;off&#8221; collapsed=&#8221;off&#8221; global_colors_info=&#8221;{}&#8221;][et_pb_row _builder_version=&#8221;4.19.4&#8243; _module_preset=&#8221;default&#8221; locked=&#8221;off&#8221; global_colors_info=&#8221;{}&#8221;][et_pb_column type=&#8221;4_4&#8243; _builder_version=&#8221;4.19.4&#8243; _module_preset=&#8221;default&#8221; global_colors_info=&#8221;{}&#8221;][et_pb_text _builder_version=&#8221;4.20.2&#8243; _module_preset=&#8221;default&#8221; text_text_color=&#8221;#00569c&#8221; header_font=&#8221;|700||on|||||&#8221; header_text_color=&#8221;#00569c&#8221; header_font_size=&#8221;63px&#8221; header_line_height=&#8221;73px&#8221; text_orientation=&#8221;center&#8221; custom_padding=&#8221;||||false|false&#8221; header_font_size_tablet=&#8221;60px&#8221; header_font_size_phone=&#8221;30px&#8221; header_font_size_last_edited=&#8221;on|phone&#8221; header_line_height_tablet=&#8221;70px&#8221; header_line_height_phone=&#8221;40px&#8221; header_line_height_last_edited=&#8221;on|tablet&#8221; locked=&#8221;off&#8221; global_colors_info=&#8221;{}&#8221;]<\/p>\n<h1>Isotex<sup>\u00ae<\/sup> &#8211; Prihranek stro\u0161kov<\/h1>\n<p>[\/et_pb_text][\/et_pb_column][\/et_pb_row][\/et_pb_section][et_pb_section fb_built=&#8221;1&#8243; _builder_version=&#8221;4.20.2&#8243; _module_preset=&#8221;default&#8221; custom_margin=&#8221;0px||||false|false&#8221; custom_padding=&#8221;0px||||false|false&#8221; border_width_bottom=&#8221;1px&#8221; border_color_bottom=&#8221;#d3d2d3&#8243; locked=&#8221;off&#8221; collapsed=&#8221;off&#8221; global_colors_info=&#8221;{}&#8221;][et_pb_row column_structure=&#8221;1_2,1_2&#8243; _builder_version=&#8221;4.20.0&#8243; _module_preset=&#8221;default&#8221; custom_margin=&#8221;0px||||false|false&#8221; custom_padding=&#8221;0px||||false|false&#8221; global_colors_info=&#8221;{}&#8221;][et_pb_column type=&#8221;1_2&#8243; _builder_version=&#8221;4.20.0&#8243; _module_preset=&#8221;default&#8221; global_colors_info=&#8221;{}&#8221;][et_pb_slider show_arrows=&#8221;off&#8221; show_pagination=&#8221;off&#8221; arrows_custom_color=&#8221;#303030&#8243; _builder_version=&#8221;4.20.2&#8243; _module_preset=&#8221;default&#8221; width=&#8221;100%&#8221; content_max_width=&#8221;552px&#8221; content_max_width_tablet=&#8221;552px&#8221; content_max_width_phone=&#8221;300px&#8221; content_max_width_last_edited=&#8221;on|phone&#8221; min_height=&#8221;428px&#8221; min_height_tablet=&#8221;428px&#8221; min_height_phone=&#8221;233px&#8221; min_height_last_edited=&#8221;on|tablet&#8221; height=&#8221;428px&#8221; height_tablet=&#8221;428px&#8221; height_phone=&#8221;233px&#8221; height_last_edited=&#8221;on|desktop&#8221; max_height=&#8221;100%&#8221; max_height_tablet=&#8221;428px&#8221; max_height_phone=&#8221;233px&#8221; max_height_last_edited=&#8221;on|tablet&#8221; custom_margin=&#8221;0px||||false|false&#8221; custom_padding=&#8221;0px||||false|false&#8221; animation_style=&#8221;slide&#8221; animation_direction=&#8221;left&#8221; animation_intensity_slide=&#8221;10%&#8221; auto=&#8221;on&#8221; auto_speed=&#8221;5000&#8243; auto_ignore_hover=&#8221;on&#8221; locked=&#8221;off&#8221; global_colors_info=&#8221;{}&#8221;][et_pb_slide _builder_version=&#8221;4.20.0&#8243; _module_preset=&#8221;default&#8221; background_enable_color=&#8221;off&#8221; background_image=&#8221;https:\/\/vitaproduct.com\/wp-content\/uploads\/2023\/02\/usteda-troskova-slider-1.webp&#8221; background_enable_image=&#8221;on&#8221; background_size=&#8221;stretch&#8221; background_position=&#8221;top_center&#8221; custom_padding=&#8221;||||false|false&#8221; link_option_url_new_window=&#8221;on&#8221; locked=&#8221;off&#8221; global_colors_info=&#8221;{}&#8221; sticky_transition=&#8221;on&#8221;][\/et_pb_slide][et_pb_slide _builder_version=&#8221;4.20.0&#8243; _module_preset=&#8221;default&#8221; background_enable_color=&#8221;off&#8221; background_image=&#8221;https:\/\/vitaproduct.com\/wp-content\/uploads\/2023\/02\/usteda-troskova-slider-2.webp&#8221; background_enable_image=&#8221;on&#8221; background_size=&#8221;stretch&#8221; background_position=&#8221;top_center&#8221; custom_padding=&#8221;||||false|false&#8221; link_option_url_new_window=&#8221;on&#8221; locked=&#8221;off&#8221; global_colors_info=&#8221;{}&#8221; sticky_transition=&#8221;on&#8221;][\/et_pb_slide][et_pb_slide _builder_version=&#8221;4.20.0&#8243; _module_preset=&#8221;default&#8221; background_enable_color=&#8221;off&#8221; background_image=&#8221;https:\/\/vitaproduct.com\/wp-content\/uploads\/2023\/02\/usteda-troskova-slider-3.webp&#8221; background_enable_image=&#8221;on&#8221; background_size=&#8221;stretch&#8221; background_position=&#8221;top_center&#8221; custom_padding=&#8221;||||false|false&#8221; link_option_url_new_window=&#8221;on&#8221; locked=&#8221;off&#8221; global_colors_info=&#8221;{}&#8221; sticky_transition=&#8221;on&#8221;][\/et_pb_slide][\/et_pb_slider][\/et_pb_column][et_pb_column type=&#8221;1_2&#8243; _builder_version=&#8221;4.20.0&#8243; _module_preset=&#8221;default&#8221; global_colors_info=&#8221;{}&#8221;][et_pb_text _builder_version=&#8221;4.20.2&#8243; _module_preset=&#8221;default&#8221; text_font=&#8221;|300|||||||&#8221; text_line_height=&#8221;27px&#8221; header_line_height=&#8221;1.5em&#8221; header_2_font=&#8221;|||on|||||&#8221; header_2_text_color=&#8221;#00569c&#8221; header_2_font_size=&#8221;24px&#8221; header_2_line_height=&#8221;34px&#8221; header_2_font_size_tablet=&#8221;21px&#8221; header_2_font_size_phone=&#8221;18px&#8221; header_2_font_size_last_edited=&#8221;on|phone&#8221; header_2_line_height_tablet=&#8221;31px&#8221; header_2_line_height_phone=&#8221;28px&#8221; header_2_line_height_last_edited=&#8221;on|desktop&#8221; global_colors_info=&#8221;{}&#8221;]<\/p>\n<h2><strong>ISOTEX<sup>\u00ae\u00a0 <\/sup><\/strong>&#8211; UGODNOST IN KAKOVOST<\/h2>\n<p data-start=\"32\" data-end=\"357\" class=\"\">ISOTEX\u00ae bloki se postavijo brez spojev iz cementa ali lepila, lahka te\u017ea in \u017eilavost bloka pa omogo\u010data izjemno hitro gradnjo. Z eno operacijo postavitve bloka re\u0161ite protiseizmi\u010dno konstrukcijo (opa\u017e za beton in armaturu), toplotno in zvo\u010dno izolacijo, ter pridobite varen ognjevaren objekt iz ekolo\u0161ki prijaznega materiala.<\/p>\n<p data-start=\"359\" data-end=\"615\" class=\"\">ISOTEX\u00ae bloki so zelo prakti\u010dni za izvedbo instalacij (vrezovanje kanalic, name\u0161\u010danje kablov itd\u2026), prav tako pa so ISOTEX\u00ae zidovi primerni za pritrditev polic, pohi\u0161tva, bojlerjev in kuhinjskih elementov zaradi mo\u010dne stene bloka, ki je primerna za vijake.<\/p>\n<p data-start=\"617\" data-end=\"787\" class=\"\">Po oblikovanju zidu iz ISOTEX\u00ae blokov je zid odporen na potrese, toplotno izoliran in zvo\u010dno izoliran brez nadaljnjih posegov in dodajanja dodatnih slojev na steno bloka.<\/p>\n<p data-start=\"789\" data-end=\"952\" class=\"\">Hitrost sestavljanja ISOTEX\u00ae blokov in odsotnost nadaljnjih operacij za izbolj\u0161anje lastnosti zidu privedeta do znatne prihranke \u010dasa, in s tem stro\u0161kov v gradnji.<\/p>\n<p data-start=\"954\" data-end=\"1369\" class=\"\">Iz vsega zgoraj navedenega je lahko sklep preprost, v ekonomski analizi, ki upo\u0161teva razli\u010dne faze in segmente gradnje, kot so: konstruktivna dela, izolacijska dela, kon\u010dne obdelave, drugi deli, \u010das gradnje objekta, potreben \u0161tevilk ljudi itd&#8230; ISOTEX\u00ae gradbeni sistem nedvomno daje najbolj\u0161i razmerje med ceno in kakovostjo v primerjavi z drugimi gradbenimi sistemi in materiali, ki se uporabljajo v gradbeni\u0161tvu<span style=\"font-size: 17px;\">.<\/span><\/p>\n<p>[\/et_pb_text][\/et_pb_column][\/et_pb_row][\/et_pb_section][et_pb_section fb_built=&#8221;1&#8243; _builder_version=&#8221;4.20.0&#8243; _module_preset=&#8221;default&#8221; custom_margin=&#8221;15px||||false|false&#8221; custom_padding=&#8221;15px||||false|false&#8221; border_width_bottom=&#8221;1px&#8221; border_color_bottom=&#8221;#d3d2d3&#8243; locked=&#8221;off&#8221; collapsed=&#8221;on&#8221; global_colors_info=&#8221;{}&#8221;][et_pb_row column_structure=&#8221;1_2,1_2&#8243; _builder_version=&#8221;4.20.0&#8243; _module_preset=&#8221;default&#8221; locked=&#8221;off&#8221; global_colors_info=&#8221;{}&#8221;][et_pb_column type=&#8221;1_2&#8243; _builder_version=&#8221;4.20.0&#8243; _module_preset=&#8221;default&#8221; global_colors_info=&#8221;{}&#8221;][et_pb_text _builder_version=&#8221;4.20.2&#8243; _module_preset=&#8221;default&#8221; text_font=&#8221;|300|||||||&#8221; text_line_height=&#8221;27px&#8221; header_line_height=&#8221;1.5em&#8221; header_2_font=&#8221;|||on|||||&#8221; header_2_text_color=&#8221;#00569c&#8221; header_2_font_size=&#8221;24px&#8221; header_2_line_height=&#8221;34px&#8221; header_2_font_size_tablet=&#8221;21px&#8221; header_2_font_size_phone=&#8221;18px&#8221; header_2_font_size_last_edited=&#8221;on|phone&#8221; header_2_line_height_tablet=&#8221;31px&#8221; header_2_line_height_phone=&#8221;28px&#8221; header_2_line_height_last_edited=&#8221;on|desktop&#8221; locked=&#8221;off&#8221; global_colors_info=&#8221;{}&#8221;]<\/p>\n<h2>POSTAVITEV BLOKOV BREZ SPOJEV ZMANJ\u0160UJE \u010cAS IN STRO\u0160KE GRADNJE<\/h2>\n<p data-start=\"64\" data-end=\"302\" class=\"\">Glede na to, da stro\u0161ki dela predstavljajo 50% stro\u0161kov gradnje objekta, je jasno, zakaj se izpla\u010da graditi z ISOTEX\u00ae-om, saj je ISOTEX\u00ae razvil svoj gradbeni sistem na na\u010din, da znatno zmanj\u0161a \u0161tevilo delavcev in delovne ure na gradbi\u0161\u010du.<\/p>\n<p data-start=\"304\" data-end=\"690\" class=\"\">ISOTEX\u00ae-ov adut v gradnji je, da se s preprostim in hitrim postopkom gradnje izpolnijo vsi evropski zahtevi in standardi v gradbeni\u0161tvu. Poleg tega, da ISOTEX\u00ae gradbeni sistem z bloki in medeta\u017enimi plo\u0161\u010dami popolnoma zadostuje: protiseizmi\u010dnim, protipo\u017earnim, ekolo\u0161kim predpisom in zagotavlja vse udobje bivanja v objektu, prav tako skraj\u0161a \u010das od za\u010detka gradnje objekta do vselitve.<\/p>\n<p data-start=\"692\" data-end=\"979\" class=\"\">Zaradi natan\u010dnosti sistema in jasnih pravil monta\u017ee ISOTEX\u00ae blokov in medeta\u017enih plo\u0161\u010d, je bistveno zmanj\u0161ana tudi mo\u017enost napak med gradnjo objekta, od konstrukcijske faze do faze in\u0161talacijskih del. Kot kon\u010dni rezultat dobite kakovosten objekt po ni\u017eji ceni kot pri standardni gradnji<span style=\"font-size: 17px;\">.<\/span><\/p>\n<p>[\/et_pb_text][\/et_pb_column][et_pb_column type=&#8221;1_2&#8243; _builder_version=&#8221;4.20.0&#8243; _module_preset=&#8221;default&#8221; global_colors_info=&#8221;{}&#8221;][et_pb_slider show_arrows=&#8221;off&#8221; show_pagination=&#8221;off&#8221; arrows_custom_color=&#8221;#303030&#8243; _builder_version=&#8221;4.20.2&#8243; _module_preset=&#8221;default&#8221; width=&#8221;100%&#8221; content_max_width=&#8221;552px&#8221; content_max_width_tablet=&#8221;552px&#8221; content_max_width_phone=&#8221;300px&#8221; content_max_width_last_edited=&#8221;on|phone&#8221; min_height=&#8221;428px&#8221; min_height_tablet=&#8221;428px&#8221; min_height_phone=&#8221;233px&#8221; min_height_last_edited=&#8221;on|tablet&#8221; height=&#8221;428px&#8221; height_tablet=&#8221;428px&#8221; height_phone=&#8221;233px&#8221; height_last_edited=&#8221;on|desktop&#8221; max_height=&#8221;100%&#8221; max_height_tablet=&#8221;428px&#8221; max_height_phone=&#8221;233px&#8221; max_height_last_edited=&#8221;on|tablet&#8221; custom_margin=&#8221;0px||||false|false&#8221; custom_padding=&#8221;0px||||false|false&#8221; animation_style=&#8221;slide&#8221; animation_direction=&#8221;right&#8221; animation_intensity_slide=&#8221;10%&#8221; auto=&#8221;on&#8221; auto_speed=&#8221;5000&#8243; auto_ignore_hover=&#8221;on&#8221; locked=&#8221;off&#8221; global_colors_info=&#8221;{}&#8221;][et_pb_slide _builder_version=&#8221;4.20.0&#8243; _module_preset=&#8221;default&#8221; background_enable_color=&#8221;off&#8221; background_image=&#8221;https:\/\/vitaproduct.com\/wp-content\/uploads\/2023\/02\/postavljanje-blokova-bez-spojnica-1.webp&#8221; background_enable_image=&#8221;on&#8221; background_size=&#8221;stretch&#8221; background_position=&#8221;top_center&#8221; custom_padding=&#8221;||||false|false&#8221; link_option_url_new_window=&#8221;on&#8221; locked=&#8221;off&#8221; global_colors_info=&#8221;{}&#8221; sticky_transition=&#8221;on&#8221;][\/et_pb_slide][et_pb_slide _builder_version=&#8221;4.20.0&#8243; _module_preset=&#8221;default&#8221; background_enable_color=&#8221;off&#8221; background_image=&#8221;https:\/\/vitaproduct.com\/wp-content\/uploads\/2023\/02\/postavljanje-blokova-bez-spojnica-2.webp&#8221; background_enable_image=&#8221;on&#8221; background_size=&#8221;stretch&#8221; background_position=&#8221;top_center&#8221; custom_padding=&#8221;||||false|false&#8221; link_option_url_new_window=&#8221;on&#8221; locked=&#8221;off&#8221; global_colors_info=&#8221;{}&#8221; sticky_transition=&#8221;on&#8221;][\/et_pb_slide][et_pb_slide _builder_version=&#8221;4.20.0&#8243; _module_preset=&#8221;default&#8221; background_enable_color=&#8221;off&#8221; background_image=&#8221;https:\/\/vitaproduct.com\/wp-content\/uploads\/2023\/02\/postavljanje-blokova-bez-spojnica-3.webp&#8221; background_enable_image=&#8221;on&#8221; background_size=&#8221;stretch&#8221; background_position=&#8221;top_center&#8221; custom_padding=&#8221;||||false|false&#8221; link_option_url_new_window=&#8221;on&#8221; locked=&#8221;off&#8221; global_colors_info=&#8221;{}&#8221; sticky_transition=&#8221;on&#8221;][\/et_pb_slide][\/et_pb_slider][\/et_pb_column][\/et_pb_row][et_pb_row column_structure=&#8221;1_2,1_4,1_4&#8243; _builder_version=&#8221;4.20.0&#8243; _module_preset=&#8221;default&#8221; custom_margin=&#8221;0px||0px||false|false&#8221; custom_margin_tablet=&#8221;0px||0px||false|false&#8221; custom_margin_phone=&#8221;0px||0px||false|false&#8221; custom_margin_last_edited=&#8221;on|phone&#8221; custom_padding=&#8221;0px||0px||false|false&#8221; locked=&#8221;off&#8221; global_colors_info=&#8221;{}&#8221;][et_pb_column type=&#8221;1_2&#8243; _builder_version=&#8221;4.20.0&#8243; _module_preset=&#8221;default&#8221; global_colors_info=&#8221;{}&#8221;][\/et_pb_column][et_pb_column type=&#8221;1_4&#8243; _builder_version=&#8221;4.20.0&#8243; _module_preset=&#8221;default&#8221; global_colors_info=&#8221;{}&#8221;][et_pb_button button_url=&#8221;\/sl\/lako-i-brzo-postavljanje\/&#8221; button_text=&#8221;hitrost postavljanja&#8221; button_alignment=&#8221;center&#8221; _builder_version=&#8221;4.27.0&#8243; _module_preset=&#8221;default&#8221; custom_button=&#8221;on&#8221; button_text_size=&#8221;16px&#8221; button_text_color=&#8221;#FFFFFF&#8221; button_bg_color=&#8221;#00569c&#8221; button_border_width=&#8221;0px&#8221; button_font=&#8221;|700|||||||&#8221; custom_margin=&#8221;||||false|false&#8221; custom_margin_tablet=&#8221;-20px||||false|false&#8221; custom_margin_phone=&#8221;0px||||false|false&#8221; custom_margin_last_edited=&#8221;off|desktop&#8221; custom_padding=&#8221;||||false|false&#8221; hover_enabled=&#8221;0&#8243; locked=&#8221;off&#8221; global_colors_info=&#8221;{}&#8221; button_bg_color__hover_enabled=&#8221;on|desktop&#8221; button_bg_color__hover=&#8221;#f4672d&#8221; button_bg_enable_color__hover=&#8221;on&#8221; sticky_enabled=&#8221;0&#8243;][\/et_pb_button][\/et_pb_column][et_pb_column type=&#8221;1_4&#8243; _builder_version=&#8221;4.20.0&#8243; _module_preset=&#8221;default&#8221; global_colors_info=&#8221;{}&#8221;][et_pb_button button_url=&#8221;\/sl\/reference\/&#8221; button_text=&#8221;na\u0161e reference&#8221; button_alignment=&#8221;center&#8221; _builder_version=&#8221;4.27.0&#8243; _module_preset=&#8221;default&#8221; custom_button=&#8221;on&#8221; button_text_size=&#8221;16px&#8221; button_text_color=&#8221;#FFFFFF&#8221; button_bg_color=&#8221;#00569c&#8221; button_border_width=&#8221;0px&#8221; button_font=&#8221;|700|||||||&#8221; custom_margin=&#8221;||||false|false&#8221; custom_margin_tablet=&#8221;-100px||||false|false&#8221; custom_margin_phone=&#8221;-100px||||false|false&#8221; custom_margin_last_edited=&#8221;off|desktop&#8221; custom_padding=&#8221;||||false|false&#8221; hover_enabled=&#8221;0&#8243; locked=&#8221;off&#8221; global_colors_info=&#8221;{}&#8221; button_bg_color__hover_enabled=&#8221;on|desktop&#8221; button_bg_color__hover=&#8221;#f4672d&#8221; button_bg_enable_color__hover=&#8221;on&#8221; sticky_enabled=&#8221;0&#8243;][\/et_pb_button][\/et_pb_column][\/et_pb_row][\/et_pb_section][et_pb_section fb_built=&#8221;1&#8243; _builder_version=&#8221;4.20.2&#8243; _module_preset=&#8221;default&#8221; custom_margin=&#8221;15px||||false|false&#8221; custom_padding=&#8221;15px||||false|false&#8221; border_width_bottom=&#8221;1px&#8221; border_color_bottom=&#8221;#d3d2d3&#8243; locked=&#8221;off&#8221; collapsed=&#8221;on&#8221; global_colors_info=&#8221;{}&#8221;][et_pb_row use_custom_gutter=&#8221;on&#8221; gutter_width=&#8221;2&#8243; _builder_version=&#8221;4.20.0&#8243; _module_preset=&#8221;default&#8221; custom_margin=&#8221;||||false|false&#8221; custom_padding=&#8221;0px|0px|20px|0px|false|false&#8221; global_colors_info=&#8221;{}&#8221;][et_pb_column type=&#8221;4_4&#8243; _builder_version=&#8221;4.19.4&#8243; _module_preset=&#8221;default&#8221; global_colors_info=&#8221;{}&#8221;][et_pb_text _builder_version=&#8221;4.20.2&#8243; _module_preset=&#8221;default&#8221; text_text_color=&#8221;#00569c&#8221; header_font=&#8221;|700|||||||&#8221; header_text_color=&#8221;#00569c&#8221; header_font_size=&#8221;63px&#8221; header_line_height=&#8221;1.2em&#8221; header_2_font=&#8221;|600|||||||&#8221; header_2_text_color=&#8221;#00569c&#8221; header_2_font_size=&#8221;40px&#8221; header_2_line_height=&#8221;50px&#8221; text_orientation=&#8221;center&#8221; custom_margin=&#8221;||0px||false|false&#8221; custom_padding=&#8221;||0px||false|false&#8221; header_font_size_tablet=&#8221;50px&#8221; header_font_size_phone=&#8221;28px&#8221; header_font_size_last_edited=&#8221;on|phone&#8221; header_2_font_size_tablet=&#8221;34px&#8221; header_2_font_size_phone=&#8221;24px&#8221; header_2_font_size_last_edited=&#8221;on|desktop&#8221; header_2_line_height_tablet=&#8221;44px&#8221; header_2_line_height_phone=&#8221;34px&#8221; header_2_line_height_last_edited=&#8221;on|desktop&#8221; locked=&#8221;off&#8221; global_colors_info=&#8221;{}&#8221;]<\/p>\n<h2>Oglejte si nekatere na\u0161e referen\u010dne objekte, ki so bili zgrajeni z materiali ISOTEX\u00ae.<\/h2>\n<p>[\/et_pb_text][\/et_pb_column][\/et_pb_row][et_pb_row column_structure=&#8221;1_3,1_3,1_3&#8243; use_custom_gutter=&#8221;on&#8221; gutter_width=&#8221;2&#8243; _builder_version=&#8221;4.20.0&#8243; _module_preset=&#8221;default&#8221; custom_margin=&#8221;||||false|false&#8221; custom_padding=&#8221;20px||10px||false|false&#8221; animation_style=&#8221;slide&#8221; animation_direction=&#8221;right&#8221; animation_intensity_slide=&#8221;10%&#8221; locked=&#8221;off&#8221; global_colors_info=&#8221;{}&#8221;][et_pb_column type=&#8221;1_3&#8243; _builder_version=&#8221;4.20.0&#8243; _module_preset=&#8221;default&#8221; hover_enabled=&#8221;0&#8243; global_colors_info=&#8221;{}&#8221; sticky_enabled=&#8221;0&#8243;][et_pb_code _builder_version=&#8221;4.27.0&#8243; _module_preset=&#8221;default&#8221; custom_padding=&#8221;||||false|false&#8221; link_option_url=&#8221;\/sl\/snjezna-dolina-33-000m2-jahorina-bih\/&#8221; hover_enabled=&#8221;0&#8243; locked=&#8221;off&#8221; global_colors_info=&#8221;{}&#8221; sticky_enabled=&#8221;0&#8243;]<picture><source srcset=\"https:\/\/vitaproduct.com\/wp-content\/uploads\/2023\/02\/Jahorina-snjezna-dolina-30000m2-bih-featured-image.webp\" type=\"image\/webp\"><source srcset=\"https:\/\/vitaproduct.com\/wp-content\/uploads\/2023\/02\/Jahorina-snjezna-dolina-30000m2-bih-featured-image.jpg\" type=\"image\/jpeg\"><img decoding=\"async\" src=\"https:\/\/vitaproduct.com\/wp-content\/uploads\/2023\/02\/Jahorina-snjezna-dolina-30000m2-bih-featured-image.jpg\" alt=\"Jahorina \u2013 Snje\u017ena dolina 33.000m2 (BiH)\" title=\"Jahorina \u2013 Snje\u017ena dolina 33.000m2 (BiH)\" loading=\"lazy\" width=\"650\" height=\"451\"><\/picture>[\/et_pb_code][et_pb_text _builder_version=&#8221;4.27.0&#8243; _module_preset=&#8221;default&#8221; text_font=&#8221;|300|||||||&#8221; text_text_color=&#8221;#00569c&#8221; text_font_size=&#8221;18px&#8221; text_orientation=&#8221;center&#8221; custom_margin=&#8221;0px||||false|false&#8221; custom_padding=&#8221;0px|10px||10px|false|false&#8221; link_option_url=&#8221;\/sl\/snjezna-dolina-33-000m2-jahorina-bih\/&#8221; hover_enabled=&#8221;0&#8243; text_font_size_tablet=&#8221;18px&#8221; text_font_size_phone=&#8221;17px&#8221; text_font_size_last_edited=&#8221;on|tablet&#8221; locked=&#8221;off&#8221; global_colors_info=&#8221;{}&#8221; text_text_color__hover_enabled=&#8221;on|hover&#8221; text_text_color__hover=&#8221;#f26430&#8243; sticky_enabled=&#8221;0&#8243;]Sne\u017ena dolina &#8211; 33.000 m\u00b2 &#8211; Jahorina, (BiH)<br \/>\n[\/et_pb_text][\/et_pb_column][et_pb_column type=&#8221;1_3&#8243; _builder_version=&#8221;4.20.0&#8243; _module_preset=&#8221;default&#8221; global_colors_info=&#8221;{}&#8221;][et_pb_code _builder_version=&#8221;4.27.0&#8243; _module_preset=&#8221;default&#8221; link_option_url=&#8221;\/sl\/privatna-kuca-bukvalek-265m2-banja-luka-bih\/&#8221; hover_enabled=&#8221;0&#8243; global_colors_info=&#8221;{}&#8221; sticky_enabled=&#8221;0&#8243;]<picture><source srcset=\"https:\/\/vitaproduct.com\/wp-content\/uploads\/2023\/02\/privatna-kuca-bukvalek\u2013banja-luka-265m2-bih-featured-image.webp\" type=\"image\/webp\"><source srcset=\"https:\/\/vitaproduct.com\/wp-content\/uploads\/2023\/02\/privatna-kuca-bukvalek\u2013banja-luka-265m2-bih-featured-image.jpg\" type=\"image\/jpeg\"><img decoding=\"async\" src=\"https:\/\/vitaproduct.com\/wp-content\/uploads\/2023\/02\/privatna-kuca-bukvalek\u2013banja-luka-265m2-bih-featured-image.jpg\" alt=\"Privatna ku\u0107a Bukvalek \u2013 Banja Luka 265m2 (BiH)\" title=\"Privatna ku\u0107a Bukvalek \u2013 Banja Luka 265m2 (BiH)\" loading=\"lazy\" width=\"650\" height=\"451\"><\/picture>[\/et_pb_code][et_pb_text _builder_version=&#8221;4.27.0&#8243; _module_preset=&#8221;default&#8221; text_font=&#8221;|300|||||||&#8221; text_text_color=&#8221;#00569c&#8221; text_font_size=&#8221;18px&#8221; text_orientation=&#8221;center&#8221; custom_margin=&#8221;0px||||false|false&#8221; custom_padding=&#8221;0px|10px||10px|false|false&#8221; link_option_url=&#8221;\/sl\/privatna-kuca-bukvalek-265m2-banja-luka-bih\/&#8221; hover_enabled=&#8221;0&#8243; text_font_size_tablet=&#8221;18px&#8221; text_font_size_phone=&#8221;17px&#8221; text_font_size_last_edited=&#8221;on|tablet&#8221; locked=&#8221;off&#8221; global_colors_info=&#8221;{}&#8221; text_text_color__hover_enabled=&#8221;on|hover&#8221; text_text_color__hover=&#8221;#f26430&#8243; sticky_enabled=&#8221;0&#8243;]<\/p>\n<p>Privatna hi\u0161a, vas Bukvalek &#8211; 265 m\u00b2 &#8211; Banja Luka, (BiH)<\/p>\n<p>[\/et_pb_text][\/et_pb_column][et_pb_column type=&#8221;1_3&#8243; _builder_version=&#8221;4.20.0&#8243; _module_preset=&#8221;default&#8221; global_colors_info=&#8221;{}&#8221;][et_pb_code _builder_version=&#8221;4.27.0&#8243; _module_preset=&#8221;default&#8221; link_option_url=&#8221;\/sl\/privatni-kuca-krcmarice-138-m2-banja-luka-bih\/&#8221; hover_enabled=&#8221;0&#8243; global_colors_info=&#8221;{}&#8221; sticky_enabled=&#8221;0&#8243;]<picture><source srcset=\"https:\/\/vitaproduct.com\/wp-content\/uploads\/2023\/02\/privatna-kuca-krcmarice\u2013banja-luka-138-m2-bih-featured-image.webp\" type=\"image\/webp\"><source srcset=\"https:\/\/vitaproduct.com\/wp-content\/uploads\/2023\/02\/privatna-kuca-krcmarice\u2013banja-luka-138-m2-bih-featured-image.jpg\" type=\"image\/jpeg\"><img decoding=\"async\" src=\"https:\/\/vitaproduct.com\/wp-content\/uploads\/2023\/02\/privatna-kuca-krcmarice\u2013banja-luka-138-m2-bih-featured-image.jpg\" alt=\"Privatni ku\u0107a Kr\u010dmarice \u2013 Banja Luka 138 m2 (BiH)\" title=\"Privatni ku\u0107a Kr\u010dmarice \u2013 Banja Luka 138 m2 (BiH)\" loading=\"lazy\" width=\"650\" height=\"451\"><\/picture>[\/et_pb_code][et_pb_text _builder_version=&#8221;4.27.0&#8243; _module_preset=&#8221;default&#8221; text_font=&#8221;|300|||||||&#8221; text_text_color=&#8221;#00569c&#8221; text_font_size=&#8221;18px&#8221; text_orientation=&#8221;center&#8221; custom_margin=&#8221;0px||||false|false&#8221; custom_padding=&#8221;0px|10px||10px|false|false&#8221; link_option_url=&#8221;\/sl\/privatni-kuca-krcmarice-138-m2-banja-luka-bih\/&#8221; hover_enabled=&#8221;0&#8243; text_font_size_tablet=&#8221;18px&#8221; text_font_size_phone=&#8221;17px&#8221; text_font_size_last_edited=&#8221;on|tablet&#8221; locked=&#8221;off&#8221; global_colors_info=&#8221;{}&#8221; text_text_color__hover_enabled=&#8221;on|hover&#8221; text_text_color__hover=&#8221;#f26430&#8243; sticky_enabled=&#8221;0&#8243;]<\/p>\n<p>Privatna hi\u0161a, na Kr\u010dmaricah &#8211; 138 m\u00b2 &#8211; Banja Luka, (BiH)<\/p>\n<p>[\/et_pb_text][\/et_pb_column][\/et_pb_row][\/et_pb_section]<\/p>\n","protected":false},"excerpt":{"rendered":"<p>ISOTEX lesno-cementni bloki nedvomno zagotavljajo najbolj\u0161i razmerje med ceno in kakovostjo v primerjavi z drugimi inovativnimi metodami gradnje. ISOTEX omogo\u010da izjemno hitro gradnjo.<\/p>\n","protected":false},"author":1,"featured_media":251193,"parent":0,"menu_order":0,"comment_status":"closed","ping_status":"closed","template":"","meta":{"_et_pb_use_builder":"on","_et_pb_old_content":"","_et_gb_content_width":"","footnotes":""},"class_list":["post-253124","page","type-page","status-publish","has-post-thumbnail","hentry"],"_links":{"self":[{"href":"https:\/\/vitaproduct.com\/sl\/wp-json\/wp\/v2\/pages\/253124","targetHints":{"allow":["GET"]}}],"collection":[{"href":"https:\/\/vitaproduct.com\/sl\/wp-json\/wp\/v2\/pages"}],"about":[{"href":"https:\/\/vitaproduct.com\/sl\/wp-json\/wp\/v2\/types\/page"}],"author":[{"embeddable":true,"href":"https:\/\/vitaproduct.com\/sl\/wp-json\/wp\/v2\/users\/1"}],"replies":[{"embeddable":true,"href":"https:\/\/vitaproduct.com\/sl\/wp-json\/wp\/v2\/comments?post=253124"}],"version-history":[{"count":2,"href":"https:\/\/vitaproduct.com\/sl\/wp-json\/wp\/v2\/pages\/253124\/revisions"}],"predecessor-version":[{"id":253852,"href":"https:\/\/vitaproduct.com\/sl\/wp-json\/wp\/v2\/pages\/253124\/revisions\/253852"}],"wp:featuredmedia":[{"embeddable":true,"href":"https:\/\/vitaproduct.com\/sl\/wp-json\/wp\/v2\/media\/251193"}],"wp:attachment":[{"href":"https:\/\/vitaproduct.com\/sl\/wp-json\/wp\/v2\/media?parent=253124"}],"curies":[{"name":"wp","href":"https:\/\/api.w.org\/{rel}","templated":true}]}}